{"id":2140,"date":"2024-06-26T08:21:25","date_gmt":"2024-06-26T08:21:25","guid":{"rendered":"https:\/\/edyceramic-shop.ro\/product\/fdesign-lacrima-set-de-dus-perete-da-fd1-lra-7set1-66\/"},"modified":"2025-08-01T13:31:22","modified_gmt":"2025-08-01T11:31:22","slug":"fdesign-lacrima-set-de-dus-perete-da-fd1-lra-7set1-66","status":"publish","type":"product","link":"https:\/\/edyceramic-shop.ro\/en\/product\/fdesign-lacrima-set-de-dus-perete-da-fd1-lra-7set1-66\/","title":{"rendered":"FDesign Lacrima set de du\u0219 perete da FD1-LRA-7SET1-66"},"content":{"rendered":"<p>Ordine, armonie, elegan\u021b\u0103 &#8211; a\u0219a putem descrie o variant\u0103 a stilului clasic, stilul englezesc foarte confortabil \u0219i, \u00een acela\u0219i timp, rafinat. \u00centr-o baie decorat\u0103 \u00een acest spirit, o cad\u0103 de baie decorativ\u0103 cu un mixer \u00eenalt \u0219i independent este o necesitate. Pentru a face baie \u00een ploaie, v\u0103 recomand\u0103m s\u0103 ad\u0103uga\u021bi setul de du\u0219 func\u021bional LACRIMA, format dintr-un mixer aparent cu cadrane decorative pentru ap\u0103 rece \u0219i cald\u0103, un du\u0219 cu ploaie \u0219i un du\u0219 manual reglabil. Linia de design \u0219ic, detaliile din por\u021belan \u0219i finisajul original din bronz vechi reprezint\u0103 o propunere pentru iubitorii culorii aurului vechi \u0219i a interioarelor exclusiviste cu un iz subtil de vremuri trecute.<\/p>\n<p>&#8211; set de du\u0219 montat pe perete<br \/>\n&#8211; regulator din ceramic\u0103<br \/>\n&#8211; lungimea furtunului de du\u0219&#8221; 150 cm<br \/>\n&#8211; materialul furtunului de du\u0219: furtun \u00eempletitur\u0103 metalic\u0103<br \/>\n&#8211; \u00een set: mixer, bar\u0103 de du\u0219, furtun de du\u0219, du\u0219 de ploaie<br \/>\n&#8211; \u00eentrerup\u0103tor ceramic<br \/>\n&#8211; materialul corpului: alam\u0103<br \/>\n&#8211; materialul du\u0219ului de m\u00e2n\u0103: alam\u0103<br \/>\n&#8211; culoare: bronz vechi<\/p>","protected":false},"excerpt":{"rendered":"<p>Ordine, armonie, elegan\u021b\u0103 &#8211; a\u0219a putem descrie o variant\u0103 a stilului clasic, stilul englezesc foarte confortabil \u0219i, \u00een acela\u0219i timp,<\/p>","protected":false},"featured_media":2142,"template":"","meta":[],"product_brand":[],"product_cat":[3502,359,360,334],"product_tag":[],"class_list":{"0":"post-2140","1":"product","2":"type-product","3":"status-publish","4":"has-post-thumbnail","6":"product_cat-baterii-fdesign","7":"product_cat-sisteme-de-dus","8":"product_cat-coloane-de-dus","9":"product_cat-sanitare","10":"pa_baterie-termostata-da","11":"pa_colectie-lacrima","12":"pa_culoare-crom","13":"pa_fabrica-fdesign","14":"pa_lungime-furtun-dus-150cm","15":"pa_material-alama","16":"pa_montaj-pe-perete","18":"first","19":"instock","20":"purchasable","21":"product-type-simple"},"yoast_head":"<!-- This site is optimized with the Yoast SEO Premium plugin v21.6 (Yoast SEO v22.1) - https:\/\/yoast.com\/wordpress\/plugins\/seo\/ -->\n<title>FDesign Lacrima set de du\u0219 perete da FD1-LRA-7SET1-66 - Edyceramic - magazin online<\/title>\n<meta name=\"robots\" content=\"index, follow, max-snippet:-1, max-image-preview:large, max-video-preview:-1\" \/>\n<link rel=\"canonical\" href=\"https:\/\/edyceramic-shop.ro\/en\/product\/fdesign-lacrima-set-de-dus-perete-da-fd1-lra-7set1-66\/\" \/>\n<meta property=\"og:locale\" content=\"en_US\" \/>\n<meta property=\"og:type\" content=\"article\" \/>\n<meta property=\"og:title\" content=\"FDesign Lacrima set de du\u0219 perete da FD1-LRA-7SET1-66\" \/>\n<meta property=\"og:description\" content=\"Ordine, armonie, elegan\u021b\u0103 &#8211; a\u0219a putem descrie o variant\u0103 a stilului clasic, stilul englezesc foarte confortabil \u0219i, \u00een acela\u0219i timp,\" \/>\n<meta property=\"og:url\" content=\"https:\/\/edyceramic-shop.ro\/en\/product\/fdesign-lacrima-set-de-dus-perete-da-fd1-lra-7set1-66\/\" \/>\n<meta property=\"og:site_name\" content=\"Edyceramic - magazin online\" \/>\n<meta property=\"article:modified_time\" content=\"2025-08-01T11:31:22+00:00\" \/>\n<meta property=\"og:image\" content=\"https:\/\/edyceramic-shop.ro\/wp-content\/uploads\/2024\/06\/596862_fd1-lra-7set1-661.webp\" \/>\n\t<meta property=\"og:image:width\" content=\"548\" \/>\n\t<meta property=\"og:image:height\" content=\"548\" \/>\n\t<meta property=\"og:image:type\" content=\"image\/webp\" \/>\n<meta name=\"twitter:card\" content=\"summary_large_image\" \/>\n<meta name=\"twitter:label1\" content=\"Price\" \/>\n\t<meta name=\"twitter:data1\" content=\"3.203,00&nbsp;lei\" \/>\n\t<meta name=\"twitter:label2\" content=\"Availability\" \/>\n\t<meta name=\"twitter:data2\" content=\"In stock\" \/>\n<script type=\"application\/ld+json\" class=\"yoast-schema-graph\">{\"@context\":\"https:\/\/schema.org\",\"@graph\":[{\"@type\":\"WebPage\",\"@id\":\"https:\/\/edyceramic-shop.ro\/produs\/fdesign-lacrima-set-de-dus-perete-da-fd1-lra-7set1-66\/\",\"url\":\"https:\/\/edyceramic-shop.ro\/produs\/fdesign-lacrima-set-de-dus-perete-da-fd1-lra-7set1-66\/\",\"name\":\"FDesign Lacrima set de du\u0219 perete da FD1-LRA-7SET1-66 - Edyceramic - magazin online\",\"isPartOf\":{\"@id\":\"https:\/\/edyceramic-shop.ro\/ro\/#website\"},\"datePublished\":\"2024-06-26T08:21:25+00:00\",\"dateModified\":\"2025-08-01T11:31:22+00:00\",\"breadcrumb\":{\"@id\":\"https:\/\/edyceramic-shop.ro\/produs\/fdesign-lacrima-set-de-dus-perete-da-fd1-lra-7set1-66\/#breadcrumb\"},\"inLanguage\":\"en-US\",\"potentialAction\":[{\"@type\":\"ReadAction\",\"target\":[\"https:\/\/edyceramic-shop.ro\/produs\/fdesign-lacrima-set-de-dus-perete-da-fd1-lra-7set1-66\/\"]}]},{\"@type\":\"BreadcrumbList\",\"@id\":\"https:\/\/edyceramic-shop.ro\/produs\/fdesign-lacrima-set-de-dus-perete-da-fd1-lra-7set1-66\/#breadcrumb\",\"itemListElement\":[{\"@type\":\"ListItem\",\"position\":1,\"name\":\"Home\",\"item\":\"https:\/\/edyceramic-shop.ro\/\"},{\"@type\":\"ListItem\",\"position\":2,\"name\":\"Shop\",\"item\":\"https:\/\/edyceramic-shop.ro\/ro\/shop\/\"},{\"@type\":\"ListItem\",\"position\":3,\"name\":\"FDesign Lacrima set de du\u0219 perete da FD1-LRA-7SET1-66\"}]},{\"@type\":\"WebSite\",\"@id\":\"https:\/\/edyceramic-shop.ro\/ro\/#website\",\"url\":\"https:\/\/edyceramic-shop.ro\/ro\/\",\"name\":\"edyceramic.ro\",\"description\":\"\",\"publisher\":{\"@id\":\"https:\/\/edyceramic-shop.ro\/ro\/#organization\"},\"potentialAction\":[{\"@type\":\"SearchAction\",\"target\":{\"@type\":\"EntryPoint\",\"urlTemplate\":\"https:\/\/edyceramic-shop.ro\/ro\/?s={search_term_string}\"},\"query-input\":\"required name=search_term_string\"}],\"inLanguage\":\"en-US\"},{\"@type\":\"Organization\",\"@id\":\"https:\/\/edyceramic-shop.ro\/ro\/#organization\",\"name\":\"Edyceramic\",\"url\":\"https:\/\/edyceramic-shop.ro\/ro\/\",\"logo\":{\"@type\":\"ImageObject\",\"inLanguage\":\"en-US\",\"@id\":\"https:\/\/edyceramic-shop.ro\/ro\/#\/schema\/logo\/image\/\",\"url\":\"https:\/\/edyceramic-shop.ro\/wp-content\/uploads\/2024\/02\/Logo-EdyCeramic_2021-lung.png\",\"contentUrl\":\"https:\/\/edyceramic-shop.ro\/wp-content\/uploads\/2024\/02\/Logo-EdyCeramic_2021-lung.png\",\"width\":4491,\"height\":769,\"caption\":\"Edyceramic\"},\"image\":{\"@id\":\"https:\/\/edyceramic-shop.ro\/ro\/#\/schema\/logo\/image\/\"}}]}<\/script>\n<meta property=\"product:price:amount\" content=\"3203.00\" \/>\n<meta property=\"product:price:currency\" content=\"RON\" \/>\n<meta property=\"og:availability\" content=\"instock\" \/>\n<meta property=\"product:availability\" content=\"instock\" \/>\n<meta property=\"product:retailer_item_id\" content=\"5ad5f875997e\" \/>\n<meta property=\"product:condition\" content=\"new\" \/>\n<!-- \/ Yoast SEO Premium plugin. -->","yoast_head_json":{"title":"FDesign Lacrima set de du\u0219 perete da FD1-LRA-7SET1-66 - Edyceramic - magazin online","robots":{"index":"index","follow":"follow","max-snippet":"max-snippet:-1","max-image-preview":"max-image-preview:large","max-video-preview":"max-video-preview:-1"},"canonical":"https:\/\/edyceramic-shop.ro\/en\/product\/fdesign-lacrima-set-de-dus-perete-da-fd1-lra-7set1-66\/","og_locale":"en_US","og_type":"article","og_title":"FDesign Lacrima set de du\u0219 perete da FD1-LRA-7SET1-66","og_description":"Ordine, armonie, elegan\u021b\u0103 &#8211; a\u0219a putem descrie o variant\u0103 a stilului clasic, stilul englezesc foarte confortabil \u0219i, \u00een acela\u0219i timp,","og_url":"https:\/\/edyceramic-shop.ro\/en\/product\/fdesign-lacrima-set-de-dus-perete-da-fd1-lra-7set1-66\/","og_site_name":"Edyceramic - magazin online","article_modified_time":"2025-08-01T11:31:22+00:00","og_image":[{"width":548,"height":548,"url":"https:\/\/edyceramic-shop.ro\/wp-content\/uploads\/2024\/06\/596862_fd1-lra-7set1-661.webp","type":"image\/webp"}],"twitter_card":"summary_large_image","twitter_misc":{"Price":"3.203,00&nbsp;lei","Availability":"In stock"},"schema":{"@context":"https:\/\/schema.org","@graph":[{"@type":"WebPage","@id":"https:\/\/edyceramic-shop.ro\/produs\/fdesign-lacrima-set-de-dus-perete-da-fd1-lra-7set1-66\/","url":"https:\/\/edyceramic-shop.ro\/produs\/fdesign-lacrima-set-de-dus-perete-da-fd1-lra-7set1-66\/","name":"FDesign Lacrima set de du\u0219 perete da FD1-LRA-7SET1-66 - Edyceramic - magazin online","isPartOf":{"@id":"https:\/\/edyceramic-shop.ro\/ro\/#website"},"datePublished":"2024-06-26T08:21:25+00:00","dateModified":"2025-08-01T11:31:22+00:00","breadcrumb":{"@id":"https:\/\/edyceramic-shop.ro\/produs\/fdesign-lacrima-set-de-dus-perete-da-fd1-lra-7set1-66\/#breadcrumb"},"inLanguage":"en-US","potentialAction":[{"@type":"ReadAction","target":["https:\/\/edyceramic-shop.ro\/produs\/fdesign-lacrima-set-de-dus-perete-da-fd1-lra-7set1-66\/"]}]},{"@type":"BreadcrumbList","@id":"https:\/\/edyceramic-shop.ro\/produs\/fdesign-lacrima-set-de-dus-perete-da-fd1-lra-7set1-66\/#breadcrumb","itemListElement":[{"@type":"ListItem","position":1,"name":"Home","item":"https:\/\/edyceramic-shop.ro\/"},{"@type":"ListItem","position":2,"name":"Shop","item":"https:\/\/edyceramic-shop.ro\/ro\/shop\/"},{"@type":"ListItem","position":3,"name":"FDesign Lacrima set de du\u0219 perete da FD1-LRA-7SET1-66"}]},{"@type":"WebSite","@id":"https:\/\/edyceramic-shop.ro\/ro\/#website","url":"https:\/\/edyceramic-shop.ro\/ro\/","name":"edyceramic.ro","description":"","publisher":{"@id":"https:\/\/edyceramic-shop.ro\/ro\/#organization"},"potentialAction":[{"@type":"SearchAction","target":{"@type":"EntryPoint","urlTemplate":"https:\/\/edyceramic-shop.ro\/ro\/?s={search_term_string}"},"query-input":"required name=search_term_string"}],"inLanguage":"en-US"},{"@type":"Organization","@id":"https:\/\/edyceramic-shop.ro\/ro\/#organization","name":"Edyceramic","url":"https:\/\/edyceramic-shop.ro\/ro\/","logo":{"@type":"ImageObject","inLanguage":"en-US","@id":"https:\/\/edyceramic-shop.ro\/ro\/#\/schema\/logo\/image\/","url":"https:\/\/edyceramic-shop.ro\/wp-content\/uploads\/2024\/02\/Logo-EdyCeramic_2021-lung.png","contentUrl":"https:\/\/edyceramic-shop.ro\/wp-content\/uploads\/2024\/02\/Logo-EdyCeramic_2021-lung.png","width":4491,"height":769,"caption":"Edyceramic"},"image":{"@id":"https:\/\/edyceramic-shop.ro\/ro\/#\/schema\/logo\/image\/"}}]},"product_price_amount":"3203.00","product_price_currency":"RON","og_availability":"instock","product_availability":"instock","product_retailer_item_id":"5ad5f875997e","product_condition":"new"},"jetpack_sharing_enabled":true,"_links":{"self":[{"href":"https:\/\/edyceramic-shop.ro\/en\/wp-json\/wp\/v2\/product\/2140","targetHints":{"allow":["GET"]}}],"collection":[{"href":"https:\/\/edyceramic-shop.ro\/en\/wp-json\/wp\/v2\/product"}],"about":[{"href":"https:\/\/edyceramic-shop.ro\/en\/wp-json\/wp\/v2\/types\/product"}],"version-history":[{"count":0,"href":"https:\/\/edyceramic-shop.ro\/en\/wp-json\/wp\/v2\/product\/2140\/revisions"}],"wp:featuredmedia":[{"embeddable":true,"href":"https:\/\/edyceramic-shop.ro\/en\/wp-json\/wp\/v2\/media\/2142"}],"wp:attachment":[{"href":"https:\/\/edyceramic-shop.ro\/en\/wp-json\/wp\/v2\/media?parent=2140"}],"wp:term":[{"taxonomy":"product_brand","embeddable":true,"href":"https:\/\/edyceramic-shop.ro\/en\/wp-json\/wp\/v2\/product_brand?post=2140"},{"taxonomy":"product_cat","embeddable":true,"href":"https:\/\/edyceramic-shop.ro\/en\/wp-json\/wp\/v2\/product_cat?post=2140"},{"taxonomy":"product_tag","embeddable":true,"href":"https:\/\/edyceramic-shop.ro\/en\/wp-json\/wp\/v2\/product_tag?post=2140"}],"curies":[{"name":"wp","href":"https:\/\/api.w.org\/{rel}","templated":true}]}}