{"id":21369,"date":"2024-09-23T13:10:04","date_gmt":"2024-09-23T13:10:04","guid":{"rendered":"https:\/\/edyceramic-shop.ro\/product\/cada-freestanding-karag-danae-negru-150x75cm-5206836657189\/"},"modified":"2025-08-01T13:36:15","modified_gmt":"2025-08-01T11:36:15","slug":"cada-freestanding-karag-danae-negru-150x75cm-5206836657189","status":"publish","type":"product","link":"https:\/\/edyceramic-shop.ro\/en\/product\/cada-freestanding-karag-danae-negru-150x75cm-5206836657189\/","title":{"rendered":"CAD\u0102 FREESTANDING KARAG  DANAE NEGRU 150x75cm 5206836657189"},"content":{"rendered":"<p>C\u0103zile de baie de la Karag sunt cunoscute pentru designul modern, materialele de \u00eenalt\u0103 calitate \u0219i func\u021bionalitatea excep\u021bional\u0103. Realizate cu precizie, aceste c\u0103zi ofer\u0103 un amestec perfect de stil \u0219i confort, devenind punctul central al oric\u0103rei b\u0103i. Disponibile \u00eentr-o gam\u0103 variat\u0103 de dimensiuni, forme \u0219i finisaje, ele se potrivesc preferin\u021belor estetice diverse, fie c\u0103 dore\u0219ti un design minimalist sau o atmosfer\u0103 mai luxoas\u0103. C\u0103zile de baie Karag sunt proiectate pentru a oferi o experien\u021b\u0103 optim\u0103 de baie, av\u00e2nd suprafe\u021be durabile, u\u0219or de cur\u0103\u021bat \u0219i \u00eentre\u021binut, asigur\u00e2nd \u00een acela\u0219i timp confort prin designuri ergonomice. Ideale pentru crearea unei atmosfere relaxante, asem\u0103n\u0103toare cu un spa, chiar la tine acas\u0103.<\/p>","protected":false},"excerpt":{"rendered":"<p>C\u0103zile de baie de la Karag sunt cunoscute pentru designul modern, materialele de \u00eenalt\u0103 calitate \u0219i func\u021bionalitatea excep\u021bional\u0103. Realizate cu<\/p>","protected":false},"featured_media":21371,"template":"","meta":[],"product_brand":[],"product_cat":[342,341,334],"product_tag":[],"class_list":{"0":"post-21369","1":"product","2":"type-product","3":"status-publish","4":"has-post-thumbnail","6":"product_cat-cazi-freestanding","7":"product_cat-cazi-baie","8":"product_cat-sanitare","9":"pa_colectie-danae","10":"pa_culoare-negru","11":"pa_dimensiune-150x75cm","12":"pa_fabrica-karag","13":"pa_material-acril","14":"pa_montare-freestanding","16":"first","17":"instock","18":"purchasable","19":"product-type-simple"},"yoast_head":"<!-- This site is optimized with the Yoast SEO Premium plugin v21.6 (Yoast SEO v22.1) - https:\/\/yoast.com\/wordpress\/plugins\/seo\/ -->\n<title>CAD\u0102 FREESTANDING KARAG DANAE NEGRU 150x75cm 5206836657189 - Edyceramic - magazin online<\/title>\n<meta name=\"robots\" content=\"index, follow, max-snippet:-1, max-image-preview:large, max-video-preview:-1\" \/>\n<link rel=\"canonical\" href=\"https:\/\/edyceramic-shop.ro\/en\/product\/cada-freestanding-karag-danae-negru-150x75cm-5206836657189\/\" \/>\n<meta property=\"og:locale\" content=\"en_US\" \/>\n<meta property=\"og:type\" content=\"article\" \/>\n<meta property=\"og:title\" content=\"CAD\u0102 FREESTANDING KARAG DANAE NEGRU 150x75cm 5206836657189\" \/>\n<meta property=\"og:description\" content=\"C\u0103zile de baie de la Karag sunt cunoscute pentru designul modern, materialele de \u00eenalt\u0103 calitate \u0219i func\u021bionalitatea excep\u021bional\u0103. Realizate cu\" \/>\n<meta property=\"og:url\" content=\"https:\/\/edyceramic-shop.ro\/en\/product\/cada-freestanding-karag-danae-negru-150x75cm-5206836657189\/\" \/>\n<meta property=\"og:site_name\" content=\"Edyceramic - magazin online\" \/>\n<meta property=\"article:modified_time\" content=\"2025-08-01T11:36:15+00:00\" \/>\n<meta property=\"og:image\" content=\"https:\/\/edyceramic-shop.ro\/wp-content\/uploads\/2024\/09\/cada-karag-5206836657189-1.webp\" \/>\n\t<meta property=\"og:image:width\" content=\"2048\" \/>\n\t<meta property=\"og:image:height\" content=\"1232\" \/>\n\t<meta property=\"og:image:type\" content=\"image\/png\" \/>\n<meta name=\"twitter:card\" content=\"summary_large_image\" \/>\n<meta name=\"twitter:label1\" content=\"Price\" \/>\n\t<meta name=\"twitter:data1\" content=\"10.712,00&nbsp;lei\" \/>\n\t<meta name=\"twitter:label2\" content=\"Availability\" \/>\n\t<meta name=\"twitter:data2\" content=\"In stock\" \/>\n<script type=\"application\/ld+json\" class=\"yoast-schema-graph\">{\"@context\":\"https:\/\/schema.org\",\"@graph\":[{\"@type\":\"WebPage\",\"@id\":\"https:\/\/edyceramic-shop.ro\/produs\/cada-freestanding-karag-danae-negru-150x75cm-5206836657189\/\",\"url\":\"https:\/\/edyceramic-shop.ro\/produs\/cada-freestanding-karag-danae-negru-150x75cm-5206836657189\/\",\"name\":\"CAD\u0102 FREESTANDING KARAG DANAE NEGRU 150x75cm 5206836657189 - Edyceramic - magazin online\",\"isPartOf\":{\"@id\":\"https:\/\/edyceramic-shop.ro\/ro\/#website\"},\"datePublished\":\"2024-09-23T13:10:04+00:00\",\"dateModified\":\"2025-08-01T11:36:15+00:00\",\"breadcrumb\":{\"@id\":\"https:\/\/edyceramic-shop.ro\/produs\/cada-freestanding-karag-danae-negru-150x75cm-5206836657189\/#breadcrumb\"},\"inLanguage\":\"en-US\",\"potentialAction\":[{\"@type\":\"ReadAction\",\"target\":[\"https:\/\/edyceramic-shop.ro\/produs\/cada-freestanding-karag-danae-negru-150x75cm-5206836657189\/\"]}]},{\"@type\":\"BreadcrumbList\",\"@id\":\"https:\/\/edyceramic-shop.ro\/produs\/cada-freestanding-karag-danae-negru-150x75cm-5206836657189\/#breadcrumb\",\"itemListElement\":[{\"@type\":\"ListItem\",\"position\":1,\"name\":\"Home\",\"item\":\"https:\/\/edyceramic-shop.ro\/\"},{\"@type\":\"ListItem\",\"position\":2,\"name\":\"Shop\",\"item\":\"https:\/\/edyceramic-shop.ro\/ro\/shop\/\"},{\"@type\":\"ListItem\",\"position\":3,\"name\":\"CAD\u0102 FREESTANDING KARAG DANAE NEGRU 150x75cm 5206836657189\"}]},{\"@type\":\"WebSite\",\"@id\":\"https:\/\/edyceramic-shop.ro\/ro\/#website\",\"url\":\"https:\/\/edyceramic-shop.ro\/ro\/\",\"name\":\"edyceramic.ro\",\"description\":\"\",\"publisher\":{\"@id\":\"https:\/\/edyceramic-shop.ro\/ro\/#organization\"},\"potentialAction\":[{\"@type\":\"SearchAction\",\"target\":{\"@type\":\"EntryPoint\",\"urlTemplate\":\"https:\/\/edyceramic-shop.ro\/ro\/?s={search_term_string}\"},\"query-input\":\"required name=search_term_string\"}],\"inLanguage\":\"en-US\"},{\"@type\":\"Organization\",\"@id\":\"https:\/\/edyceramic-shop.ro\/ro\/#organization\",\"name\":\"Edyceramic\",\"url\":\"https:\/\/edyceramic-shop.ro\/ro\/\",\"logo\":{\"@type\":\"ImageObject\",\"inLanguage\":\"en-US\",\"@id\":\"https:\/\/edyceramic-shop.ro\/ro\/#\/schema\/logo\/image\/\",\"url\":\"https:\/\/edyceramic-shop.ro\/wp-content\/uploads\/2024\/02\/Logo-EdyCeramic_2021-lung.png\",\"contentUrl\":\"https:\/\/edyceramic-shop.ro\/wp-content\/uploads\/2024\/02\/Logo-EdyCeramic_2021-lung.png\",\"width\":4491,\"height\":769,\"caption\":\"Edyceramic\"},\"image\":{\"@id\":\"https:\/\/edyceramic-shop.ro\/ro\/#\/schema\/logo\/image\/\"}}]}<\/script>\n<meta property=\"product:price:amount\" content=\"10712.00\" \/>\n<meta property=\"product:price:currency\" content=\"RON\" \/>\n<meta property=\"og:availability\" content=\"instock\" \/>\n<meta property=\"product:availability\" content=\"instock\" \/>\n<meta property=\"product:retailer_item_id\" content=\"4d278c15e838\" \/>\n<meta property=\"product:condition\" content=\"new\" \/>\n<!-- \/ Yoast SEO Premium plugin. -->","yoast_head_json":{"title":"CAD\u0102 FREESTANDING KARAG DANAE NEGRU 150x75cm 5206836657189 - Edyceramic - magazin online","robots":{"index":"index","follow":"follow","max-snippet":"max-snippet:-1","max-image-preview":"max-image-preview:large","max-video-preview":"max-video-preview:-1"},"canonical":"https:\/\/edyceramic-shop.ro\/en\/product\/cada-freestanding-karag-danae-negru-150x75cm-5206836657189\/","og_locale":"en_US","og_type":"article","og_title":"CAD\u0102 FREESTANDING KARAG DANAE NEGRU 150x75cm 5206836657189","og_description":"C\u0103zile de baie de la Karag sunt cunoscute pentru designul modern, materialele de \u00eenalt\u0103 calitate \u0219i func\u021bionalitatea excep\u021bional\u0103. Realizate cu","og_url":"https:\/\/edyceramic-shop.ro\/en\/product\/cada-freestanding-karag-danae-negru-150x75cm-5206836657189\/","og_site_name":"Edyceramic - magazin online","article_modified_time":"2025-08-01T11:36:15+00:00","og_image":[{"width":2048,"height":1232,"url":"https:\/\/edyceramic-shop.ro\/wp-content\/uploads\/2024\/09\/cada-karag-5206836657189-1.webp","type":"image\/png"}],"twitter_card":"summary_large_image","twitter_misc":{"Price":"10.712,00&nbsp;lei","Availability":"In stock"},"schema":{"@context":"https:\/\/schema.org","@graph":[{"@type":"WebPage","@id":"https:\/\/edyceramic-shop.ro\/produs\/cada-freestanding-karag-danae-negru-150x75cm-5206836657189\/","url":"https:\/\/edyceramic-shop.ro\/produs\/cada-freestanding-karag-danae-negru-150x75cm-5206836657189\/","name":"CAD\u0102 FREESTANDING KARAG DANAE NEGRU 150x75cm 5206836657189 - Edyceramic - magazin online","isPartOf":{"@id":"https:\/\/edyceramic-shop.ro\/ro\/#website"},"datePublished":"2024-09-23T13:10:04+00:00","dateModified":"2025-08-01T11:36:15+00:00","breadcrumb":{"@id":"https:\/\/edyceramic-shop.ro\/produs\/cada-freestanding-karag-danae-negru-150x75cm-5206836657189\/#breadcrumb"},"inLanguage":"en-US","potentialAction":[{"@type":"ReadAction","target":["https:\/\/edyceramic-shop.ro\/produs\/cada-freestanding-karag-danae-negru-150x75cm-5206836657189\/"]}]},{"@type":"BreadcrumbList","@id":"https:\/\/edyceramic-shop.ro\/produs\/cada-freestanding-karag-danae-negru-150x75cm-5206836657189\/#breadcrumb","itemListElement":[{"@type":"ListItem","position":1,"name":"Home","item":"https:\/\/edyceramic-shop.ro\/"},{"@type":"ListItem","position":2,"name":"Shop","item":"https:\/\/edyceramic-shop.ro\/ro\/shop\/"},{"@type":"ListItem","position":3,"name":"CAD\u0102 FREESTANDING KARAG DANAE NEGRU 150x75cm 5206836657189"}]},{"@type":"WebSite","@id":"https:\/\/edyceramic-shop.ro\/ro\/#website","url":"https:\/\/edyceramic-shop.ro\/ro\/","name":"edyceramic.ro","description":"","publisher":{"@id":"https:\/\/edyceramic-shop.ro\/ro\/#organization"},"potentialAction":[{"@type":"SearchAction","target":{"@type":"EntryPoint","urlTemplate":"https:\/\/edyceramic-shop.ro\/ro\/?s={search_term_string}"},"query-input":"required name=search_term_string"}],"inLanguage":"en-US"},{"@type":"Organization","@id":"https:\/\/edyceramic-shop.ro\/ro\/#organization","name":"Edyceramic","url":"https:\/\/edyceramic-shop.ro\/ro\/","logo":{"@type":"ImageObject","inLanguage":"en-US","@id":"https:\/\/edyceramic-shop.ro\/ro\/#\/schema\/logo\/image\/","url":"https:\/\/edyceramic-shop.ro\/wp-content\/uploads\/2024\/02\/Logo-EdyCeramic_2021-lung.png","contentUrl":"https:\/\/edyceramic-shop.ro\/wp-content\/uploads\/2024\/02\/Logo-EdyCeramic_2021-lung.png","width":4491,"height":769,"caption":"Edyceramic"},"image":{"@id":"https:\/\/edyceramic-shop.ro\/ro\/#\/schema\/logo\/image\/"}}]},"product_price_amount":"10712.00","product_price_currency":"RON","og_availability":"instock","product_availability":"instock","product_retailer_item_id":"4d278c15e838","product_condition":"new"},"jetpack_sharing_enabled":true,"_links":{"self":[{"href":"https:\/\/edyceramic-shop.ro\/en\/wp-json\/wp\/v2\/product\/21369","targetHints":{"allow":["GET"]}}],"collection":[{"href":"https:\/\/edyceramic-shop.ro\/en\/wp-json\/wp\/v2\/product"}],"about":[{"href":"https:\/\/edyceramic-shop.ro\/en\/wp-json\/wp\/v2\/types\/product"}],"version-history":[{"count":1,"href":"https:\/\/edyceramic-shop.ro\/en\/wp-json\/wp\/v2\/product\/21369\/revisions"}],"predecessor-version":[{"id":21370,"href":"https:\/\/edyceramic-shop.ro\/en\/wp-json\/wp\/v2\/product\/21369\/revisions\/21370"}],"wp:featuredmedia":[{"embeddable":true,"href":"https:\/\/edyceramic-shop.ro\/en\/wp-json\/wp\/v2\/media\/21371"}],"wp:attachment":[{"href":"https:\/\/edyceramic-shop.ro\/en\/wp-json\/wp\/v2\/media?parent=21369"}],"wp:term":[{"taxonomy":"product_brand","embeddable":true,"href":"https:\/\/edyceramic-shop.ro\/en\/wp-json\/wp\/v2\/product_brand?post=21369"},{"taxonomy":"product_cat","embeddable":true,"href":"https:\/\/edyceramic-shop.ro\/en\/wp-json\/wp\/v2\/product_cat?post=21369"},{"taxonomy":"product_tag","embeddable":true,"href":"https:\/\/edyceramic-shop.ro\/en\/wp-json\/wp\/v2\/product_tag?post=21369"}],"curies":[{"name":"wp","href":"https:\/\/api.w.org\/{rel}","templated":true}]}}