{"id":17089,"date":"2024-09-22T20:08:14","date_gmt":"2024-09-22T20:08:14","guid":{"rendered":"https:\/\/edyceramic-shop.ro\/product\/base-opera-iron-c1-60x120cm\/"},"modified":"2025-08-01T13:35:38","modified_gmt":"2025-08-01T11:35:38","slug":"base-opera-iron-c1-60x120cm","status":"publish","type":"product","link":"https:\/\/edyceramic-shop.ro\/en\/product\/base-opera-iron-c1-60x120cm\/","title":{"rendered":"Gresie BASE OPERA IRON C1 60x120cm"},"content":{"rendered":"<p>Gresia 60&#215;120 cm de la Exagres, cu finisaj mat \u0219i marginile rectificate, ofer\u0103 o solu\u021bie elegant\u0103 \u0219i func\u021bional\u0103 pentru orice amenajare modern\u0103. Conceput\u0103 pentru a combina estetica sofisticat\u0103 cu durabilitatea \u0219i u\u0219urin\u021ba \u00eentre\u021binerii, aceast\u0103 gresie este ideal\u0103 pentru spa\u021bii de interior, inclusiv livinguri, holuri \u0219i b\u0103i.<\/p>\n<p>Main features:<\/p>\n<p>Dimensiune: 60&#215;120 cm, ideal\u0103 pentru acoperirea suprafe\u021belor mari, cre\u00e2nd un efect vizual uniform \u0219i elegant care se extinde pe \u00eentregul spa\u021biu.<br \/>\nFinisaj: Mat, care confer\u0103 un aspect modern \u0219i sofisticat, reduc\u00e2nd reflexiile \u0219i ascunz\u00e2nd urmele zilnice. Finisajul mat contribuie la un ambient calm \u0219i pl\u0103cut, u\u0219or de \u00eentre\u021binut.<br \/>\nRectificat\u0103: Marginile sunt rectificate cu precizie, permi\u021b\u00e2nd montajul cu rosturi minime. Acest lucru asigur\u0103 un aspect uniform \u0219i elegant, f\u0103r\u0103 \u00eentreruperi vizuale, pentru un rezultat final impecabil.<br \/>\nDurabilitate: Fabricat\u0103 dintr-un material ceramic de \u00eenalt\u0103 calitate, rezistent la uzur\u0103 \u0219i la condi\u021bii meteorologice variate. Ideal\u0103 pentru zone cu trafic ridicat \u0219i pentru utilizare intensiv\u0103.<br \/>\nAplicabilitate: Potrivit\u0103 pentru o gam\u0103 larg\u0103 de aplica\u021bii, inclusiv \u00een spa\u021bii interioare comerciale \u0219i reziden\u021biale, oferind un aspect sofisticat \u0219i durabil.<br \/>\nGresia 60&#215;120 cm de la Exagres, cu finisaj mat \u0219i rectificat\u0103, reprezint\u0103 o alegere excelent\u0103 pentru cei care caut\u0103 at\u00e2t elegan\u021b\u0103, c\u00e2t \u0219i performan\u021b\u0103. Aleg\u00e2nd acest produs, vei ad\u0103uga un plus de rafinament \u0219i func\u021bionalitate oric\u0103rei amenaj\u0103ri interioare.<\/p>","protected":false},"excerpt":{"rendered":"<p>Gresia 60&#215;120 cm de la Exagres, cu finisaj mat \u0219i marginile rectificate, ofer\u0103 o solu\u021bie elegant\u0103 \u0219i func\u021bional\u0103 pentru orice<\/p>","protected":false},"featured_media":17091,"template":"","meta":[],"product_brand":[],"product_cat":[301,467],"product_tag":[],"class_list":{"0":"post-17089","1":"product","2":"type-product","3":"status-publish","4":"has-post-thumbnail","6":"product_cat-gresie","7":"product_cat-gresie-si-faianta","8":"pa_ambalare-1-44mp-cutie","9":"pa_colectie-opera","10":"pa_dimensiune-60x120cm","11":"pa_fabrica-exagres","12":"pa_finisaj-mat","13":"pa_numar-de-placi-in-pachet-1206","14":"pa_rectificat-da","16":"first","17":"instock","18":"purchasable","19":"product-type-simple"},"yoast_head":"<!-- This site is optimized with the Yoast SEO Premium plugin v21.6 (Yoast SEO v22.1) - https:\/\/yoast.com\/wordpress\/plugins\/seo\/ -->\n<title>Gresie BASE OPERA IRON C1 60x120cm - Edyceramic - magazin online<\/title>\n<meta name=\"robots\" content=\"index, follow, max-snippet:-1, max-image-preview:large, max-video-preview:-1\" \/>\n<link rel=\"canonical\" href=\"https:\/\/edyceramic-shop.ro\/en\/product\/base-opera-iron-c1-60x120cm\/\" \/>\n<meta property=\"og:locale\" content=\"en_US\" \/>\n<meta property=\"og:type\" content=\"article\" \/>\n<meta property=\"og:title\" content=\"Gresie BASE OPERA IRON C1 60x120cm\" \/>\n<meta property=\"og:description\" content=\"Gresia 60&#215;120 cm de la Exagres, cu finisaj mat \u0219i marginile rectificate, ofer\u0103 o solu\u021bie elegant\u0103 \u0219i func\u021bional\u0103 pentru orice\" \/>\n<meta property=\"og:url\" content=\"https:\/\/edyceramic-shop.ro\/en\/product\/base-opera-iron-c1-60x120cm\/\" \/>\n<meta property=\"og:site_name\" content=\"Edyceramic - magazin online\" \/>\n<meta property=\"article:modified_time\" content=\"2025-08-01T11:35:38+00:00\" \/>\n<meta property=\"og:image\" content=\"https:\/\/edyceramic-shop.ro\/wp-content\/uploads\/2024\/09\/BASE_OPERA_IRON_60X120_08_1.webp\" \/>\n\t<meta property=\"og:image:width\" content=\"1500\" \/>\n\t<meta property=\"og:image:height\" content=\"756\" \/>\n\t<meta property=\"og:image:type\" content=\"image\/webp\" \/>\n<meta name=\"twitter:card\" content=\"summary_large_image\" \/>\n<meta name=\"twitter:label1\" content=\"Price\" \/>\n\t<meta name=\"twitter:data1\" content=\"214,00&nbsp;lei\" \/>\n\t<meta name=\"twitter:label2\" content=\"Availability\" \/>\n\t<meta name=\"twitter:data2\" content=\"In stock\" \/>\n<script type=\"application\/ld+json\" class=\"yoast-schema-graph\">{\"@context\":\"https:\/\/schema.org\",\"@graph\":[{\"@type\":\"WebPage\",\"@id\":\"https:\/\/edyceramic-shop.ro\/produs\/base-opera-iron-c1-60x120cm\/\",\"url\":\"https:\/\/edyceramic-shop.ro\/produs\/base-opera-iron-c1-60x120cm\/\",\"name\":\"Gresie BASE OPERA IRON C1 60x120cm - Edyceramic - magazin online\",\"isPartOf\":{\"@id\":\"https:\/\/edyceramic-shop.ro\/ro\/#website\"},\"datePublished\":\"2024-09-22T20:08:14+00:00\",\"dateModified\":\"2025-08-01T11:35:38+00:00\",\"breadcrumb\":{\"@id\":\"https:\/\/edyceramic-shop.ro\/produs\/base-opera-iron-c1-60x120cm\/#breadcrumb\"},\"inLanguage\":\"en-US\",\"potentialAction\":[{\"@type\":\"ReadAction\",\"target\":[\"https:\/\/edyceramic-shop.ro\/produs\/base-opera-iron-c1-60x120cm\/\"]}]},{\"@type\":\"BreadcrumbList\",\"@id\":\"https:\/\/edyceramic-shop.ro\/produs\/base-opera-iron-c1-60x120cm\/#breadcrumb\",\"itemListElement\":[{\"@type\":\"ListItem\",\"position\":1,\"name\":\"Home\",\"item\":\"https:\/\/edyceramic-shop.ro\/\"},{\"@type\":\"ListItem\",\"position\":2,\"name\":\"Shop\",\"item\":\"https:\/\/edyceramic-shop.ro\/ro\/shop\/\"},{\"@type\":\"ListItem\",\"position\":3,\"name\":\"Gresie BASE OPERA IRON C1 60x120cm\"}]},{\"@type\":\"WebSite\",\"@id\":\"https:\/\/edyceramic-shop.ro\/ro\/#website\",\"url\":\"https:\/\/edyceramic-shop.ro\/ro\/\",\"name\":\"edyceramic.ro\",\"description\":\"\",\"publisher\":{\"@id\":\"https:\/\/edyceramic-shop.ro\/ro\/#organization\"},\"potentialAction\":[{\"@type\":\"SearchAction\",\"target\":{\"@type\":\"EntryPoint\",\"urlTemplate\":\"https:\/\/edyceramic-shop.ro\/ro\/?s={search_term_string}\"},\"query-input\":\"required name=search_term_string\"}],\"inLanguage\":\"en-US\"},{\"@type\":\"Organization\",\"@id\":\"https:\/\/edyceramic-shop.ro\/ro\/#organization\",\"name\":\"Edyceramic\",\"url\":\"https:\/\/edyceramic-shop.ro\/ro\/\",\"logo\":{\"@type\":\"ImageObject\",\"inLanguage\":\"en-US\",\"@id\":\"https:\/\/edyceramic-shop.ro\/ro\/#\/schema\/logo\/image\/\",\"url\":\"https:\/\/edyceramic-shop.ro\/wp-content\/uploads\/2024\/02\/Logo-EdyCeramic_2021-lung.png\",\"contentUrl\":\"https:\/\/edyceramic-shop.ro\/wp-content\/uploads\/2024\/02\/Logo-EdyCeramic_2021-lung.png\",\"width\":4491,\"height\":769,\"caption\":\"Edyceramic\"},\"image\":{\"@id\":\"https:\/\/edyceramic-shop.ro\/ro\/#\/schema\/logo\/image\/\"}}]}<\/script>\n<meta property=\"product:price:amount\" content=\"214.00\" \/>\n<meta property=\"product:price:currency\" content=\"RON\" \/>\n<meta property=\"og:availability\" content=\"instock\" \/>\n<meta property=\"product:availability\" content=\"instock\" \/>\n<meta property=\"product:retailer_item_id\" content=\"0ba77349b848\" \/>\n<meta property=\"product:condition\" content=\"new\" \/>\n<!-- \/ Yoast SEO Premium plugin. -->","yoast_head_json":{"title":"Gresie BASE OPERA IRON C1 60x120cm - Edyceramic - magazin online","robots":{"index":"index","follow":"follow","max-snippet":"max-snippet:-1","max-image-preview":"max-image-preview:large","max-video-preview":"max-video-preview:-1"},"canonical":"https:\/\/edyceramic-shop.ro\/en\/product\/base-opera-iron-c1-60x120cm\/","og_locale":"en_US","og_type":"article","og_title":"Gresie BASE OPERA IRON C1 60x120cm","og_description":"Gresia 60&#215;120 cm de la Exagres, cu finisaj mat \u0219i marginile rectificate, ofer\u0103 o solu\u021bie elegant\u0103 \u0219i func\u021bional\u0103 pentru orice","og_url":"https:\/\/edyceramic-shop.ro\/en\/product\/base-opera-iron-c1-60x120cm\/","og_site_name":"Edyceramic - magazin online","article_modified_time":"2025-08-01T11:35:38+00:00","og_image":[{"width":1500,"height":756,"url":"https:\/\/edyceramic-shop.ro\/wp-content\/uploads\/2024\/09\/BASE_OPERA_IRON_60X120_08_1.webp","type":"image\/webp"}],"twitter_card":"summary_large_image","twitter_misc":{"Price":"214,00&nbsp;lei","Availability":"In stock"},"schema":{"@context":"https:\/\/schema.org","@graph":[{"@type":"WebPage","@id":"https:\/\/edyceramic-shop.ro\/produs\/base-opera-iron-c1-60x120cm\/","url":"https:\/\/edyceramic-shop.ro\/produs\/base-opera-iron-c1-60x120cm\/","name":"Gresie BASE OPERA IRON C1 60x120cm - Edyceramic - magazin online","isPartOf":{"@id":"https:\/\/edyceramic-shop.ro\/ro\/#website"},"datePublished":"2024-09-22T20:08:14+00:00","dateModified":"2025-08-01T11:35:38+00:00","breadcrumb":{"@id":"https:\/\/edyceramic-shop.ro\/produs\/base-opera-iron-c1-60x120cm\/#breadcrumb"},"inLanguage":"en-US","potentialAction":[{"@type":"ReadAction","target":["https:\/\/edyceramic-shop.ro\/produs\/base-opera-iron-c1-60x120cm\/"]}]},{"@type":"BreadcrumbList","@id":"https:\/\/edyceramic-shop.ro\/produs\/base-opera-iron-c1-60x120cm\/#breadcrumb","itemListElement":[{"@type":"ListItem","position":1,"name":"Home","item":"https:\/\/edyceramic-shop.ro\/"},{"@type":"ListItem","position":2,"name":"Shop","item":"https:\/\/edyceramic-shop.ro\/ro\/shop\/"},{"@type":"ListItem","position":3,"name":"Gresie BASE OPERA IRON C1 60x120cm"}]},{"@type":"WebSite","@id":"https:\/\/edyceramic-shop.ro\/ro\/#website","url":"https:\/\/edyceramic-shop.ro\/ro\/","name":"edyceramic.ro","description":"","publisher":{"@id":"https:\/\/edyceramic-shop.ro\/ro\/#organization"},"potentialAction":[{"@type":"SearchAction","target":{"@type":"EntryPoint","urlTemplate":"https:\/\/edyceramic-shop.ro\/ro\/?s={search_term_string}"},"query-input":"required name=search_term_string"}],"inLanguage":"en-US"},{"@type":"Organization","@id":"https:\/\/edyceramic-shop.ro\/ro\/#organization","name":"Edyceramic","url":"https:\/\/edyceramic-shop.ro\/ro\/","logo":{"@type":"ImageObject","inLanguage":"en-US","@id":"https:\/\/edyceramic-shop.ro\/ro\/#\/schema\/logo\/image\/","url":"https:\/\/edyceramic-shop.ro\/wp-content\/uploads\/2024\/02\/Logo-EdyCeramic_2021-lung.png","contentUrl":"https:\/\/edyceramic-shop.ro\/wp-content\/uploads\/2024\/02\/Logo-EdyCeramic_2021-lung.png","width":4491,"height":769,"caption":"Edyceramic"},"image":{"@id":"https:\/\/edyceramic-shop.ro\/ro\/#\/schema\/logo\/image\/"}}]},"product_price_amount":"214.00","product_price_currency":"RON","og_availability":"instock","product_availability":"instock","product_retailer_item_id":"0ba77349b848","product_condition":"new"},"jetpack_sharing_enabled":true,"_links":{"self":[{"href":"https:\/\/edyceramic-shop.ro\/en\/wp-json\/wp\/v2\/product\/17089","targetHints":{"allow":["GET"]}}],"collection":[{"href":"https:\/\/edyceramic-shop.ro\/en\/wp-json\/wp\/v2\/product"}],"about":[{"href":"https:\/\/edyceramic-shop.ro\/en\/wp-json\/wp\/v2\/types\/product"}],"version-history":[{"count":2,"href":"https:\/\/edyceramic-shop.ro\/en\/wp-json\/wp\/v2\/product\/17089\/revisions"}],"predecessor-version":[{"id":22723,"href":"https:\/\/edyceramic-shop.ro\/en\/wp-json\/wp\/v2\/product\/17089\/revisions\/22723"}],"wp:featuredmedia":[{"embeddable":true,"href":"https:\/\/edyceramic-shop.ro\/en\/wp-json\/wp\/v2\/media\/17091"}],"wp:attachment":[{"href":"https:\/\/edyceramic-shop.ro\/en\/wp-json\/wp\/v2\/media?parent=17089"}],"wp:term":[{"taxonomy":"product_brand","embeddable":true,"href":"https:\/\/edyceramic-shop.ro\/en\/wp-json\/wp\/v2\/product_brand?post=17089"},{"taxonomy":"product_cat","embeddable":true,"href":"https:\/\/edyceramic-shop.ro\/en\/wp-json\/wp\/v2\/product_cat?post=17089"},{"taxonomy":"product_tag","embeddable":true,"href":"https:\/\/edyceramic-shop.ro\/en\/wp-json\/wp\/v2\/product_tag?post=17089"}],"curies":[{"name":"wp","href":"https:\/\/api.w.org\/{rel}","templated":true}]}}