{"id":17068,"date":"2024-09-22T20:08:04","date_gmt":"2024-09-22T20:08:04","guid":{"rendered":"https:\/\/edyceramic-shop.ro\/product\/yoho-oak-c1-14-5x120cm\/"},"modified":"2025-08-01T13:35:37","modified_gmt":"2025-08-01T11:35:37","slug":"yoho-oak-c1-14-5x120cm","status":"publish","type":"product","link":"https:\/\/edyceramic-shop.ro\/en\/product\/yoho-oak-c1-14-5x120cm\/","title":{"rendered":"Gresie tip parchet YOHO OAK C1 14.5x120cm"},"content":{"rendered":"<p>Gresia tip parchet de 14.5&#215;120 cm cu finisaj mat de la Exagres este alegerea perfect\u0103 pentru un aspect sofisticat \u0219i modern, care imit\u0103 frumuse\u021bea lemnului natural, oferind totodat\u0103 avantajele ceramicei. Acest produs este ideal pentru amenaj\u0103rile interioare care doresc s\u0103 combine stilul elegant al parchetului cu durabilitatea \u0219i u\u0219urin\u021ba \u00eentre\u021binerii gresiei.<\/p>\n<p>Main features:<\/p>\n<p>Dimensiune: 14.5&#215;120 cm, potrivit\u0103 pentru acoperirea eficient\u0103 a suprafe\u021belor mari \u0219i crearea unui aspect uniform \u0219i elegant \u00een spa\u021bii de dimensiuni variate.<br \/>\nAspect: Designul imit\u0103 textura \u0219i culoarea lemnului, oferind un aspect cald \u0219i natural, dar cu avantajele ceramicei. Finisajul mat contribuie la realizarea unui efect vizual pl\u0103cut \u0219i la crearea unei atmosfere relaxante.<br \/>\nFinisaj: Mat, care reduce reflexiile \u0219i ascunde urmele zilnice, oferind un aspect curat \u0219i sofisticat. Finisajul mat este ideal pentru zone cu trafic intens, deoarece men\u021bine aspectul elegant f\u0103r\u0103 a necesita \u00eentre\u021binere constant\u0103.<br \/>\nDurabilitate: Fabricat\u0103 din ceramic\u0103 de \u00eenalt\u0103 calitate, aceast\u0103 gresie este rezistent\u0103 la uzur\u0103, \u0219ocuri \u0219i condi\u021bii climatice, asigur\u00e2nd o performan\u021b\u0103 de lung\u0103 durat\u0103. Este perfect\u0103 pentru utilizare \u00een spa\u021bii interioare precum camere de zi, dormitoare \u0219i holuri.<br \/>\nAderen\u021b\u0103: Finisajul mat ofer\u0103 o aderen\u021b\u0103 bun\u0103, fiind potrivit pentru zone cu trafic ridicat \u0219i reduc\u00e2nd riscul de alunecare.<br \/>\nGresia tip parchet 14.5&#215;120 cm cu finisaj mat de la Exagres combin\u0103 frumuse\u021bea \u0219i elegan\u021ba lemnului cu avantajele ceramicei, fiind solu\u021bia ideal\u0103 pentru amenaj\u0103ri interioare care \u00ee\u0219i doresc at\u00e2t stil, c\u00e2t \u0219i durabilitate.<\/p>","protected":false},"excerpt":{"rendered":"<p>Gresia tip parchet de 14.5&#215;120 cm cu finisaj mat de la Exagres este alegerea perfect\u0103 pentru un aspect sofisticat \u0219i<\/p>","protected":false},"featured_media":17070,"template":"","meta":[],"product_brand":[],"product_cat":[301,467],"product_tag":[],"class_list":{"0":"post-17068","1":"product","2":"type-product","3":"status-publish","4":"has-post-thumbnail","6":"product_cat-gresie","7":"product_cat-gresie-si-faianta","8":"pa_ambalare-0-7mp-cutie","9":"pa_colectie-yoho","10":"pa_dimensiune-14-5x120cm","11":"pa_fabrica-exagres","12":"pa_finisaj-mat","13":"pa_numar-de-placi-in-pachet-1216","14":"pa_rectificat-da","16":"first","17":"instock","18":"purchasable","19":"product-type-simple"},"yoast_head":"<!-- This site is optimized with the Yoast SEO Premium plugin v21.6 (Yoast SEO v22.1) - https:\/\/yoast.com\/wordpress\/plugins\/seo\/ -->\n<title>Gresie tip parchet YOHO OAK C1 14.5x120cm - Edyceramic - magazin online<\/title>\n<meta name=\"robots\" content=\"index, follow, max-snippet:-1, max-image-preview:large, max-video-preview:-1\" \/>\n<link rel=\"canonical\" href=\"https:\/\/edyceramic-shop.ro\/en\/product\/yoho-oak-c1-14-5x120cm\/\" \/>\n<meta property=\"og:locale\" content=\"en_US\" \/>\n<meta property=\"og:type\" content=\"article\" \/>\n<meta property=\"og:title\" content=\"Gresie tip parchet YOHO OAK C1 14.5x120cm\" \/>\n<meta property=\"og:description\" content=\"Gresia tip parchet de 14.5&#215;120 cm cu finisaj mat de la Exagres este alegerea perfect\u0103 pentru un aspect sofisticat \u0219i\" \/>\n<meta property=\"og:url\" content=\"https:\/\/edyceramic-shop.ro\/en\/product\/yoho-oak-c1-14-5x120cm\/\" \/>\n<meta property=\"og:site_name\" content=\"Edyceramic - magazin online\" \/>\n<meta property=\"article:modified_time\" content=\"2025-08-01T11:35:37+00:00\" \/>\n<meta property=\"og:image\" content=\"https:\/\/edyceramic-shop.ro\/wp-content\/uploads\/2024\/09\/yoho-oak-145.webp\" \/>\n\t<meta property=\"og:image:width\" content=\"724\" \/>\n\t<meta property=\"og:image:height\" content=\"180\" \/>\n\t<meta property=\"og:image:type\" content=\"image\/webp\" \/>\n<meta name=\"twitter:card\" content=\"summary_large_image\" \/>\n<meta name=\"twitter:label1\" content=\"Price\" \/>\n\t<meta name=\"twitter:data1\" content=\"267,00&nbsp;lei\" \/>\n\t<meta name=\"twitter:label2\" content=\"Availability\" \/>\n\t<meta name=\"twitter:data2\" content=\"In stock\" \/>\n<script type=\"application\/ld+json\" class=\"yoast-schema-graph\">{\"@context\":\"https:\/\/schema.org\",\"@graph\":[{\"@type\":\"WebPage\",\"@id\":\"https:\/\/edyceramic-shop.ro\/produs\/yoho-oak-c1-14-5x120cm\/\",\"url\":\"https:\/\/edyceramic-shop.ro\/produs\/yoho-oak-c1-14-5x120cm\/\",\"name\":\"Gresie tip parchet YOHO OAK C1 14.5x120cm - Edyceramic - magazin online\",\"isPartOf\":{\"@id\":\"https:\/\/edyceramic-shop.ro\/ro\/#website\"},\"datePublished\":\"2024-09-22T20:08:04+00:00\",\"dateModified\":\"2025-08-01T11:35:37+00:00\",\"breadcrumb\":{\"@id\":\"https:\/\/edyceramic-shop.ro\/produs\/yoho-oak-c1-14-5x120cm\/#breadcrumb\"},\"inLanguage\":\"en-US\",\"potentialAction\":[{\"@type\":\"ReadAction\",\"target\":[\"https:\/\/edyceramic-shop.ro\/produs\/yoho-oak-c1-14-5x120cm\/\"]}]},{\"@type\":\"BreadcrumbList\",\"@id\":\"https:\/\/edyceramic-shop.ro\/produs\/yoho-oak-c1-14-5x120cm\/#breadcrumb\",\"itemListElement\":[{\"@type\":\"ListItem\",\"position\":1,\"name\":\"Home\",\"item\":\"https:\/\/edyceramic-shop.ro\/\"},{\"@type\":\"ListItem\",\"position\":2,\"name\":\"Shop\",\"item\":\"https:\/\/edyceramic-shop.ro\/ro\/shop\/\"},{\"@type\":\"ListItem\",\"position\":3,\"name\":\"Gresie tip parchet YOHO OAK C1 14.5x120cm\"}]},{\"@type\":\"WebSite\",\"@id\":\"https:\/\/edyceramic-shop.ro\/ro\/#website\",\"url\":\"https:\/\/edyceramic-shop.ro\/ro\/\",\"name\":\"edyceramic.ro\",\"description\":\"\",\"publisher\":{\"@id\":\"https:\/\/edyceramic-shop.ro\/ro\/#organization\"},\"potentialAction\":[{\"@type\":\"SearchAction\",\"target\":{\"@type\":\"EntryPoint\",\"urlTemplate\":\"https:\/\/edyceramic-shop.ro\/ro\/?s={search_term_string}\"},\"query-input\":\"required name=search_term_string\"}],\"inLanguage\":\"en-US\"},{\"@type\":\"Organization\",\"@id\":\"https:\/\/edyceramic-shop.ro\/ro\/#organization\",\"name\":\"Edyceramic\",\"url\":\"https:\/\/edyceramic-shop.ro\/ro\/\",\"logo\":{\"@type\":\"ImageObject\",\"inLanguage\":\"en-US\",\"@id\":\"https:\/\/edyceramic-shop.ro\/ro\/#\/schema\/logo\/image\/\",\"url\":\"https:\/\/edyceramic-shop.ro\/wp-content\/uploads\/2024\/02\/Logo-EdyCeramic_2021-lung.png\",\"contentUrl\":\"https:\/\/edyceramic-shop.ro\/wp-content\/uploads\/2024\/02\/Logo-EdyCeramic_2021-lung.png\",\"width\":4491,\"height\":769,\"caption\":\"Edyceramic\"},\"image\":{\"@id\":\"https:\/\/edyceramic-shop.ro\/ro\/#\/schema\/logo\/image\/\"}}]}<\/script>\n<meta property=\"product:price:amount\" content=\"267.00\" \/>\n<meta property=\"product:price:currency\" content=\"RON\" \/>\n<meta property=\"og:availability\" content=\"instock\" \/>\n<meta property=\"product:availability\" content=\"instock\" \/>\n<meta property=\"product:retailer_item_id\" content=\"b27ca6cac009\" \/>\n<meta property=\"product:condition\" content=\"new\" \/>\n<!-- \/ Yoast SEO Premium plugin. -->","yoast_head_json":{"title":"Gresie tip parchet YOHO OAK C1 14.5x120cm - Edyceramic - magazin online","robots":{"index":"index","follow":"follow","max-snippet":"max-snippet:-1","max-image-preview":"max-image-preview:large","max-video-preview":"max-video-preview:-1"},"canonical":"https:\/\/edyceramic-shop.ro\/en\/product\/yoho-oak-c1-14-5x120cm\/","og_locale":"en_US","og_type":"article","og_title":"Gresie tip parchet YOHO OAK C1 14.5x120cm","og_description":"Gresia tip parchet de 14.5&#215;120 cm cu finisaj mat de la Exagres este alegerea perfect\u0103 pentru un aspect sofisticat \u0219i","og_url":"https:\/\/edyceramic-shop.ro\/en\/product\/yoho-oak-c1-14-5x120cm\/","og_site_name":"Edyceramic - magazin online","article_modified_time":"2025-08-01T11:35:37+00:00","og_image":[{"width":724,"height":180,"url":"https:\/\/edyceramic-shop.ro\/wp-content\/uploads\/2024\/09\/yoho-oak-145.webp","type":"image\/webp"}],"twitter_card":"summary_large_image","twitter_misc":{"Price":"267,00&nbsp;lei","Availability":"In stock"},"schema":{"@context":"https:\/\/schema.org","@graph":[{"@type":"WebPage","@id":"https:\/\/edyceramic-shop.ro\/produs\/yoho-oak-c1-14-5x120cm\/","url":"https:\/\/edyceramic-shop.ro\/produs\/yoho-oak-c1-14-5x120cm\/","name":"Gresie tip parchet YOHO OAK C1 14.5x120cm - Edyceramic - magazin online","isPartOf":{"@id":"https:\/\/edyceramic-shop.ro\/ro\/#website"},"datePublished":"2024-09-22T20:08:04+00:00","dateModified":"2025-08-01T11:35:37+00:00","breadcrumb":{"@id":"https:\/\/edyceramic-shop.ro\/produs\/yoho-oak-c1-14-5x120cm\/#breadcrumb"},"inLanguage":"en-US","potentialAction":[{"@type":"ReadAction","target":["https:\/\/edyceramic-shop.ro\/produs\/yoho-oak-c1-14-5x120cm\/"]}]},{"@type":"BreadcrumbList","@id":"https:\/\/edyceramic-shop.ro\/produs\/yoho-oak-c1-14-5x120cm\/#breadcrumb","itemListElement":[{"@type":"ListItem","position":1,"name":"Home","item":"https:\/\/edyceramic-shop.ro\/"},{"@type":"ListItem","position":2,"name":"Shop","item":"https:\/\/edyceramic-shop.ro\/ro\/shop\/"},{"@type":"ListItem","position":3,"name":"Gresie tip parchet YOHO OAK C1 14.5x120cm"}]},{"@type":"WebSite","@id":"https:\/\/edyceramic-shop.ro\/ro\/#website","url":"https:\/\/edyceramic-shop.ro\/ro\/","name":"edyceramic.ro","description":"","publisher":{"@id":"https:\/\/edyceramic-shop.ro\/ro\/#organization"},"potentialAction":[{"@type":"SearchAction","target":{"@type":"EntryPoint","urlTemplate":"https:\/\/edyceramic-shop.ro\/ro\/?s={search_term_string}"},"query-input":"required name=search_term_string"}],"inLanguage":"en-US"},{"@type":"Organization","@id":"https:\/\/edyceramic-shop.ro\/ro\/#organization","name":"Edyceramic","url":"https:\/\/edyceramic-shop.ro\/ro\/","logo":{"@type":"ImageObject","inLanguage":"en-US","@id":"https:\/\/edyceramic-shop.ro\/ro\/#\/schema\/logo\/image\/","url":"https:\/\/edyceramic-shop.ro\/wp-content\/uploads\/2024\/02\/Logo-EdyCeramic_2021-lung.png","contentUrl":"https:\/\/edyceramic-shop.ro\/wp-content\/uploads\/2024\/02\/Logo-EdyCeramic_2021-lung.png","width":4491,"height":769,"caption":"Edyceramic"},"image":{"@id":"https:\/\/edyceramic-shop.ro\/ro\/#\/schema\/logo\/image\/"}}]},"product_price_amount":"267.00","product_price_currency":"RON","og_availability":"instock","product_availability":"instock","product_retailer_item_id":"b27ca6cac009","product_condition":"new"},"jetpack_sharing_enabled":true,"_links":{"self":[{"href":"https:\/\/edyceramic-shop.ro\/en\/wp-json\/wp\/v2\/product\/17068","targetHints":{"allow":["GET"]}}],"collection":[{"href":"https:\/\/edyceramic-shop.ro\/en\/wp-json\/wp\/v2\/product"}],"about":[{"href":"https:\/\/edyceramic-shop.ro\/en\/wp-json\/wp\/v2\/types\/product"}],"version-history":[{"count":2,"href":"https:\/\/edyceramic-shop.ro\/en\/wp-json\/wp\/v2\/product\/17068\/revisions"}],"predecessor-version":[{"id":22729,"href":"https:\/\/edyceramic-shop.ro\/en\/wp-json\/wp\/v2\/product\/17068\/revisions\/22729"}],"wp:featuredmedia":[{"embeddable":true,"href":"https:\/\/edyceramic-shop.ro\/en\/wp-json\/wp\/v2\/media\/17070"}],"wp:attachment":[{"href":"https:\/\/edyceramic-shop.ro\/en\/wp-json\/wp\/v2\/media?parent=17068"}],"wp:term":[{"taxonomy":"product_brand","embeddable":true,"href":"https:\/\/edyceramic-shop.ro\/en\/wp-json\/wp\/v2\/product_brand?post=17068"},{"taxonomy":"product_cat","embeddable":true,"href":"https:\/\/edyceramic-shop.ro\/en\/wp-json\/wp\/v2\/product_cat?post=17068"},{"taxonomy":"product_tag","embeddable":true,"href":"https:\/\/edyceramic-shop.ro\/en\/wp-json\/wp\/v2\/product_tag?post=17068"}],"curies":[{"name":"wp","href":"https:\/\/api.w.org\/{rel}","templated":true}]}}