{"id":17052,"date":"2024-09-22T20:07:54","date_gmt":"2024-09-22T20:07:54","guid":{"rendered":"https:\/\/edyceramic-shop.ro\/product\/yoho-maple-c1-33x120cm\/"},"modified":"2025-08-01T13:35:37","modified_gmt":"2025-08-01T11:35:37","slug":"yoho-maple-c1-33x120cm","status":"publish","type":"product","link":"https:\/\/edyceramic-shop.ro\/en\/product\/yoho-maple-c1-33x120cm\/","title":{"rendered":"TREAPTA YOHO MAPLE C1 33x120cm"},"content":{"rendered":"<p>Treptele de 33&#215;120 cm de la Exagres, cu finisaj mat, sunt ideale pentru amenajarea sc\u0103rilor, oferind un echilibru perfect \u00eentre stil \u0219i func\u021bionalitate. Aceste trepte sunt concepute s\u0103 aduc\u0103 un aspect elegant \u0219i modern sc\u0103rilor, av\u00e2nd \u00een acela\u0219i timp caracteristici care asigur\u0103 durabilitate \u0219i siguran\u021b\u0103.<\/p>\n<p>Main features:<\/p>\n<p>Dimensiune: 33&#215;120 cm, ideal\u0103 pentru acoperirea treptelor, oferind un aspect uniform \u0219i sofisticat pe \u00eentreaga scar\u0103.<br \/>\nFinisaj: Mat, care confer\u0103 un aspect elegant \u0219i modern, reduc\u00e2nd reflexiile \u0219i ascunz\u00e2nd urmele \u0219i petele zilnice. Finisajul mat ajut\u0103 la men\u021binerea unui aspect curat \u0219i ordonat pe termen lung.<br \/>\nRezisten\u021b\u0103: Fabricate dintr-un material rezistent la uzur\u0103 \u0219i condi\u021bii meteorologice dificile, inclusiv \u00eenghe\u021b, fiind potrivite at\u00e2t pentru spa\u021bii interioare, c\u00e2t \u0219i exterioare. Treptele sunt concepute pentru a face fa\u021b\u0103 utiliz\u0103rii intensive \u0219i condi\u021biilor de mediu variate.<br \/>\nSiguran\u021b\u0103: Finisajul mat ofer\u0103 o aderen\u021b\u0103 bun\u0103, reduc\u00e2nd riscul de alunecare \u0219i asigur\u00e2nd siguran\u021ba utilizatorilor pe sc\u0103ri.<br \/>\nAceste trepte sunt livrate \u00een pachete ce acoper\u0103 o suprafa\u021b\u0103 generoas\u0103, facilit\u00e2nd instalarea eficient\u0103. Aleg\u00e2nd treptele de 33&#215;120 cm cu finisaj mat de la Exagres, vei ad\u0103uga un plus de rafinament \u0219i func\u021bionalitate sc\u0103rilor tale, av\u00e2nd \u00een acela\u0219i timp un produs care combin\u0103 estetic\u0103 \u0219i rezisten\u021b\u0103.<\/p>","protected":false},"excerpt":{"rendered":"<p>Treptele de 33&#215;120 cm de la Exagres, cu finisaj mat, sunt ideale pentru amenajarea sc\u0103rilor, oferind un echilibru perfect \u00eentre<\/p>","protected":false},"featured_media":17054,"template":"","meta":[],"product_brand":[],"product_cat":[2665],"product_tag":[],"class_list":{"0":"post-17052","1":"product","2":"type-product","3":"status-publish","4":"has-post-thumbnail","6":"product_cat-placi-pentru-scari","7":"pa_colectie-yoho","8":"pa_dimensiune-33x120cm","9":"pa_fabrica-exagres","10":"pa_finisaj-mat","11":"pa_numar-de-placi-in-pachet-1206","12":"pa_rectificat-da","14":"first","15":"instock","16":"purchasable","17":"product-type-simple"},"yoast_head":"<!-- This site is optimized with the Yoast SEO Premium plugin v21.6 (Yoast SEO v22.1) - https:\/\/yoast.com\/wordpress\/plugins\/seo\/ -->\n<title>TREAPTA YOHO MAPLE C1 33x120cm - Edyceramic - magazin online<\/title>\n<meta name=\"robots\" content=\"index, follow, max-snippet:-1, max-image-preview:large, max-video-preview:-1\" \/>\n<link rel=\"canonical\" href=\"https:\/\/edyceramic-shop.ro\/en\/product\/yoho-maple-c1-33x120cm\/\" \/>\n<meta property=\"og:locale\" content=\"en_US\" \/>\n<meta property=\"og:type\" content=\"article\" \/>\n<meta property=\"og:title\" content=\"TREAPTA YOHO MAPLE C1 33x120cm\" \/>\n<meta property=\"og:description\" content=\"Treptele de 33&#215;120 cm de la Exagres, cu finisaj mat, sunt ideale pentru amenajarea sc\u0103rilor, oferind un echilibru perfect \u00eentre\" \/>\n<meta property=\"og:url\" content=\"https:\/\/edyceramic-shop.ro\/en\/product\/yoho-maple-c1-33x120cm\/\" \/>\n<meta property=\"og:site_name\" content=\"Edyceramic - magazin online\" \/>\n<meta property=\"article:modified_time\" content=\"2025-08-01T11:35:37+00:00\" \/>\n<meta property=\"og:image\" content=\"https:\/\/edyceramic-shop.ro\/wp-content\/uploads\/2024\/09\/PELDANO-120-YOHO-NAT-MAPLE-1.webp\" \/>\n\t<meta property=\"og:image:width\" content=\"1485\" \/>\n\t<meta property=\"og:image:height\" content=\"785\" \/>\n\t<meta property=\"og:image:type\" content=\"image\/webp\" \/>\n<meta name=\"twitter:card\" content=\"summary_large_image\" \/>\n<meta name=\"twitter:label1\" content=\"Price\" \/>\n\t<meta name=\"twitter:data1\" content=\"359,00&nbsp;lei\" \/>\n\t<meta name=\"twitter:label2\" content=\"Availability\" \/>\n\t<meta name=\"twitter:data2\" content=\"In stock\" \/>\n<script type=\"application\/ld+json\" class=\"yoast-schema-graph\">{\"@context\":\"https:\/\/schema.org\",\"@graph\":[{\"@type\":\"WebPage\",\"@id\":\"https:\/\/edyceramic-shop.ro\/produs\/yoho-maple-c1-33x120cm\/\",\"url\":\"https:\/\/edyceramic-shop.ro\/produs\/yoho-maple-c1-33x120cm\/\",\"name\":\"TREAPTA YOHO MAPLE C1 33x120cm - Edyceramic - magazin online\",\"isPartOf\":{\"@id\":\"https:\/\/edyceramic-shop.ro\/ro\/#website\"},\"datePublished\":\"2024-09-22T20:07:54+00:00\",\"dateModified\":\"2025-08-01T11:35:37+00:00\",\"breadcrumb\":{\"@id\":\"https:\/\/edyceramic-shop.ro\/produs\/yoho-maple-c1-33x120cm\/#breadcrumb\"},\"inLanguage\":\"en-US\",\"potentialAction\":[{\"@type\":\"ReadAction\",\"target\":[\"https:\/\/edyceramic-shop.ro\/produs\/yoho-maple-c1-33x120cm\/\"]}]},{\"@type\":\"BreadcrumbList\",\"@id\":\"https:\/\/edyceramic-shop.ro\/produs\/yoho-maple-c1-33x120cm\/#breadcrumb\",\"itemListElement\":[{\"@type\":\"ListItem\",\"position\":1,\"name\":\"Home\",\"item\":\"https:\/\/edyceramic-shop.ro\/\"},{\"@type\":\"ListItem\",\"position\":2,\"name\":\"Shop\",\"item\":\"https:\/\/edyceramic-shop.ro\/ro\/shop\/\"},{\"@type\":\"ListItem\",\"position\":3,\"name\":\"TREAPTA YOHO MAPLE C1 33x120cm\"}]},{\"@type\":\"WebSite\",\"@id\":\"https:\/\/edyceramic-shop.ro\/ro\/#website\",\"url\":\"https:\/\/edyceramic-shop.ro\/ro\/\",\"name\":\"edyceramic.ro\",\"description\":\"\",\"publisher\":{\"@id\":\"https:\/\/edyceramic-shop.ro\/ro\/#organization\"},\"potentialAction\":[{\"@type\":\"SearchAction\",\"target\":{\"@type\":\"EntryPoint\",\"urlTemplate\":\"https:\/\/edyceramic-shop.ro\/ro\/?s={search_term_string}\"},\"query-input\":\"required name=search_term_string\"}],\"inLanguage\":\"en-US\"},{\"@type\":\"Organization\",\"@id\":\"https:\/\/edyceramic-shop.ro\/ro\/#organization\",\"name\":\"Edyceramic\",\"url\":\"https:\/\/edyceramic-shop.ro\/ro\/\",\"logo\":{\"@type\":\"ImageObject\",\"inLanguage\":\"en-US\",\"@id\":\"https:\/\/edyceramic-shop.ro\/ro\/#\/schema\/logo\/image\/\",\"url\":\"https:\/\/edyceramic-shop.ro\/wp-content\/uploads\/2024\/02\/Logo-EdyCeramic_2021-lung.png\",\"contentUrl\":\"https:\/\/edyceramic-shop.ro\/wp-content\/uploads\/2024\/02\/Logo-EdyCeramic_2021-lung.png\",\"width\":4491,\"height\":769,\"caption\":\"Edyceramic\"},\"image\":{\"@id\":\"https:\/\/edyceramic-shop.ro\/ro\/#\/schema\/logo\/image\/\"}}]}<\/script>\n<meta property=\"product:price:amount\" content=\"359.00\" \/>\n<meta property=\"product:price:currency\" content=\"RON\" \/>\n<meta property=\"og:availability\" content=\"instock\" \/>\n<meta property=\"product:availability\" content=\"instock\" \/>\n<meta property=\"product:retailer_item_id\" content=\"d29c601fd3fd\" \/>\n<meta property=\"product:condition\" content=\"new\" \/>\n<!-- \/ Yoast SEO Premium plugin. -->","yoast_head_json":{"title":"TREAPTA YOHO MAPLE C1 33x120cm - Edyceramic - magazin online","robots":{"index":"index","follow":"follow","max-snippet":"max-snippet:-1","max-image-preview":"max-image-preview:large","max-video-preview":"max-video-preview:-1"},"canonical":"https:\/\/edyceramic-shop.ro\/en\/product\/yoho-maple-c1-33x120cm\/","og_locale":"en_US","og_type":"article","og_title":"TREAPTA YOHO MAPLE C1 33x120cm","og_description":"Treptele de 33&#215;120 cm de la Exagres, cu finisaj mat, sunt ideale pentru amenajarea sc\u0103rilor, oferind un echilibru perfect \u00eentre","og_url":"https:\/\/edyceramic-shop.ro\/en\/product\/yoho-maple-c1-33x120cm\/","og_site_name":"Edyceramic - magazin online","article_modified_time":"2025-08-01T11:35:37+00:00","og_image":[{"width":1485,"height":785,"url":"https:\/\/edyceramic-shop.ro\/wp-content\/uploads\/2024\/09\/PELDANO-120-YOHO-NAT-MAPLE-1.webp","type":"image\/webp"}],"twitter_card":"summary_large_image","twitter_misc":{"Price":"359,00&nbsp;lei","Availability":"In stock"},"schema":{"@context":"https:\/\/schema.org","@graph":[{"@type":"WebPage","@id":"https:\/\/edyceramic-shop.ro\/produs\/yoho-maple-c1-33x120cm\/","url":"https:\/\/edyceramic-shop.ro\/produs\/yoho-maple-c1-33x120cm\/","name":"TREAPTA YOHO MAPLE C1 33x120cm - Edyceramic - magazin online","isPartOf":{"@id":"https:\/\/edyceramic-shop.ro\/ro\/#website"},"datePublished":"2024-09-22T20:07:54+00:00","dateModified":"2025-08-01T11:35:37+00:00","breadcrumb":{"@id":"https:\/\/edyceramic-shop.ro\/produs\/yoho-maple-c1-33x120cm\/#breadcrumb"},"inLanguage":"en-US","potentialAction":[{"@type":"ReadAction","target":["https:\/\/edyceramic-shop.ro\/produs\/yoho-maple-c1-33x120cm\/"]}]},{"@type":"BreadcrumbList","@id":"https:\/\/edyceramic-shop.ro\/produs\/yoho-maple-c1-33x120cm\/#breadcrumb","itemListElement":[{"@type":"ListItem","position":1,"name":"Home","item":"https:\/\/edyceramic-shop.ro\/"},{"@type":"ListItem","position":2,"name":"Shop","item":"https:\/\/edyceramic-shop.ro\/ro\/shop\/"},{"@type":"ListItem","position":3,"name":"TREAPTA YOHO MAPLE C1 33x120cm"}]},{"@type":"WebSite","@id":"https:\/\/edyceramic-shop.ro\/ro\/#website","url":"https:\/\/edyceramic-shop.ro\/ro\/","name":"edyceramic.ro","description":"","publisher":{"@id":"https:\/\/edyceramic-shop.ro\/ro\/#organization"},"potentialAction":[{"@type":"SearchAction","target":{"@type":"EntryPoint","urlTemplate":"https:\/\/edyceramic-shop.ro\/ro\/?s={search_term_string}"},"query-input":"required name=search_term_string"}],"inLanguage":"en-US"},{"@type":"Organization","@id":"https:\/\/edyceramic-shop.ro\/ro\/#organization","name":"Edyceramic","url":"https:\/\/edyceramic-shop.ro\/ro\/","logo":{"@type":"ImageObject","inLanguage":"en-US","@id":"https:\/\/edyceramic-shop.ro\/ro\/#\/schema\/logo\/image\/","url":"https:\/\/edyceramic-shop.ro\/wp-content\/uploads\/2024\/02\/Logo-EdyCeramic_2021-lung.png","contentUrl":"https:\/\/edyceramic-shop.ro\/wp-content\/uploads\/2024\/02\/Logo-EdyCeramic_2021-lung.png","width":4491,"height":769,"caption":"Edyceramic"},"image":{"@id":"https:\/\/edyceramic-shop.ro\/ro\/#\/schema\/logo\/image\/"}}]},"product_price_amount":"359.00","product_price_currency":"RON","og_availability":"instock","product_availability":"instock","product_retailer_item_id":"d29c601fd3fd","product_condition":"new"},"jetpack_sharing_enabled":true,"_links":{"self":[{"href":"https:\/\/edyceramic-shop.ro\/en\/wp-json\/wp\/v2\/product\/17052","targetHints":{"allow":["GET"]}}],"collection":[{"href":"https:\/\/edyceramic-shop.ro\/en\/wp-json\/wp\/v2\/product"}],"about":[{"href":"https:\/\/edyceramic-shop.ro\/en\/wp-json\/wp\/v2\/types\/product"}],"version-history":[{"count":3,"href":"https:\/\/edyceramic-shop.ro\/en\/wp-json\/wp\/v2\/product\/17052\/revisions"}],"predecessor-version":[{"id":21815,"href":"https:\/\/edyceramic-shop.ro\/en\/wp-json\/wp\/v2\/product\/17052\/revisions\/21815"}],"wp:featuredmedia":[{"embeddable":true,"href":"https:\/\/edyceramic-shop.ro\/en\/wp-json\/wp\/v2\/media\/17054"}],"wp:attachment":[{"href":"https:\/\/edyceramic-shop.ro\/en\/wp-json\/wp\/v2\/media?parent=17052"}],"wp:term":[{"taxonomy":"product_brand","embeddable":true,"href":"https:\/\/edyceramic-shop.ro\/en\/wp-json\/wp\/v2\/product_brand?post=17052"},{"taxonomy":"product_cat","embeddable":true,"href":"https:\/\/edyceramic-shop.ro\/en\/wp-json\/wp\/v2\/product_cat?post=17052"},{"taxonomy":"product_tag","embeddable":true,"href":"https:\/\/edyceramic-shop.ro\/en\/wp-json\/wp\/v2\/product_tag?post=17052"}],"curies":[{"name":"wp","href":"https:\/\/api.w.org\/{rel}","templated":true}]}}