{"id":16971,"date":"2024-09-22T20:07:09","date_gmt":"2024-09-22T20:07:09","guid":{"rendered":"https:\/\/edyceramic-shop.ro\/product\/stoneline-grey-r-9918-kai\/"},"modified":"2025-08-01T13:35:35","modified_gmt":"2025-08-01T11:35:35","slug":"stoneline-grey-r-9918-kai","status":"publish","type":"product","link":"https:\/\/edyceramic-shop.ro\/en\/product\/stoneline-grey-r-9918-kai\/","title":{"rendered":"Gresie STONELINE GREY R 9918 KAI 60x120cm"},"content":{"rendered":"<p>Gresia de 60&#215;120 cm de la Kai reprezint\u0103 alegerea ideal\u0103 pentru un design modern \u0219i sofisticat, combin\u00e2nd estetic\u0103 \u0219i durabilitate de excep\u021bie. Fabricat\u0103 de un lider recunoscut \u00een industria materialelor de construc\u021bii, aceast\u0103 gresie rectificat\u0103 se remarc\u0103 prin marginile sale t\u0103iate cu precizie, care permit un montaj cu rosturi minime \u0219i un aspect uniform \u0219i elegant.<\/p>\n<p>Cu dimensiunea sa generoas\u0103 de 60&#215;120 cm, pl\u0103cile sunt perfecte pentru acoperirea suprafe\u021belor mari, cre\u00e2nd un efect vizual continuu \u0219i impresionant. Finisajul mat adaug\u0103 un plus de modernitate \u0219i ascunde urmele zilnice, men\u021bin\u00e2nd un aspect impecabil.<\/p>\n<p>Aceste pl\u0103ci sunt rezistente la \u00eenghe\u021b, ceea ce le face ideale pentru utilizare \u00een exterior, pe terase \u0219i alte spa\u021bii expuse condi\u021biilor climatice variate. Fiecare cutie con\u021bine dou\u0103 pl\u0103ci, acoperind o suprafa\u021b\u0103 total\u0103 de 1.44 mp, facilit\u00e2nd instalarea eficient\u0103 \u0219i rapid\u0103.<\/p>\n<p>Aleg\u00e2nd gresia de 60&#215;120 cm de la Kai, opta\u021bi pentru un produs de \u00eenalt\u0103 calitate, care aduce un plus de rafinament \u0219i durabilitate \u00een orice amenajare interioar\u0103 sau exterioar\u0103.<\/p>","protected":false},"excerpt":{"rendered":"<p>Gresia de 60&#215;120 cm de la Kai reprezint\u0103 alegerea ideal\u0103 pentru un design modern \u0219i sofisticat, combin\u00e2nd estetic\u0103 \u0219i durabilitate<\/p>","protected":false},"featured_media":16973,"template":"","meta":[],"product_brand":[],"product_cat":[301,467],"product_tag":[],"class_list":{"0":"post-16971","1":"product","2":"type-product","3":"status-publish","4":"has-post-thumbnail","6":"product_cat-gresie","7":"product_cat-gresie-si-faianta","8":"pa_ambalare-1-44mp-cutie","9":"pa_colectie-stoneline","10":"pa_dimensiune-60x120cm","11":"pa_fabrica-kai","12":"pa_finisaj-mat","13":"pa_numar-de-placi-in-pachet-1206","14":"pa_rectificat-da","16":"first","17":"instock","18":"purchasable","19":"product-type-simple"},"yoast_head":"<!-- This site is optimized with the Yoast SEO Premium plugin v21.6 (Yoast SEO v22.1) - https:\/\/yoast.com\/wordpress\/plugins\/seo\/ -->\n<title>Gresie STONELINE GREY R 9918 KAI 60x120cm - Edyceramic - magazin online<\/title>\n<meta name=\"robots\" content=\"index, follow, max-snippet:-1, max-image-preview:large, max-video-preview:-1\" \/>\n<link rel=\"canonical\" href=\"https:\/\/edyceramic-shop.ro\/en\/product\/stoneline-grey-r-9918-kai\/\" \/>\n<meta property=\"og:locale\" content=\"en_US\" \/>\n<meta property=\"og:type\" content=\"article\" \/>\n<meta property=\"og:title\" content=\"Gresie STONELINE GREY R 9918 KAI 60x120cm\" \/>\n<meta property=\"og:description\" content=\"Gresia de 60&#215;120 cm de la Kai reprezint\u0103 alegerea ideal\u0103 pentru un design modern \u0219i sofisticat, combin\u00e2nd estetic\u0103 \u0219i durabilitate\" \/>\n<meta property=\"og:url\" content=\"https:\/\/edyceramic-shop.ro\/en\/product\/stoneline-grey-r-9918-kai\/\" \/>\n<meta property=\"og:site_name\" content=\"Edyceramic - magazin online\" \/>\n<meta property=\"article:modified_time\" content=\"2025-08-01T11:35:35+00:00\" \/>\n<meta property=\"og:image\" content=\"https:\/\/edyceramic-shop.ro\/wp-content\/uploads\/2024\/09\/stoneline-grey-60x120-1.webp\" \/>\n\t<meta property=\"og:image:width\" content=\"1000\" \/>\n\t<meta property=\"og:image:height\" content=\"1000\" \/>\n\t<meta property=\"og:image:type\" content=\"image\/webp\" \/>\n<meta name=\"twitter:card\" content=\"summary_large_image\" \/>\n<meta name=\"twitter:label1\" content=\"Price\" \/>\n\t<meta name=\"twitter:data1\" content=\"131,00&nbsp;lei\" \/>\n\t<meta name=\"twitter:label2\" content=\"Availability\" \/>\n\t<meta name=\"twitter:data2\" content=\"In stock\" \/>\n<script type=\"application\/ld+json\" class=\"yoast-schema-graph\">{\"@context\":\"https:\/\/schema.org\",\"@graph\":[{\"@type\":\"WebPage\",\"@id\":\"https:\/\/edyceramic-shop.ro\/produs\/stoneline-grey-r-9918-kai\/\",\"url\":\"https:\/\/edyceramic-shop.ro\/produs\/stoneline-grey-r-9918-kai\/\",\"name\":\"Gresie STONELINE GREY R 9918 KAI 60x120cm - Edyceramic - magazin online\",\"isPartOf\":{\"@id\":\"https:\/\/edyceramic-shop.ro\/ro\/#website\"},\"datePublished\":\"2024-09-22T20:07:09+00:00\",\"dateModified\":\"2025-08-01T11:35:35+00:00\",\"breadcrumb\":{\"@id\":\"https:\/\/edyceramic-shop.ro\/produs\/stoneline-grey-r-9918-kai\/#breadcrumb\"},\"inLanguage\":\"en-US\",\"potentialAction\":[{\"@type\":\"ReadAction\",\"target\":[\"https:\/\/edyceramic-shop.ro\/produs\/stoneline-grey-r-9918-kai\/\"]}]},{\"@type\":\"BreadcrumbList\",\"@id\":\"https:\/\/edyceramic-shop.ro\/produs\/stoneline-grey-r-9918-kai\/#breadcrumb\",\"itemListElement\":[{\"@type\":\"ListItem\",\"position\":1,\"name\":\"Home\",\"item\":\"https:\/\/edyceramic-shop.ro\/\"},{\"@type\":\"ListItem\",\"position\":2,\"name\":\"Shop\",\"item\":\"https:\/\/edyceramic-shop.ro\/ro\/shop\/\"},{\"@type\":\"ListItem\",\"position\":3,\"name\":\"Gresie STONELINE GREY R 9918 KAI 60x120cm\"}]},{\"@type\":\"WebSite\",\"@id\":\"https:\/\/edyceramic-shop.ro\/ro\/#website\",\"url\":\"https:\/\/edyceramic-shop.ro\/ro\/\",\"name\":\"edyceramic.ro\",\"description\":\"\",\"publisher\":{\"@id\":\"https:\/\/edyceramic-shop.ro\/ro\/#organization\"},\"potentialAction\":[{\"@type\":\"SearchAction\",\"target\":{\"@type\":\"EntryPoint\",\"urlTemplate\":\"https:\/\/edyceramic-shop.ro\/ro\/?s={search_term_string}\"},\"query-input\":\"required name=search_term_string\"}],\"inLanguage\":\"en-US\"},{\"@type\":\"Organization\",\"@id\":\"https:\/\/edyceramic-shop.ro\/ro\/#organization\",\"name\":\"Edyceramic\",\"url\":\"https:\/\/edyceramic-shop.ro\/ro\/\",\"logo\":{\"@type\":\"ImageObject\",\"inLanguage\":\"en-US\",\"@id\":\"https:\/\/edyceramic-shop.ro\/ro\/#\/schema\/logo\/image\/\",\"url\":\"https:\/\/edyceramic-shop.ro\/wp-content\/uploads\/2024\/02\/Logo-EdyCeramic_2021-lung.png\",\"contentUrl\":\"https:\/\/edyceramic-shop.ro\/wp-content\/uploads\/2024\/02\/Logo-EdyCeramic_2021-lung.png\",\"width\":4491,\"height\":769,\"caption\":\"Edyceramic\"},\"image\":{\"@id\":\"https:\/\/edyceramic-shop.ro\/ro\/#\/schema\/logo\/image\/\"}}]}<\/script>\n<meta property=\"product:price:amount\" content=\"131.00\" \/>\n<meta property=\"product:price:currency\" content=\"RON\" \/>\n<meta property=\"og:availability\" content=\"instock\" \/>\n<meta property=\"product:availability\" content=\"instock\" \/>\n<meta property=\"product:retailer_item_id\" content=\"02f05280aaa6\" \/>\n<meta property=\"product:condition\" content=\"new\" \/>\n<!-- \/ Yoast SEO Premium plugin. -->","yoast_head_json":{"title":"Gresie STONELINE GREY R 9918 KAI 60x120cm - Edyceramic - magazin online","robots":{"index":"index","follow":"follow","max-snippet":"max-snippet:-1","max-image-preview":"max-image-preview:large","max-video-preview":"max-video-preview:-1"},"canonical":"https:\/\/edyceramic-shop.ro\/en\/product\/stoneline-grey-r-9918-kai\/","og_locale":"en_US","og_type":"article","og_title":"Gresie STONELINE GREY R 9918 KAI 60x120cm","og_description":"Gresia de 60&#215;120 cm de la Kai reprezint\u0103 alegerea ideal\u0103 pentru un design modern \u0219i sofisticat, combin\u00e2nd estetic\u0103 \u0219i durabilitate","og_url":"https:\/\/edyceramic-shop.ro\/en\/product\/stoneline-grey-r-9918-kai\/","og_site_name":"Edyceramic - magazin online","article_modified_time":"2025-08-01T11:35:35+00:00","og_image":[{"width":1000,"height":1000,"url":"https:\/\/edyceramic-shop.ro\/wp-content\/uploads\/2024\/09\/stoneline-grey-60x120-1.webp","type":"image\/webp"}],"twitter_card":"summary_large_image","twitter_misc":{"Price":"131,00&nbsp;lei","Availability":"In stock"},"schema":{"@context":"https:\/\/schema.org","@graph":[{"@type":"WebPage","@id":"https:\/\/edyceramic-shop.ro\/produs\/stoneline-grey-r-9918-kai\/","url":"https:\/\/edyceramic-shop.ro\/produs\/stoneline-grey-r-9918-kai\/","name":"Gresie STONELINE GREY R 9918 KAI 60x120cm - Edyceramic - magazin online","isPartOf":{"@id":"https:\/\/edyceramic-shop.ro\/ro\/#website"},"datePublished":"2024-09-22T20:07:09+00:00","dateModified":"2025-08-01T11:35:35+00:00","breadcrumb":{"@id":"https:\/\/edyceramic-shop.ro\/produs\/stoneline-grey-r-9918-kai\/#breadcrumb"},"inLanguage":"en-US","potentialAction":[{"@type":"ReadAction","target":["https:\/\/edyceramic-shop.ro\/produs\/stoneline-grey-r-9918-kai\/"]}]},{"@type":"BreadcrumbList","@id":"https:\/\/edyceramic-shop.ro\/produs\/stoneline-grey-r-9918-kai\/#breadcrumb","itemListElement":[{"@type":"ListItem","position":1,"name":"Home","item":"https:\/\/edyceramic-shop.ro\/"},{"@type":"ListItem","position":2,"name":"Shop","item":"https:\/\/edyceramic-shop.ro\/ro\/shop\/"},{"@type":"ListItem","position":3,"name":"Gresie STONELINE GREY R 9918 KAI 60x120cm"}]},{"@type":"WebSite","@id":"https:\/\/edyceramic-shop.ro\/ro\/#website","url":"https:\/\/edyceramic-shop.ro\/ro\/","name":"edyceramic.ro","description":"","publisher":{"@id":"https:\/\/edyceramic-shop.ro\/ro\/#organization"},"potentialAction":[{"@type":"SearchAction","target":{"@type":"EntryPoint","urlTemplate":"https:\/\/edyceramic-shop.ro\/ro\/?s={search_term_string}"},"query-input":"required name=search_term_string"}],"inLanguage":"en-US"},{"@type":"Organization","@id":"https:\/\/edyceramic-shop.ro\/ro\/#organization","name":"Edyceramic","url":"https:\/\/edyceramic-shop.ro\/ro\/","logo":{"@type":"ImageObject","inLanguage":"en-US","@id":"https:\/\/edyceramic-shop.ro\/ro\/#\/schema\/logo\/image\/","url":"https:\/\/edyceramic-shop.ro\/wp-content\/uploads\/2024\/02\/Logo-EdyCeramic_2021-lung.png","contentUrl":"https:\/\/edyceramic-shop.ro\/wp-content\/uploads\/2024\/02\/Logo-EdyCeramic_2021-lung.png","width":4491,"height":769,"caption":"Edyceramic"},"image":{"@id":"https:\/\/edyceramic-shop.ro\/ro\/#\/schema\/logo\/image\/"}}]},"product_price_amount":"131.00","product_price_currency":"RON","og_availability":"instock","product_availability":"instock","product_retailer_item_id":"02f05280aaa6","product_condition":"new"},"jetpack_sharing_enabled":true,"_links":{"self":[{"href":"https:\/\/edyceramic-shop.ro\/en\/wp-json\/wp\/v2\/product\/16971","targetHints":{"allow":["GET"]}}],"collection":[{"href":"https:\/\/edyceramic-shop.ro\/en\/wp-json\/wp\/v2\/product"}],"about":[{"href":"https:\/\/edyceramic-shop.ro\/en\/wp-json\/wp\/v2\/types\/product"}],"version-history":[{"count":3,"href":"https:\/\/edyceramic-shop.ro\/en\/wp-json\/wp\/v2\/product\/16971\/revisions"}],"predecessor-version":[{"id":22746,"href":"https:\/\/edyceramic-shop.ro\/en\/wp-json\/wp\/v2\/product\/16971\/revisions\/22746"}],"wp:featuredmedia":[{"embeddable":true,"href":"https:\/\/edyceramic-shop.ro\/en\/wp-json\/wp\/v2\/media\/16973"}],"wp:attachment":[{"href":"https:\/\/edyceramic-shop.ro\/en\/wp-json\/wp\/v2\/media?parent=16971"}],"wp:term":[{"taxonomy":"product_brand","embeddable":true,"href":"https:\/\/edyceramic-shop.ro\/en\/wp-json\/wp\/v2\/product_brand?post=16971"},{"taxonomy":"product_cat","embeddable":true,"href":"https:\/\/edyceramic-shop.ro\/en\/wp-json\/wp\/v2\/product_cat?post=16971"},{"taxonomy":"product_tag","embeddable":true,"href":"https:\/\/edyceramic-shop.ro\/en\/wp-json\/wp\/v2\/product_tag?post=16971"}],"curies":[{"name":"wp","href":"https:\/\/api.w.org\/{rel}","templated":true}]}}