{"id":16866,"date":"2024-09-22T20:06:12","date_gmt":"2024-09-22T20:06:12","guid":{"rendered":"https:\/\/edyceramic-shop.ro\/product\/aspen-grey-rt-9939-kai\/"},"modified":"2025-08-01T13:35:31","modified_gmt":"2025-08-01T11:35:31","slug":"aspen-grey-rt-9939-kai","status":"publish","type":"product","link":"https:\/\/edyceramic-shop.ro\/en\/product\/aspen-grey-rt-9939-kai\/","title":{"rendered":"Gresie ASPEN GREY RT 9939 KAI 20x120cm"},"content":{"rendered":"<p>Solu\u021bia ideal\u0103 pentru un design sofisticat \u0219i durabil<\/p>\n<p>Colec\u021bia de gresie tip parchet cu dimensiunea de 20&#215;120 cm de la Kai este destinat\u0103 celor care apreciaz\u0103 at\u00e2t estetica deosebit\u0103, c\u00e2t \u0219i durabilitatea materialelor de construc\u021bie. Inspirat\u0103 din frumuse\u021bea natural\u0103 a lemnului, aceast\u0103 colec\u021bie ofer\u0103 o gam\u0103 larg\u0103 de nuan\u021be care se integreaz\u0103 perfect \u00een orice stil de amenajare, de la rustic la modern. Fiecare plac\u0103 este conceput\u0103 pentru a imita fidel textura \u0219i culorile lemnului, oferind \u00een acela\u0219i timp toate avantajele gresiei, cum ar fi rezisten\u021ba la uzur\u0103 \u0219i \u00eentre\u021binerea u\u0219oar\u0103.<\/p>\n<p>Aceast\u0103 gam\u0103 este ideal\u0103 pentru utilizare \u00een spa\u021bii mari, precum livinguri deschise, holuri, s\u0103li de conferin\u021be sau spa\u021bii comerciale, unde aspectul \u0219i rezisten\u021ba sunt esen\u021biale. Finisajul mat al pl\u0103cilor adaug\u0103 un plus de elegan\u021b\u0103, iar rezisten\u021ba la \u00eenghe\u021b asigur\u0103 durabilitatea produsului chiar \u0219i \u00een cele mai dure condi\u021bii. Pl\u0103cile sunt rectificate, oferind posibilitatea unui montaj precis, cu rosturi \u00eenguste, care contribuie la crearea unei suprafe\u021be continue \u0219i estetic pl\u0103cute.<\/p>\n<p>Cu un ambalaj de 0.96 mp pe cutie \u0219i 4 pl\u0103ci per cutie, aceast\u0103 colec\u021bie este practic\u0103 \u0219i eficient\u0103 pentru proiecte de orice dimensiune, asigur\u00e2ndu-\u021bi materiale de calitate superioar\u0103 care vor rezista testului timpului, p\u0103str\u00e2ndu-\u0219i aspectul impecabil pentru mul\u021bi ani.<\/p>\n<p>Aceste descrieri sunt adaptate pentru a oferi o imagine clar\u0103 \u0219i detaliat\u0103 asupra fiec\u0103rei colec\u021bii de gresie tip parchet de la Kai, pe dimensiunile respective. Dac\u0103 ai nevoie de alte informa\u021bii suplimentare sau de personalizarea unor descrieri specifice, sunt aici s\u0103 te ajut!<\/p>","protected":false},"excerpt":{"rendered":"<p>Solu\u021bia ideal\u0103 pentru un design sofisticat \u0219i durabil Colec\u021bia de gresie tip parchet cu dimensiunea de 20&#215;120 cm de la<\/p>","protected":false},"featured_media":16868,"template":"","meta":[],"product_brand":[],"product_cat":[301,467],"product_tag":[],"class_list":{"0":"post-16866","1":"product","2":"type-product","3":"status-publish","4":"has-post-thumbnail","6":"product_cat-gresie","7":"product_cat-gresie-si-faianta","8":"pa_ambalare-0-96mp-cutie","9":"pa_colectie-aspen","10":"pa_dimensiune-20x120cm","11":"pa_fabrica-kai","12":"pa_finisaj-mat","13":"pa_numar-de-placi-in-pachet-1216","14":"pa_rectificat-da","16":"first","17":"instock","18":"purchasable","19":"product-type-simple"},"yoast_head":"<!-- This site is optimized with the Yoast SEO Premium plugin v21.6 (Yoast SEO v22.1) - https:\/\/yoast.com\/wordpress\/plugins\/seo\/ -->\n<title>Gresie ASPEN GREY RT 9939 KAI 20x120cm - Edyceramic - magazin online<\/title>\n<meta name=\"robots\" content=\"index, follow, max-snippet:-1, max-image-preview:large, max-video-preview:-1\" \/>\n<link rel=\"canonical\" href=\"https:\/\/edyceramic-shop.ro\/en\/product\/aspen-grey-rt-9939-kai\/\" \/>\n<meta property=\"og:locale\" content=\"en_US\" \/>\n<meta property=\"og:type\" content=\"article\" \/>\n<meta property=\"og:title\" content=\"Gresie ASPEN GREY RT 9939 KAI 20x120cm\" \/>\n<meta property=\"og:description\" content=\"Solu\u021bia ideal\u0103 pentru un design sofisticat \u0219i durabil Colec\u021bia de gresie tip parchet cu dimensiunea de 20&#215;120 cm de la\" \/>\n<meta property=\"og:url\" content=\"https:\/\/edyceramic-shop.ro\/en\/product\/aspen-grey-rt-9939-kai\/\" \/>\n<meta property=\"og:site_name\" content=\"Edyceramic - magazin online\" \/>\n<meta property=\"article:modified_time\" content=\"2025-08-01T11:35:31+00:00\" \/>\n<meta property=\"og:image\" content=\"https:\/\/edyceramic-shop.ro\/wp-content\/uploads\/2024\/09\/20x120_pt_aspen_grey_f1_9939r.webp\" \/>\n\t<meta property=\"og:image:width\" content=\"560\" \/>\n\t<meta property=\"og:image:height\" content=\"560\" \/>\n\t<meta property=\"og:image:type\" content=\"image\/jpeg\" \/>\n<meta name=\"twitter:card\" content=\"summary_large_image\" \/>\n<meta name=\"twitter:label1\" content=\"Price\" \/>\n\t<meta name=\"twitter:data1\" content=\"131,00&nbsp;lei\" \/>\n\t<meta name=\"twitter:label2\" content=\"Availability\" \/>\n\t<meta name=\"twitter:data2\" content=\"In stock\" \/>\n<script type=\"application\/ld+json\" class=\"yoast-schema-graph\">{\"@context\":\"https:\/\/schema.org\",\"@graph\":[{\"@type\":\"WebPage\",\"@id\":\"https:\/\/edyceramic-shop.ro\/produs\/aspen-grey-rt-9939-kai\/\",\"url\":\"https:\/\/edyceramic-shop.ro\/produs\/aspen-grey-rt-9939-kai\/\",\"name\":\"Gresie ASPEN GREY RT 9939 KAI 20x120cm - Edyceramic - magazin online\",\"isPartOf\":{\"@id\":\"https:\/\/edyceramic-shop.ro\/ro\/#website\"},\"datePublished\":\"2024-09-22T20:06:12+00:00\",\"dateModified\":\"2025-08-01T11:35:31+00:00\",\"breadcrumb\":{\"@id\":\"https:\/\/edyceramic-shop.ro\/produs\/aspen-grey-rt-9939-kai\/#breadcrumb\"},\"inLanguage\":\"en-US\",\"potentialAction\":[{\"@type\":\"ReadAction\",\"target\":[\"https:\/\/edyceramic-shop.ro\/produs\/aspen-grey-rt-9939-kai\/\"]}]},{\"@type\":\"BreadcrumbList\",\"@id\":\"https:\/\/edyceramic-shop.ro\/produs\/aspen-grey-rt-9939-kai\/#breadcrumb\",\"itemListElement\":[{\"@type\":\"ListItem\",\"position\":1,\"name\":\"Home\",\"item\":\"https:\/\/edyceramic-shop.ro\/\"},{\"@type\":\"ListItem\",\"position\":2,\"name\":\"Shop\",\"item\":\"https:\/\/edyceramic-shop.ro\/ro\/shop\/\"},{\"@type\":\"ListItem\",\"position\":3,\"name\":\"Gresie ASPEN GREY RT 9939 KAI 20x120cm\"}]},{\"@type\":\"WebSite\",\"@id\":\"https:\/\/edyceramic-shop.ro\/ro\/#website\",\"url\":\"https:\/\/edyceramic-shop.ro\/ro\/\",\"name\":\"edyceramic.ro\",\"description\":\"\",\"publisher\":{\"@id\":\"https:\/\/edyceramic-shop.ro\/ro\/#organization\"},\"potentialAction\":[{\"@type\":\"SearchAction\",\"target\":{\"@type\":\"EntryPoint\",\"urlTemplate\":\"https:\/\/edyceramic-shop.ro\/ro\/?s={search_term_string}\"},\"query-input\":\"required name=search_term_string\"}],\"inLanguage\":\"en-US\"},{\"@type\":\"Organization\",\"@id\":\"https:\/\/edyceramic-shop.ro\/ro\/#organization\",\"name\":\"Edyceramic\",\"url\":\"https:\/\/edyceramic-shop.ro\/ro\/\",\"logo\":{\"@type\":\"ImageObject\",\"inLanguage\":\"en-US\",\"@id\":\"https:\/\/edyceramic-shop.ro\/ro\/#\/schema\/logo\/image\/\",\"url\":\"https:\/\/edyceramic-shop.ro\/wp-content\/uploads\/2024\/02\/Logo-EdyCeramic_2021-lung.png\",\"contentUrl\":\"https:\/\/edyceramic-shop.ro\/wp-content\/uploads\/2024\/02\/Logo-EdyCeramic_2021-lung.png\",\"width\":4491,\"height\":769,\"caption\":\"Edyceramic\"},\"image\":{\"@id\":\"https:\/\/edyceramic-shop.ro\/ro\/#\/schema\/logo\/image\/\"}}]}<\/script>\n<meta property=\"product:price:amount\" content=\"131.00\" \/>\n<meta property=\"product:price:currency\" content=\"RON\" \/>\n<meta property=\"og:availability\" content=\"instock\" \/>\n<meta property=\"product:availability\" content=\"instock\" \/>\n<meta property=\"product:retailer_item_id\" content=\"5b5cea1f1cfc\" \/>\n<meta property=\"product:condition\" content=\"new\" \/>\n<!-- \/ Yoast SEO Premium plugin. -->","yoast_head_json":{"title":"Gresie ASPEN GREY RT 9939 KAI 20x120cm - Edyceramic - magazin online","robots":{"index":"index","follow":"follow","max-snippet":"max-snippet:-1","max-image-preview":"max-image-preview:large","max-video-preview":"max-video-preview:-1"},"canonical":"https:\/\/edyceramic-shop.ro\/en\/product\/aspen-grey-rt-9939-kai\/","og_locale":"en_US","og_type":"article","og_title":"Gresie ASPEN GREY RT 9939 KAI 20x120cm","og_description":"Solu\u021bia ideal\u0103 pentru un design sofisticat \u0219i durabil Colec\u021bia de gresie tip parchet cu dimensiunea de 20&#215;120 cm de la","og_url":"https:\/\/edyceramic-shop.ro\/en\/product\/aspen-grey-rt-9939-kai\/","og_site_name":"Edyceramic - magazin online","article_modified_time":"2025-08-01T11:35:31+00:00","og_image":[{"width":560,"height":560,"url":"https:\/\/edyceramic-shop.ro\/wp-content\/uploads\/2024\/09\/20x120_pt_aspen_grey_f1_9939r.webp","type":"image\/jpeg"}],"twitter_card":"summary_large_image","twitter_misc":{"Price":"131,00&nbsp;lei","Availability":"In stock"},"schema":{"@context":"https:\/\/schema.org","@graph":[{"@type":"WebPage","@id":"https:\/\/edyceramic-shop.ro\/produs\/aspen-grey-rt-9939-kai\/","url":"https:\/\/edyceramic-shop.ro\/produs\/aspen-grey-rt-9939-kai\/","name":"Gresie ASPEN GREY RT 9939 KAI 20x120cm - Edyceramic - magazin online","isPartOf":{"@id":"https:\/\/edyceramic-shop.ro\/ro\/#website"},"datePublished":"2024-09-22T20:06:12+00:00","dateModified":"2025-08-01T11:35:31+00:00","breadcrumb":{"@id":"https:\/\/edyceramic-shop.ro\/produs\/aspen-grey-rt-9939-kai\/#breadcrumb"},"inLanguage":"en-US","potentialAction":[{"@type":"ReadAction","target":["https:\/\/edyceramic-shop.ro\/produs\/aspen-grey-rt-9939-kai\/"]}]},{"@type":"BreadcrumbList","@id":"https:\/\/edyceramic-shop.ro\/produs\/aspen-grey-rt-9939-kai\/#breadcrumb","itemListElement":[{"@type":"ListItem","position":1,"name":"Home","item":"https:\/\/edyceramic-shop.ro\/"},{"@type":"ListItem","position":2,"name":"Shop","item":"https:\/\/edyceramic-shop.ro\/ro\/shop\/"},{"@type":"ListItem","position":3,"name":"Gresie ASPEN GREY RT 9939 KAI 20x120cm"}]},{"@type":"WebSite","@id":"https:\/\/edyceramic-shop.ro\/ro\/#website","url":"https:\/\/edyceramic-shop.ro\/ro\/","name":"edyceramic.ro","description":"","publisher":{"@id":"https:\/\/edyceramic-shop.ro\/ro\/#organization"},"potentialAction":[{"@type":"SearchAction","target":{"@type":"EntryPoint","urlTemplate":"https:\/\/edyceramic-shop.ro\/ro\/?s={search_term_string}"},"query-input":"required name=search_term_string"}],"inLanguage":"en-US"},{"@type":"Organization","@id":"https:\/\/edyceramic-shop.ro\/ro\/#organization","name":"Edyceramic","url":"https:\/\/edyceramic-shop.ro\/ro\/","logo":{"@type":"ImageObject","inLanguage":"en-US","@id":"https:\/\/edyceramic-shop.ro\/ro\/#\/schema\/logo\/image\/","url":"https:\/\/edyceramic-shop.ro\/wp-content\/uploads\/2024\/02\/Logo-EdyCeramic_2021-lung.png","contentUrl":"https:\/\/edyceramic-shop.ro\/wp-content\/uploads\/2024\/02\/Logo-EdyCeramic_2021-lung.png","width":4491,"height":769,"caption":"Edyceramic"},"image":{"@id":"https:\/\/edyceramic-shop.ro\/ro\/#\/schema\/logo\/image\/"}}]},"product_price_amount":"131.00","product_price_currency":"RON","og_availability":"instock","product_availability":"instock","product_retailer_item_id":"5b5cea1f1cfc","product_condition":"new"},"jetpack_sharing_enabled":true,"_links":{"self":[{"href":"https:\/\/edyceramic-shop.ro\/en\/wp-json\/wp\/v2\/product\/16866","targetHints":{"allow":["GET"]}}],"collection":[{"href":"https:\/\/edyceramic-shop.ro\/en\/wp-json\/wp\/v2\/product"}],"about":[{"href":"https:\/\/edyceramic-shop.ro\/en\/wp-json\/wp\/v2\/types\/product"}],"version-history":[{"count":3,"href":"https:\/\/edyceramic-shop.ro\/en\/wp-json\/wp\/v2\/product\/16866\/revisions"}],"predecessor-version":[{"id":22809,"href":"https:\/\/edyceramic-shop.ro\/en\/wp-json\/wp\/v2\/product\/16866\/revisions\/22809"}],"wp:featuredmedia":[{"embeddable":true,"href":"https:\/\/edyceramic-shop.ro\/en\/wp-json\/wp\/v2\/media\/16868"}],"wp:attachment":[{"href":"https:\/\/edyceramic-shop.ro\/en\/wp-json\/wp\/v2\/media?parent=16866"}],"wp:term":[{"taxonomy":"product_brand","embeddable":true,"href":"https:\/\/edyceramic-shop.ro\/en\/wp-json\/wp\/v2\/product_brand?post=16866"},{"taxonomy":"product_cat","embeddable":true,"href":"https:\/\/edyceramic-shop.ro\/en\/wp-json\/wp\/v2\/product_cat?post=16866"},{"taxonomy":"product_tag","embeddable":true,"href":"https:\/\/edyceramic-shop.ro\/en\/wp-json\/wp\/v2\/product_tag?post=16866"}],"curies":[{"name":"wp","href":"https:\/\/api.w.org\/{rel}","templated":true}]}}