{"id":16805,"date":"2024-09-22T20:05:43","date_gmt":"2024-09-22T20:05:43","guid":{"rendered":"https:\/\/edyceramic-shop.ro\/product\/sierra-grey-9208-kai\/"},"modified":"2025-08-01T13:35:29","modified_gmt":"2025-08-01T11:35:29","slug":"sierra-grey-9208-kai","status":"publish","type":"product","link":"https:\/\/edyceramic-shop.ro\/en\/product\/sierra-grey-9208-kai\/","title":{"rendered":"Gresie SIERRA GREY 9208 KAI 15x90cm"},"content":{"rendered":"<p>Elegan\u021b\u0103 natural\u0103 \u0219i func\u021bionalitate \u00eentr-o singur\u0103 colec\u021bie<br \/>\nGresia tip parchet cu dimensiunea de 15&#215;90 cm de la Kai reprezint\u0103 alegerea ideal\u0103 pentru cei care doresc s\u0103 \u00eembine estetica lemnului natural cu durabilitatea superioar\u0103 a gresiei. Aceste pl\u0103ci sunt proiectate pentru a aduce un aspect elegant \u0219i sofisticat \u00een orice spa\u021biu, fie el interior sau exterior. Cu un finisaj mat rafinat \u0219i o grosime generoas\u0103, pl\u0103cile din aceast\u0103 colec\u021bie aduc un aer modern \u0219i natural \u00een \u00eenc\u0103perile tale.<\/p>\n<p>Indiferent dac\u0103 dore\u0219ti s\u0103 \u00eembun\u0103t\u0103\u021be\u0219ti aspectul livingului, s\u0103 aduci o not\u0103 de c\u0103ldur\u0103 \u00een dormitor sau s\u0103 creezi o teras\u0103 cu un design contemporan, aceast\u0103 gresie se integreaz\u0103 perfect \u00een orice decor. Textura sa fin\u0103 \u0219i aspectul autentic de lemn adaug\u0103 profunzime \u0219i caracter oric\u0103rui spa\u021biu, men\u021bin\u00e2nd \u00een acela\u0219i timp un nivel ridicat de func\u021bionalitate. Datorit\u0103 rezisten\u021bei la \u00eenghe\u021b, aceste pl\u0103ci sunt ideale pentru zonele expuse la temperaturi sc\u0103zute, asigur\u00e2ndu-\u021bi astfel un produs care \u00ee\u0219i p\u0103streaz\u0103 calit\u0103\u021bile \u00een timp.<\/p>\n<p>Pl\u0103cile sunt ambalate convenabil \u00een cutii de 1.08 mp, cu 8 pl\u0103ci per cutie, oferind un raport excelent \u00eentre calitate \u0219i estetic\u0103. Aceast\u0103 colec\u021bie este potrivit\u0103 pentru orice proiect de amenajare interioar\u0103 sau exterioar\u0103, aduc\u00e2nd un plus de rafinament \u0219i durabilitate \u00een spa\u021biile tale.<\/p>","protected":false},"excerpt":{"rendered":"<p>Elegan\u021b\u0103 natural\u0103 \u0219i func\u021bionalitate \u00eentr-o singur\u0103 colec\u021bie Gresia tip parchet cu dimensiunea de 15&#215;90 cm de la Kai reprezint\u0103 alegerea<\/p>","protected":false},"featured_media":16807,"template":"","meta":[],"product_brand":[],"product_cat":[301,467],"product_tag":[],"class_list":{"0":"post-16805","1":"product","2":"type-product","3":"status-publish","4":"has-post-thumbnail","6":"product_cat-gresie","7":"product_cat-gresie-si-faianta","8":"pa_ambalare-1-08mp-cutie","9":"pa_colectie-sierra","10":"pa_dimensiune-15x90cm","11":"pa_fabrica-kai","12":"pa_finisaj-mat","13":"pa_numar-de-placi-in-pachet-868","14":"pa_rectificat-nu","16":"first","17":"instock","18":"purchasable","19":"product-type-simple"},"yoast_head":"<!-- This site is optimized with the Yoast SEO Premium plugin v21.6 (Yoast SEO v22.1) - https:\/\/yoast.com\/wordpress\/plugins\/seo\/ -->\n<title>Gresie SIERRA GREY 9208 KAI 15x90cm - Edyceramic - magazin online<\/title>\n<meta name=\"robots\" content=\"index, follow, max-snippet:-1, max-image-preview:large, max-video-preview:-1\" \/>\n<link rel=\"canonical\" href=\"https:\/\/edyceramic-shop.ro\/en\/product\/sierra-grey-9208-kai\/\" \/>\n<meta property=\"og:locale\" content=\"en_US\" \/>\n<meta property=\"og:type\" content=\"article\" \/>\n<meta property=\"og:title\" content=\"Gresie SIERRA GREY 9208 KAI 15x90cm\" \/>\n<meta property=\"og:description\" content=\"Elegan\u021b\u0103 natural\u0103 \u0219i func\u021bionalitate \u00eentr-o singur\u0103 colec\u021bie Gresia tip parchet cu dimensiunea de 15&#215;90 cm de la Kai reprezint\u0103 alegerea\" \/>\n<meta property=\"og:url\" content=\"https:\/\/edyceramic-shop.ro\/en\/product\/sierra-grey-9208-kai\/\" \/>\n<meta property=\"og:site_name\" content=\"Edyceramic - magazin online\" \/>\n<meta property=\"article:modified_time\" content=\"2025-08-01T11:35:29+00:00\" \/>\n<meta property=\"og:image\" content=\"https:\/\/edyceramic-shop.ro\/wp-content\/uploads\/2024\/09\/15x90_porcelain_sierra_grey_f2_9208_1.webp\" \/>\n\t<meta property=\"og:image:width\" content=\"560\" \/>\n\t<meta property=\"og:image:height\" content=\"560\" \/>\n\t<meta property=\"og:image:type\" content=\"image\/jpeg\" \/>\n<meta name=\"twitter:card\" content=\"summary_large_image\" \/>\n<meta name=\"twitter:label1\" content=\"Price\" \/>\n\t<meta name=\"twitter:data1\" content=\"103,00&nbsp;lei\" \/>\n\t<meta name=\"twitter:label2\" content=\"Availability\" \/>\n\t<meta name=\"twitter:data2\" content=\"In stock\" \/>\n<script type=\"application\/ld+json\" class=\"yoast-schema-graph\">{\"@context\":\"https:\/\/schema.org\",\"@graph\":[{\"@type\":\"WebPage\",\"@id\":\"https:\/\/edyceramic-shop.ro\/produs\/sierra-grey-9208-kai\/\",\"url\":\"https:\/\/edyceramic-shop.ro\/produs\/sierra-grey-9208-kai\/\",\"name\":\"Gresie SIERRA GREY 9208 KAI 15x90cm - Edyceramic - magazin online\",\"isPartOf\":{\"@id\":\"https:\/\/edyceramic-shop.ro\/ro\/#website\"},\"datePublished\":\"2024-09-22T20:05:43+00:00\",\"dateModified\":\"2025-08-01T11:35:29+00:00\",\"breadcrumb\":{\"@id\":\"https:\/\/edyceramic-shop.ro\/produs\/sierra-grey-9208-kai\/#breadcrumb\"},\"inLanguage\":\"en-US\",\"potentialAction\":[{\"@type\":\"ReadAction\",\"target\":[\"https:\/\/edyceramic-shop.ro\/produs\/sierra-grey-9208-kai\/\"]}]},{\"@type\":\"BreadcrumbList\",\"@id\":\"https:\/\/edyceramic-shop.ro\/produs\/sierra-grey-9208-kai\/#breadcrumb\",\"itemListElement\":[{\"@type\":\"ListItem\",\"position\":1,\"name\":\"Home\",\"item\":\"https:\/\/edyceramic-shop.ro\/\"},{\"@type\":\"ListItem\",\"position\":2,\"name\":\"Shop\",\"item\":\"https:\/\/edyceramic-shop.ro\/ro\/shop\/\"},{\"@type\":\"ListItem\",\"position\":3,\"name\":\"Gresie SIERRA GREY 9208 KAI 15x90cm\"}]},{\"@type\":\"WebSite\",\"@id\":\"https:\/\/edyceramic-shop.ro\/ro\/#website\",\"url\":\"https:\/\/edyceramic-shop.ro\/ro\/\",\"name\":\"edyceramic.ro\",\"description\":\"\",\"publisher\":{\"@id\":\"https:\/\/edyceramic-shop.ro\/ro\/#organization\"},\"potentialAction\":[{\"@type\":\"SearchAction\",\"target\":{\"@type\":\"EntryPoint\",\"urlTemplate\":\"https:\/\/edyceramic-shop.ro\/ro\/?s={search_term_string}\"},\"query-input\":\"required name=search_term_string\"}],\"inLanguage\":\"en-US\"},{\"@type\":\"Organization\",\"@id\":\"https:\/\/edyceramic-shop.ro\/ro\/#organization\",\"name\":\"Edyceramic\",\"url\":\"https:\/\/edyceramic-shop.ro\/ro\/\",\"logo\":{\"@type\":\"ImageObject\",\"inLanguage\":\"en-US\",\"@id\":\"https:\/\/edyceramic-shop.ro\/ro\/#\/schema\/logo\/image\/\",\"url\":\"https:\/\/edyceramic-shop.ro\/wp-content\/uploads\/2024\/02\/Logo-EdyCeramic_2021-lung.png\",\"contentUrl\":\"https:\/\/edyceramic-shop.ro\/wp-content\/uploads\/2024\/02\/Logo-EdyCeramic_2021-lung.png\",\"width\":4491,\"height\":769,\"caption\":\"Edyceramic\"},\"image\":{\"@id\":\"https:\/\/edyceramic-shop.ro\/ro\/#\/schema\/logo\/image\/\"}}]}<\/script>\n<meta property=\"product:price:amount\" content=\"103.00\" \/>\n<meta property=\"product:price:currency\" content=\"RON\" \/>\n<meta property=\"og:availability\" content=\"instock\" \/>\n<meta property=\"product:availability\" content=\"instock\" \/>\n<meta property=\"product:retailer_item_id\" content=\"3f1e97cb4855\" \/>\n<meta property=\"product:condition\" content=\"new\" \/>\n<!-- \/ Yoast SEO Premium plugin. -->","yoast_head_json":{"title":"Gresie SIERRA GREY 9208 KAI 15x90cm - Edyceramic - magazin online","robots":{"index":"index","follow":"follow","max-snippet":"max-snippet:-1","max-image-preview":"max-image-preview:large","max-video-preview":"max-video-preview:-1"},"canonical":"https:\/\/edyceramic-shop.ro\/en\/product\/sierra-grey-9208-kai\/","og_locale":"en_US","og_type":"article","og_title":"Gresie SIERRA GREY 9208 KAI 15x90cm","og_description":"Elegan\u021b\u0103 natural\u0103 \u0219i func\u021bionalitate \u00eentr-o singur\u0103 colec\u021bie Gresia tip parchet cu dimensiunea de 15&#215;90 cm de la Kai reprezint\u0103 alegerea","og_url":"https:\/\/edyceramic-shop.ro\/en\/product\/sierra-grey-9208-kai\/","og_site_name":"Edyceramic - magazin online","article_modified_time":"2025-08-01T11:35:29+00:00","og_image":[{"width":560,"height":560,"url":"https:\/\/edyceramic-shop.ro\/wp-content\/uploads\/2024\/09\/15x90_porcelain_sierra_grey_f2_9208_1.webp","type":"image\/jpeg"}],"twitter_card":"summary_large_image","twitter_misc":{"Price":"103,00&nbsp;lei","Availability":"In stock"},"schema":{"@context":"https:\/\/schema.org","@graph":[{"@type":"WebPage","@id":"https:\/\/edyceramic-shop.ro\/produs\/sierra-grey-9208-kai\/","url":"https:\/\/edyceramic-shop.ro\/produs\/sierra-grey-9208-kai\/","name":"Gresie SIERRA GREY 9208 KAI 15x90cm - Edyceramic - magazin online","isPartOf":{"@id":"https:\/\/edyceramic-shop.ro\/ro\/#website"},"datePublished":"2024-09-22T20:05:43+00:00","dateModified":"2025-08-01T11:35:29+00:00","breadcrumb":{"@id":"https:\/\/edyceramic-shop.ro\/produs\/sierra-grey-9208-kai\/#breadcrumb"},"inLanguage":"en-US","potentialAction":[{"@type":"ReadAction","target":["https:\/\/edyceramic-shop.ro\/produs\/sierra-grey-9208-kai\/"]}]},{"@type":"BreadcrumbList","@id":"https:\/\/edyceramic-shop.ro\/produs\/sierra-grey-9208-kai\/#breadcrumb","itemListElement":[{"@type":"ListItem","position":1,"name":"Home","item":"https:\/\/edyceramic-shop.ro\/"},{"@type":"ListItem","position":2,"name":"Shop","item":"https:\/\/edyceramic-shop.ro\/ro\/shop\/"},{"@type":"ListItem","position":3,"name":"Gresie SIERRA GREY 9208 KAI 15x90cm"}]},{"@type":"WebSite","@id":"https:\/\/edyceramic-shop.ro\/ro\/#website","url":"https:\/\/edyceramic-shop.ro\/ro\/","name":"edyceramic.ro","description":"","publisher":{"@id":"https:\/\/edyceramic-shop.ro\/ro\/#organization"},"potentialAction":[{"@type":"SearchAction","target":{"@type":"EntryPoint","urlTemplate":"https:\/\/edyceramic-shop.ro\/ro\/?s={search_term_string}"},"query-input":"required name=search_term_string"}],"inLanguage":"en-US"},{"@type":"Organization","@id":"https:\/\/edyceramic-shop.ro\/ro\/#organization","name":"Edyceramic","url":"https:\/\/edyceramic-shop.ro\/ro\/","logo":{"@type":"ImageObject","inLanguage":"en-US","@id":"https:\/\/edyceramic-shop.ro\/ro\/#\/schema\/logo\/image\/","url":"https:\/\/edyceramic-shop.ro\/wp-content\/uploads\/2024\/02\/Logo-EdyCeramic_2021-lung.png","contentUrl":"https:\/\/edyceramic-shop.ro\/wp-content\/uploads\/2024\/02\/Logo-EdyCeramic_2021-lung.png","width":4491,"height":769,"caption":"Edyceramic"},"image":{"@id":"https:\/\/edyceramic-shop.ro\/ro\/#\/schema\/logo\/image\/"}}]},"product_price_amount":"103.00","product_price_currency":"RON","og_availability":"instock","product_availability":"instock","product_retailer_item_id":"3f1e97cb4855","product_condition":"new"},"jetpack_sharing_enabled":true,"_links":{"self":[{"href":"https:\/\/edyceramic-shop.ro\/en\/wp-json\/wp\/v2\/product\/16805","targetHints":{"allow":["GET"]}}],"collection":[{"href":"https:\/\/edyceramic-shop.ro\/en\/wp-json\/wp\/v2\/product"}],"about":[{"href":"https:\/\/edyceramic-shop.ro\/en\/wp-json\/wp\/v2\/types\/product"}],"version-history":[{"count":2,"href":"https:\/\/edyceramic-shop.ro\/en\/wp-json\/wp\/v2\/product\/16805\/revisions"}],"predecessor-version":[{"id":22829,"href":"https:\/\/edyceramic-shop.ro\/en\/wp-json\/wp\/v2\/product\/16805\/revisions\/22829"}],"wp:featuredmedia":[{"embeddable":true,"href":"https:\/\/edyceramic-shop.ro\/en\/wp-json\/wp\/v2\/media\/16807"}],"wp:attachment":[{"href":"https:\/\/edyceramic-shop.ro\/en\/wp-json\/wp\/v2\/media?parent=16805"}],"wp:term":[{"taxonomy":"product_brand","embeddable":true,"href":"https:\/\/edyceramic-shop.ro\/en\/wp-json\/wp\/v2\/product_brand?post=16805"},{"taxonomy":"product_cat","embeddable":true,"href":"https:\/\/edyceramic-shop.ro\/en\/wp-json\/wp\/v2\/product_cat?post=16805"},{"taxonomy":"product_tag","embeddable":true,"href":"https:\/\/edyceramic-shop.ro\/en\/wp-json\/wp\/v2\/product_tag?post=16805"}],"curies":[{"name":"wp","href":"https:\/\/api.w.org\/{rel}","templated":true}]}}