{"id":16109,"date":"2024-09-22T20:00:14","date_gmt":"2024-09-22T20:00:14","guid":{"rendered":"https:\/\/edyceramic-shop.ro\/product\/oglinda-baie-karag-710-450-5206836568621\/"},"modified":"2025-08-01T13:35:06","modified_gmt":"2025-08-01T11:35:06","slug":"oglinda-baie-karag-710-450-5206836568621","status":"publish","type":"product","link":"https:\/\/edyceramic-shop.ro\/en\/product\/oglinda-baie-karag-710-450-5206836568621\/","title":{"rendered":"OGLIND\u0102 BAIE KARAG  710-450 5206836568621"},"content":{"rendered":"<p>Oglinzile de la Karag se remarc\u0103 prin designul lor modern \u0219i versatil, fiind ideale pentru orice tip de baie, de la cele clasice la cele contemporane. Cu un finisaj atent lucrat \u0219i margini fine, aceste oglinzi adaug\u0103 un plus de elegan\u021b\u0103 \u0219i luminozitate spa\u021biului. Sunt disponibile \u00eentr-o varietate de forme \u0219i dimensiuni, adapt\u00e2ndu-se u\u0219or at\u00e2t b\u0103ilor de dimensiuni mici, c\u00e2t \u0219i celor spa\u021bioase.<\/p>\n<p>Realizate din materiale de calitate, oglinzile Karag sunt rezistente \u0219i durabile, fiind concepute pentru a oferi un reflex clar \u0219i uniform \u00een timp. Fie c\u0103 sunt montate vertical sau orizontal, acestea completeaz\u0103 perfect decorul b\u0103ii tale, aduc\u00e2nd un echilibru \u00eentre func\u021bionalitate \u0219i estetic\u0103. Stilul minimalist \u0219i rafinat le face u\u0219or de integrat \u00een diverse stiluri de design, oferind totodat\u0103 un punct de atrac\u021bie \u00een spa\u021biul t\u0103u.<\/p>","protected":false},"excerpt":{"rendered":"<p>Oglinzile de la Karag se remarc\u0103 prin designul lor modern \u0219i versatil, fiind ideale pentru orice tip de baie, de<\/p>","protected":false},"featured_media":16111,"template":"","meta":[],"product_brand":[],"product_cat":[388,384],"product_tag":[],"class_list":{"0":"post-16109","1":"product","2":"type-product","3":"status-publish","4":"has-post-thumbnail","6":"product_cat-oglinzi-baie-si-corpuri-de-iluminat","7":"product_cat-mobilier-baie","8":"pa_dimensiune-450750mm","9":"pa_fabrica-karag","10":"pa_material-sticla","11":"pa_montare-suspendat","13":"first","14":"instock","15":"purchasable","16":"product-type-simple"},"yoast_head":"<!-- This site is optimized with the Yoast SEO Premium plugin v21.6 (Yoast SEO v22.1) - https:\/\/yoast.com\/wordpress\/plugins\/seo\/ -->\n<title>OGLIND\u0102 BAIE KARAG 710-450 5206836568621 - Edyceramic - magazin online<\/title>\n<meta name=\"robots\" content=\"index, follow, max-snippet:-1, max-image-preview:large, max-video-preview:-1\" \/>\n<link rel=\"canonical\" href=\"https:\/\/edyceramic-shop.ro\/en\/product\/oglinda-baie-karag-710-450-5206836568621\/\" \/>\n<meta property=\"og:locale\" content=\"en_US\" \/>\n<meta property=\"og:type\" content=\"article\" \/>\n<meta property=\"og:title\" content=\"OGLIND\u0102 BAIE KARAG 710-450 5206836568621\" \/>\n<meta property=\"og:description\" content=\"Oglinzile de la Karag se remarc\u0103 prin designul lor modern \u0219i versatil, fiind ideale pentru orice tip de baie, de\" \/>\n<meta property=\"og:url\" content=\"https:\/\/edyceramic-shop.ro\/en\/product\/oglinda-baie-karag-710-450-5206836568621\/\" \/>\n<meta property=\"og:site_name\" content=\"Edyceramic - magazin online\" \/>\n<meta property=\"article:modified_time\" content=\"2025-08-01T11:35:06+00:00\" \/>\n<meta property=\"og:image\" content=\"https:\/\/edyceramic-shop.ro\/wp-content\/uploads\/2024\/09\/710-450_1.webp\" \/>\n\t<meta property=\"og:image:width\" content=\"1200\" \/>\n\t<meta property=\"og:image:height\" content=\"1200\" \/>\n\t<meta property=\"og:image:type\" content=\"image\/jpeg\" \/>\n<meta name=\"twitter:card\" content=\"summary_large_image\" \/>\n<meta name=\"twitter:label1\" content=\"Price\" \/>\n\t<meta name=\"twitter:data1\" content=\"412,00&nbsp;lei\" \/>\n\t<meta name=\"twitter:label2\" content=\"Availability\" \/>\n\t<meta name=\"twitter:data2\" content=\"In stock\" \/>\n<script type=\"application\/ld+json\" class=\"yoast-schema-graph\">{\"@context\":\"https:\/\/schema.org\",\"@graph\":[{\"@type\":\"WebPage\",\"@id\":\"https:\/\/edyceramic-shop.ro\/produs\/oglinda-baie-karag-710-450-5206836568621\/\",\"url\":\"https:\/\/edyceramic-shop.ro\/produs\/oglinda-baie-karag-710-450-5206836568621\/\",\"name\":\"OGLIND\u0102 BAIE KARAG 710-450 5206836568621 - Edyceramic - magazin online\",\"isPartOf\":{\"@id\":\"https:\/\/edyceramic-shop.ro\/ro\/#website\"},\"datePublished\":\"2024-09-22T20:00:14+00:00\",\"dateModified\":\"2025-08-01T11:35:06+00:00\",\"breadcrumb\":{\"@id\":\"https:\/\/edyceramic-shop.ro\/produs\/oglinda-baie-karag-710-450-5206836568621\/#breadcrumb\"},\"inLanguage\":\"en-US\",\"potentialAction\":[{\"@type\":\"ReadAction\",\"target\":[\"https:\/\/edyceramic-shop.ro\/produs\/oglinda-baie-karag-710-450-5206836568621\/\"]}]},{\"@type\":\"BreadcrumbList\",\"@id\":\"https:\/\/edyceramic-shop.ro\/produs\/oglinda-baie-karag-710-450-5206836568621\/#breadcrumb\",\"itemListElement\":[{\"@type\":\"ListItem\",\"position\":1,\"name\":\"Home\",\"item\":\"https:\/\/edyceramic-shop.ro\/\"},{\"@type\":\"ListItem\",\"position\":2,\"name\":\"Shop\",\"item\":\"https:\/\/edyceramic-shop.ro\/ro\/shop\/\"},{\"@type\":\"ListItem\",\"position\":3,\"name\":\"OGLIND\u0102 BAIE KARAG 710-450 5206836568621\"}]},{\"@type\":\"WebSite\",\"@id\":\"https:\/\/edyceramic-shop.ro\/ro\/#website\",\"url\":\"https:\/\/edyceramic-shop.ro\/ro\/\",\"name\":\"edyceramic.ro\",\"description\":\"\",\"publisher\":{\"@id\":\"https:\/\/edyceramic-shop.ro\/ro\/#organization\"},\"potentialAction\":[{\"@type\":\"SearchAction\",\"target\":{\"@type\":\"EntryPoint\",\"urlTemplate\":\"https:\/\/edyceramic-shop.ro\/ro\/?s={search_term_string}\"},\"query-input\":\"required name=search_term_string\"}],\"inLanguage\":\"en-US\"},{\"@type\":\"Organization\",\"@id\":\"https:\/\/edyceramic-shop.ro\/ro\/#organization\",\"name\":\"Edyceramic\",\"url\":\"https:\/\/edyceramic-shop.ro\/ro\/\",\"logo\":{\"@type\":\"ImageObject\",\"inLanguage\":\"en-US\",\"@id\":\"https:\/\/edyceramic-shop.ro\/ro\/#\/schema\/logo\/image\/\",\"url\":\"https:\/\/edyceramic-shop.ro\/wp-content\/uploads\/2024\/02\/Logo-EdyCeramic_2021-lung.png\",\"contentUrl\":\"https:\/\/edyceramic-shop.ro\/wp-content\/uploads\/2024\/02\/Logo-EdyCeramic_2021-lung.png\",\"width\":4491,\"height\":769,\"caption\":\"Edyceramic\"},\"image\":{\"@id\":\"https:\/\/edyceramic-shop.ro\/ro\/#\/schema\/logo\/image\/\"}}]}<\/script>\n<meta property=\"product:price:amount\" content=\"412.00\" \/>\n<meta property=\"product:price:currency\" content=\"RON\" \/>\n<meta property=\"og:availability\" content=\"instock\" \/>\n<meta property=\"product:availability\" content=\"instock\" \/>\n<meta property=\"product:retailer_item_id\" content=\"81de6fbbd229\" \/>\n<meta property=\"product:condition\" content=\"new\" \/>\n<!-- \/ Yoast SEO Premium plugin. -->","yoast_head_json":{"title":"OGLIND\u0102 BAIE KARAG 710-450 5206836568621 - Edyceramic - magazin online","robots":{"index":"index","follow":"follow","max-snippet":"max-snippet:-1","max-image-preview":"max-image-preview:large","max-video-preview":"max-video-preview:-1"},"canonical":"https:\/\/edyceramic-shop.ro\/en\/product\/oglinda-baie-karag-710-450-5206836568621\/","og_locale":"en_US","og_type":"article","og_title":"OGLIND\u0102 BAIE KARAG 710-450 5206836568621","og_description":"Oglinzile de la Karag se remarc\u0103 prin designul lor modern \u0219i versatil, fiind ideale pentru orice tip de baie, de","og_url":"https:\/\/edyceramic-shop.ro\/en\/product\/oglinda-baie-karag-710-450-5206836568621\/","og_site_name":"Edyceramic - magazin online","article_modified_time":"2025-08-01T11:35:06+00:00","og_image":[{"width":1200,"height":1200,"url":"https:\/\/edyceramic-shop.ro\/wp-content\/uploads\/2024\/09\/710-450_1.webp","type":"image\/jpeg"}],"twitter_card":"summary_large_image","twitter_misc":{"Price":"412,00&nbsp;lei","Availability":"In stock"},"schema":{"@context":"https:\/\/schema.org","@graph":[{"@type":"WebPage","@id":"https:\/\/edyceramic-shop.ro\/produs\/oglinda-baie-karag-710-450-5206836568621\/","url":"https:\/\/edyceramic-shop.ro\/produs\/oglinda-baie-karag-710-450-5206836568621\/","name":"OGLIND\u0102 BAIE KARAG 710-450 5206836568621 - Edyceramic - magazin online","isPartOf":{"@id":"https:\/\/edyceramic-shop.ro\/ro\/#website"},"datePublished":"2024-09-22T20:00:14+00:00","dateModified":"2025-08-01T11:35:06+00:00","breadcrumb":{"@id":"https:\/\/edyceramic-shop.ro\/produs\/oglinda-baie-karag-710-450-5206836568621\/#breadcrumb"},"inLanguage":"en-US","potentialAction":[{"@type":"ReadAction","target":["https:\/\/edyceramic-shop.ro\/produs\/oglinda-baie-karag-710-450-5206836568621\/"]}]},{"@type":"BreadcrumbList","@id":"https:\/\/edyceramic-shop.ro\/produs\/oglinda-baie-karag-710-450-5206836568621\/#breadcrumb","itemListElement":[{"@type":"ListItem","position":1,"name":"Home","item":"https:\/\/edyceramic-shop.ro\/"},{"@type":"ListItem","position":2,"name":"Shop","item":"https:\/\/edyceramic-shop.ro\/ro\/shop\/"},{"@type":"ListItem","position":3,"name":"OGLIND\u0102 BAIE KARAG 710-450 5206836568621"}]},{"@type":"WebSite","@id":"https:\/\/edyceramic-shop.ro\/ro\/#website","url":"https:\/\/edyceramic-shop.ro\/ro\/","name":"edyceramic.ro","description":"","publisher":{"@id":"https:\/\/edyceramic-shop.ro\/ro\/#organization"},"potentialAction":[{"@type":"SearchAction","target":{"@type":"EntryPoint","urlTemplate":"https:\/\/edyceramic-shop.ro\/ro\/?s={search_term_string}"},"query-input":"required name=search_term_string"}],"inLanguage":"en-US"},{"@type":"Organization","@id":"https:\/\/edyceramic-shop.ro\/ro\/#organization","name":"Edyceramic","url":"https:\/\/edyceramic-shop.ro\/ro\/","logo":{"@type":"ImageObject","inLanguage":"en-US","@id":"https:\/\/edyceramic-shop.ro\/ro\/#\/schema\/logo\/image\/","url":"https:\/\/edyceramic-shop.ro\/wp-content\/uploads\/2024\/02\/Logo-EdyCeramic_2021-lung.png","contentUrl":"https:\/\/edyceramic-shop.ro\/wp-content\/uploads\/2024\/02\/Logo-EdyCeramic_2021-lung.png","width":4491,"height":769,"caption":"Edyceramic"},"image":{"@id":"https:\/\/edyceramic-shop.ro\/ro\/#\/schema\/logo\/image\/"}}]},"product_price_amount":"412.00","product_price_currency":"RON","og_availability":"instock","product_availability":"instock","product_retailer_item_id":"81de6fbbd229","product_condition":"new"},"jetpack_sharing_enabled":true,"_links":{"self":[{"href":"https:\/\/edyceramic-shop.ro\/en\/wp-json\/wp\/v2\/product\/16109","targetHints":{"allow":["GET"]}}],"collection":[{"href":"https:\/\/edyceramic-shop.ro\/en\/wp-json\/wp\/v2\/product"}],"about":[{"href":"https:\/\/edyceramic-shop.ro\/en\/wp-json\/wp\/v2\/types\/product"}],"version-history":[{"count":1,"href":"https:\/\/edyceramic-shop.ro\/en\/wp-json\/wp\/v2\/product\/16109\/revisions"}],"predecessor-version":[{"id":16110,"href":"https:\/\/edyceramic-shop.ro\/en\/wp-json\/wp\/v2\/product\/16109\/revisions\/16110"}],"wp:featuredmedia":[{"embeddable":true,"href":"https:\/\/edyceramic-shop.ro\/en\/wp-json\/wp\/v2\/media\/16111"}],"wp:attachment":[{"href":"https:\/\/edyceramic-shop.ro\/en\/wp-json\/wp\/v2\/media?parent=16109"}],"wp:term":[{"taxonomy":"product_brand","embeddable":true,"href":"https:\/\/edyceramic-shop.ro\/en\/wp-json\/wp\/v2\/product_brand?post=16109"},{"taxonomy":"product_cat","embeddable":true,"href":"https:\/\/edyceramic-shop.ro\/en\/wp-json\/wp\/v2\/product_cat?post=16109"},{"taxonomy":"product_tag","embeddable":true,"href":"https:\/\/edyceramic-shop.ro\/en\/wp-json\/wp\/v2\/product_tag?post=16109"}],"curies":[{"name":"wp","href":"https:\/\/api.w.org\/{rel}","templated":true}]}}