{"id":16055,"date":"2024-09-22T19:59:48","date_gmt":"2024-09-22T19:59:48","guid":{"rendered":"https:\/\/edyceramic-shop.ro\/product\/oglinda-baie-karag-led-sharon-6070-white-5907546869526\/"},"modified":"2025-08-01T13:35:05","modified_gmt":"2025-08-01T11:35:05","slug":"oglinda-baie-karag-led-sharon-6070-white-5907546869526","status":"publish","type":"product","link":"https:\/\/edyceramic-shop.ro\/en\/product\/oglinda-baie-karag-led-sharon-6070-white-5907546869526\/","title":{"rendered":"OGLIND\u0102 BAIE KARAG LED SHARON 6070 WHITE 5907546869526"},"content":{"rendered":"<p>Oglinzile LED de la Karag sunt concepute pentru a aduce un plus de stil \u0219i func\u021bionalitate b\u0103ii tale. Aceste oglinzi moderne sunt dotate cu iluminare LED integrat\u0103, care ofer\u0103 o lumin\u0103 clar\u0103 \u0219i uniform\u0103, perfect\u0103 pentru activit\u0103\u021bile zilnice precum machiajul sau b\u0103rbieritul. Iluminarea LED nu doar c\u0103 \u00eembun\u0103t\u0103\u021be\u0219te vizibilitatea, dar este \u0219i eficient\u0103 energetic, contribuind la un consum redus de energie.<\/p>\n<p>Designul oglinzilor este minimalist, cu linii curate \u0219i finisaje elegante, integr\u00e2ndu-se perfect \u00een b\u0103ile contemporane. \u00cen func\u021bie de model, oglinzile pot avea margini rotunjite sau unghiuri drepte, ad\u0103ug\u00e2nd un accent modern. Ramele sunt fie subtile, fie inexistente, pentru a men\u021bine un aspect aerisit \u0219i elegant.<\/p>\n<p>Oglinzile LED de la Karag sunt disponibile \u00een diverse dimensiuni \u0219i forme, adapt\u00e2ndu-se u\u0219or oric\u0103rui tip de baie, fie c\u0103 preferi un stil clasic, fie unul avangardist. Aceste oglinzi combin\u0103 perfect estetica modern\u0103 cu func\u021bionalitatea practic\u0103, devenind un element central \u00een amenajarea unei b\u0103i stilate.<\/p>","protected":false},"excerpt":{"rendered":"<p>Oglinzile LED de la Karag sunt concepute pentru a aduce un plus de stil \u0219i func\u021bionalitate b\u0103ii tale. Aceste oglinzi<\/p>","protected":false},"featured_media":16057,"template":"","meta":[],"product_brand":[],"product_cat":[388,384],"product_tag":[],"class_list":{"0":"post-16055","1":"product","2":"type-product","3":"status-publish","4":"has-post-thumbnail","6":"product_cat-oglinzi-baie-si-corpuri-de-iluminat","7":"product_cat-mobilier-baie","8":"pa_colectie-sharon","9":"pa_dimensiune-600x700x24mm","10":"pa_fabrica-karag","11":"pa_material-sticla","12":"pa_montare-suspendat","14":"first","15":"instock","16":"purchasable","17":"product-type-simple"},"yoast_head":"<!-- This site is optimized with the Yoast SEO Premium plugin v21.6 (Yoast SEO v22.1) - https:\/\/yoast.com\/wordpress\/plugins\/seo\/ -->\n<title>OGLIND\u0102 BAIE KARAG LED SHARON 6070 WHITE 5907546869526 - Edyceramic - magazin online<\/title>\n<meta name=\"robots\" content=\"index, follow, max-snippet:-1, max-image-preview:large, max-video-preview:-1\" \/>\n<link rel=\"canonical\" href=\"https:\/\/edyceramic-shop.ro\/en\/product\/oglinda-baie-karag-led-sharon-6070-white-5907546869526\/\" \/>\n<meta property=\"og:locale\" content=\"en_US\" \/>\n<meta property=\"og:type\" content=\"article\" \/>\n<meta property=\"og:title\" content=\"OGLIND\u0102 BAIE KARAG LED SHARON 6070 WHITE 5907546869526\" \/>\n<meta property=\"og:description\" content=\"Oglinzile LED de la Karag sunt concepute pentru a aduce un plus de stil \u0219i func\u021bionalitate b\u0103ii tale. Aceste oglinzi\" \/>\n<meta property=\"og:url\" content=\"https:\/\/edyceramic-shop.ro\/en\/product\/oglinda-baie-karag-led-sharon-6070-white-5907546869526\/\" \/>\n<meta property=\"og:site_name\" content=\"Edyceramic - magazin online\" \/>\n<meta property=\"article:modified_time\" content=\"2025-08-01T11:35:05+00:00\" \/>\n<meta property=\"og:image\" content=\"https:\/\/edyceramic-shop.ro\/wp-content\/uploads\/2024\/09\/SHARON6070-W.webp\" \/>\n\t<meta property=\"og:image:width\" content=\"1500\" \/>\n\t<meta property=\"og:image:height\" content=\"1500\" \/>\n\t<meta property=\"og:image:type\" content=\"image\/jpeg\" \/>\n<meta name=\"twitter:card\" content=\"summary_large_image\" \/>\n<meta name=\"twitter:label1\" content=\"Price\" \/>\n\t<meta name=\"twitter:data1\" content=\"1.803,00&nbsp;lei\" \/>\n\t<meta name=\"twitter:label2\" content=\"Availability\" \/>\n\t<meta name=\"twitter:data2\" content=\"In stock\" \/>\n<script type=\"application\/ld+json\" class=\"yoast-schema-graph\">{\"@context\":\"https:\/\/schema.org\",\"@graph\":[{\"@type\":\"WebPage\",\"@id\":\"https:\/\/edyceramic-shop.ro\/produs\/oglinda-baie-karag-led-sharon-6070-white-5907546869526\/\",\"url\":\"https:\/\/edyceramic-shop.ro\/produs\/oglinda-baie-karag-led-sharon-6070-white-5907546869526\/\",\"name\":\"OGLIND\u0102 BAIE KARAG LED SHARON 6070 WHITE 5907546869526 - Edyceramic - magazin online\",\"isPartOf\":{\"@id\":\"https:\/\/edyceramic-shop.ro\/ro\/#website\"},\"datePublished\":\"2024-09-22T19:59:48+00:00\",\"dateModified\":\"2025-08-01T11:35:05+00:00\",\"breadcrumb\":{\"@id\":\"https:\/\/edyceramic-shop.ro\/produs\/oglinda-baie-karag-led-sharon-6070-white-5907546869526\/#breadcrumb\"},\"inLanguage\":\"en-US\",\"potentialAction\":[{\"@type\":\"ReadAction\",\"target\":[\"https:\/\/edyceramic-shop.ro\/produs\/oglinda-baie-karag-led-sharon-6070-white-5907546869526\/\"]}]},{\"@type\":\"BreadcrumbList\",\"@id\":\"https:\/\/edyceramic-shop.ro\/produs\/oglinda-baie-karag-led-sharon-6070-white-5907546869526\/#breadcrumb\",\"itemListElement\":[{\"@type\":\"ListItem\",\"position\":1,\"name\":\"Home\",\"item\":\"https:\/\/edyceramic-shop.ro\/\"},{\"@type\":\"ListItem\",\"position\":2,\"name\":\"Shop\",\"item\":\"https:\/\/edyceramic-shop.ro\/ro\/shop\/\"},{\"@type\":\"ListItem\",\"position\":3,\"name\":\"OGLIND\u0102 BAIE KARAG LED SHARON 6070 WHITE 5907546869526\"}]},{\"@type\":\"WebSite\",\"@id\":\"https:\/\/edyceramic-shop.ro\/ro\/#website\",\"url\":\"https:\/\/edyceramic-shop.ro\/ro\/\",\"name\":\"edyceramic.ro\",\"description\":\"\",\"publisher\":{\"@id\":\"https:\/\/edyceramic-shop.ro\/ro\/#organization\"},\"potentialAction\":[{\"@type\":\"SearchAction\",\"target\":{\"@type\":\"EntryPoint\",\"urlTemplate\":\"https:\/\/edyceramic-shop.ro\/ro\/?s={search_term_string}\"},\"query-input\":\"required name=search_term_string\"}],\"inLanguage\":\"en-US\"},{\"@type\":\"Organization\",\"@id\":\"https:\/\/edyceramic-shop.ro\/ro\/#organization\",\"name\":\"Edyceramic\",\"url\":\"https:\/\/edyceramic-shop.ro\/ro\/\",\"logo\":{\"@type\":\"ImageObject\",\"inLanguage\":\"en-US\",\"@id\":\"https:\/\/edyceramic-shop.ro\/ro\/#\/schema\/logo\/image\/\",\"url\":\"https:\/\/edyceramic-shop.ro\/wp-content\/uploads\/2024\/02\/Logo-EdyCeramic_2021-lung.png\",\"contentUrl\":\"https:\/\/edyceramic-shop.ro\/wp-content\/uploads\/2024\/02\/Logo-EdyCeramic_2021-lung.png\",\"width\":4491,\"height\":769,\"caption\":\"Edyceramic\"},\"image\":{\"@id\":\"https:\/\/edyceramic-shop.ro\/ro\/#\/schema\/logo\/image\/\"}}]}<\/script>\n<meta property=\"product:price:amount\" content=\"1803.00\" \/>\n<meta property=\"product:price:currency\" content=\"RON\" \/>\n<meta property=\"og:availability\" content=\"instock\" \/>\n<meta property=\"product:availability\" content=\"instock\" \/>\n<meta property=\"product:retailer_item_id\" content=\"2a4f80d01672\" \/>\n<meta property=\"product:condition\" content=\"new\" \/>\n<!-- \/ Yoast SEO Premium plugin. -->","yoast_head_json":{"title":"OGLIND\u0102 BAIE KARAG LED SHARON 6070 WHITE 5907546869526 - Edyceramic - magazin online","robots":{"index":"index","follow":"follow","max-snippet":"max-snippet:-1","max-image-preview":"max-image-preview:large","max-video-preview":"max-video-preview:-1"},"canonical":"https:\/\/edyceramic-shop.ro\/en\/product\/oglinda-baie-karag-led-sharon-6070-white-5907546869526\/","og_locale":"en_US","og_type":"article","og_title":"OGLIND\u0102 BAIE KARAG LED SHARON 6070 WHITE 5907546869526","og_description":"Oglinzile LED de la Karag sunt concepute pentru a aduce un plus de stil \u0219i func\u021bionalitate b\u0103ii tale. Aceste oglinzi","og_url":"https:\/\/edyceramic-shop.ro\/en\/product\/oglinda-baie-karag-led-sharon-6070-white-5907546869526\/","og_site_name":"Edyceramic - magazin online","article_modified_time":"2025-08-01T11:35:05+00:00","og_image":[{"width":1500,"height":1500,"url":"https:\/\/edyceramic-shop.ro\/wp-content\/uploads\/2024\/09\/SHARON6070-W.webp","type":"image\/jpeg"}],"twitter_card":"summary_large_image","twitter_misc":{"Price":"1.803,00&nbsp;lei","Availability":"In stock"},"schema":{"@context":"https:\/\/schema.org","@graph":[{"@type":"WebPage","@id":"https:\/\/edyceramic-shop.ro\/produs\/oglinda-baie-karag-led-sharon-6070-white-5907546869526\/","url":"https:\/\/edyceramic-shop.ro\/produs\/oglinda-baie-karag-led-sharon-6070-white-5907546869526\/","name":"OGLIND\u0102 BAIE KARAG LED SHARON 6070 WHITE 5907546869526 - Edyceramic - magazin online","isPartOf":{"@id":"https:\/\/edyceramic-shop.ro\/ro\/#website"},"datePublished":"2024-09-22T19:59:48+00:00","dateModified":"2025-08-01T11:35:05+00:00","breadcrumb":{"@id":"https:\/\/edyceramic-shop.ro\/produs\/oglinda-baie-karag-led-sharon-6070-white-5907546869526\/#breadcrumb"},"inLanguage":"en-US","potentialAction":[{"@type":"ReadAction","target":["https:\/\/edyceramic-shop.ro\/produs\/oglinda-baie-karag-led-sharon-6070-white-5907546869526\/"]}]},{"@type":"BreadcrumbList","@id":"https:\/\/edyceramic-shop.ro\/produs\/oglinda-baie-karag-led-sharon-6070-white-5907546869526\/#breadcrumb","itemListElement":[{"@type":"ListItem","position":1,"name":"Home","item":"https:\/\/edyceramic-shop.ro\/"},{"@type":"ListItem","position":2,"name":"Shop","item":"https:\/\/edyceramic-shop.ro\/ro\/shop\/"},{"@type":"ListItem","position":3,"name":"OGLIND\u0102 BAIE KARAG LED SHARON 6070 WHITE 5907546869526"}]},{"@type":"WebSite","@id":"https:\/\/edyceramic-shop.ro\/ro\/#website","url":"https:\/\/edyceramic-shop.ro\/ro\/","name":"edyceramic.ro","description":"","publisher":{"@id":"https:\/\/edyceramic-shop.ro\/ro\/#organization"},"potentialAction":[{"@type":"SearchAction","target":{"@type":"EntryPoint","urlTemplate":"https:\/\/edyceramic-shop.ro\/ro\/?s={search_term_string}"},"query-input":"required name=search_term_string"}],"inLanguage":"en-US"},{"@type":"Organization","@id":"https:\/\/edyceramic-shop.ro\/ro\/#organization","name":"Edyceramic","url":"https:\/\/edyceramic-shop.ro\/ro\/","logo":{"@type":"ImageObject","inLanguage":"en-US","@id":"https:\/\/edyceramic-shop.ro\/ro\/#\/schema\/logo\/image\/","url":"https:\/\/edyceramic-shop.ro\/wp-content\/uploads\/2024\/02\/Logo-EdyCeramic_2021-lung.png","contentUrl":"https:\/\/edyceramic-shop.ro\/wp-content\/uploads\/2024\/02\/Logo-EdyCeramic_2021-lung.png","width":4491,"height":769,"caption":"Edyceramic"},"image":{"@id":"https:\/\/edyceramic-shop.ro\/ro\/#\/schema\/logo\/image\/"}}]},"product_price_amount":"1803.00","product_price_currency":"RON","og_availability":"instock","product_availability":"instock","product_retailer_item_id":"2a4f80d01672","product_condition":"new"},"jetpack_sharing_enabled":true,"_links":{"self":[{"href":"https:\/\/edyceramic-shop.ro\/en\/wp-json\/wp\/v2\/product\/16055","targetHints":{"allow":["GET"]}}],"collection":[{"href":"https:\/\/edyceramic-shop.ro\/en\/wp-json\/wp\/v2\/product"}],"about":[{"href":"https:\/\/edyceramic-shop.ro\/en\/wp-json\/wp\/v2\/types\/product"}],"version-history":[{"count":1,"href":"https:\/\/edyceramic-shop.ro\/en\/wp-json\/wp\/v2\/product\/16055\/revisions"}],"predecessor-version":[{"id":16056,"href":"https:\/\/edyceramic-shop.ro\/en\/wp-json\/wp\/v2\/product\/16055\/revisions\/16056"}],"wp:featuredmedia":[{"embeddable":true,"href":"https:\/\/edyceramic-shop.ro\/en\/wp-json\/wp\/v2\/media\/16057"}],"wp:attachment":[{"href":"https:\/\/edyceramic-shop.ro\/en\/wp-json\/wp\/v2\/media?parent=16055"}],"wp:term":[{"taxonomy":"product_brand","embeddable":true,"href":"https:\/\/edyceramic-shop.ro\/en\/wp-json\/wp\/v2\/product_brand?post=16055"},{"taxonomy":"product_cat","embeddable":true,"href":"https:\/\/edyceramic-shop.ro\/en\/wp-json\/wp\/v2\/product_cat?post=16055"},{"taxonomy":"product_tag","embeddable":true,"href":"https:\/\/edyceramic-shop.ro\/en\/wp-json\/wp\/v2\/product_tag?post=16055"}],"curies":[{"name":"wp","href":"https:\/\/api.w.org\/{rel}","templated":true}]}}