{"id":15927,"date":"2024-09-22T19:58:31","date_gmt":"2024-09-22T19:58:31","guid":{"rendered":"https:\/\/edyceramic-shop.ro\/product\/set-mobilier-karag-today-60-rosso\/"},"modified":"2025-08-01T13:35:01","modified_gmt":"2025-08-01T11:35:01","slug":"set-mobilier-karag-today-60-rosso","status":"publish","type":"product","link":"https:\/\/edyceramic-shop.ro\/en\/product\/set-mobilier-karag-today-60-rosso\/","title":{"rendered":"SET MOBILIER KARAG TODAY 60 ROSSO"},"content":{"rendered":"<p>Seturile de mobilier cu lavoar suspendate de la Karag sunt solu\u021bii moderne \u0219i elegante pentru b\u0103i, combin\u00e2nd designul minimalist cu func\u021bionalitatea. Realizate din MDF (pl\u0103ci din fibre de densitate medie), aceste seturi ofer\u0103 durabilitate \u0219i rezisten\u021b\u0103 la umezeal\u0103, un aspect esen\u021bial pentru spa\u021biile umede. Finisajul este de obicei de calitate superioar\u0103, disponibil \u00een diverse nuan\u021be, de la alb lucios la texturi care imit\u0103 lemnul natural.<\/p>\n<p>Designul suspendat al acestor seturi nu doar c\u0103 adaug\u0103 o not\u0103 de modernitate, dar permite \u0219i economisirea spa\u021biului, cre\u00e2nd un aspect aerisit \u0219i facilit\u00e2nd cur\u0103\u021benia. Lavoarele integrate sunt proiectate s\u0103 ofere un spa\u021biu amplu pentru utilizare, iar sertarele sau dulapurile incluse sunt g\u00e2ndite pentru a organiza eficient produsele \u0219i accesoriile de baie.<\/p>\n<p>Aceste seturi sunt perfecte pentru b\u0103ile contemporane, \u00een care estetica modern\u0103 \u0219i func\u021bionalitatea se \u00eent\u00e2lnesc, oferind un spa\u021biu organizat \u0219i stilizat \u00een acela\u0219i timp.<\/p>","protected":false},"excerpt":{"rendered":"<p>Seturile de mobilier cu lavoar suspendate de la Karag sunt solu\u021bii moderne \u0219i elegante pentru b\u0103i, combin\u00e2nd designul minimalist cu<\/p>","protected":false},"featured_media":15929,"template":"","meta":[],"product_brand":[],"product_cat":[2266],"product_tag":[],"class_list":{"0":"post-15927","1":"product","2":"type-product","3":"status-publish","4":"has-post-thumbnail","6":"product_cat-dulapuri-suspendat","7":"pa_ambalare-mobilierlavoar","8":"pa_colectie-today","9":"pa_culoare-rosu","10":"pa_dimensiune-mobilier-60cm","11":"pa_fabrica-karag","12":"pa_material-mdf","13":"pa_montare-suspendat","15":"first","16":"instock","17":"purchasable","18":"product-type-simple"},"yoast_head":"<!-- This site is optimized with the Yoast SEO Premium plugin v21.6 (Yoast SEO v22.1) - https:\/\/yoast.com\/wordpress\/plugins\/seo\/ -->\n<title>SET MOBILIER KARAG TODAY 60 ROSSO - Edyceramic - magazin online<\/title>\n<meta name=\"robots\" content=\"index, follow, max-snippet:-1, max-image-preview:large, max-video-preview:-1\" \/>\n<link rel=\"canonical\" href=\"https:\/\/edyceramic-shop.ro\/en\/product\/set-mobilier-karag-today-60-rosso\/\" \/>\n<meta property=\"og:locale\" content=\"en_US\" \/>\n<meta property=\"og:type\" content=\"article\" \/>\n<meta property=\"og:title\" content=\"SET MOBILIER KARAG TODAY 60 ROSSO\" \/>\n<meta property=\"og:description\" content=\"Seturile de mobilier cu lavoar suspendate de la Karag sunt solu\u021bii moderne \u0219i elegante pentru b\u0103i, combin\u00e2nd designul minimalist cu\" \/>\n<meta property=\"og:url\" content=\"https:\/\/edyceramic-shop.ro\/en\/product\/set-mobilier-karag-today-60-rosso\/\" \/>\n<meta property=\"og:site_name\" content=\"Edyceramic - magazin online\" \/>\n<meta property=\"article:modified_time\" content=\"2025-08-01T11:35:01+00:00\" \/>\n<meta property=\"og:image\" content=\"https:\/\/edyceramic-shop.ro\/wp-content\/uploads\/2024\/09\/525x525-karag-linea-today-1.webp\" \/>\n\t<meta property=\"og:image:width\" content=\"525\" \/>\n\t<meta property=\"og:image:height\" content=\"525\" \/>\n\t<meta property=\"og:image:type\" content=\"image\/jpeg\" \/>\n<meta name=\"twitter:card\" content=\"summary_large_image\" \/>\n<meta name=\"twitter:label1\" content=\"Price\" \/>\n\t<meta name=\"twitter:data1\" content=\"5.861,00&nbsp;lei\" \/>\n\t<meta name=\"twitter:label2\" content=\"Availability\" \/>\n\t<meta name=\"twitter:data2\" content=\"In stock\" \/>\n<script type=\"application\/ld+json\" class=\"yoast-schema-graph\">{\"@context\":\"https:\/\/schema.org\",\"@graph\":[{\"@type\":\"WebPage\",\"@id\":\"https:\/\/edyceramic-shop.ro\/produs\/set-mobilier-karag-today-60-rosso\/\",\"url\":\"https:\/\/edyceramic-shop.ro\/produs\/set-mobilier-karag-today-60-rosso\/\",\"name\":\"SET MOBILIER KARAG TODAY 60 ROSSO - Edyceramic - magazin online\",\"isPartOf\":{\"@id\":\"https:\/\/edyceramic-shop.ro\/ro\/#website\"},\"datePublished\":\"2024-09-22T19:58:31+00:00\",\"dateModified\":\"2025-08-01T11:35:01+00:00\",\"breadcrumb\":{\"@id\":\"https:\/\/edyceramic-shop.ro\/produs\/set-mobilier-karag-today-60-rosso\/#breadcrumb\"},\"inLanguage\":\"en-US\",\"potentialAction\":[{\"@type\":\"ReadAction\",\"target\":[\"https:\/\/edyceramic-shop.ro\/produs\/set-mobilier-karag-today-60-rosso\/\"]}]},{\"@type\":\"BreadcrumbList\",\"@id\":\"https:\/\/edyceramic-shop.ro\/produs\/set-mobilier-karag-today-60-rosso\/#breadcrumb\",\"itemListElement\":[{\"@type\":\"ListItem\",\"position\":1,\"name\":\"Home\",\"item\":\"https:\/\/edyceramic-shop.ro\/\"},{\"@type\":\"ListItem\",\"position\":2,\"name\":\"Shop\",\"item\":\"https:\/\/edyceramic-shop.ro\/ro\/shop\/\"},{\"@type\":\"ListItem\",\"position\":3,\"name\":\"SET MOBILIER KARAG TODAY 60 ROSSO\"}]},{\"@type\":\"WebSite\",\"@id\":\"https:\/\/edyceramic-shop.ro\/ro\/#website\",\"url\":\"https:\/\/edyceramic-shop.ro\/ro\/\",\"name\":\"edyceramic.ro\",\"description\":\"\",\"publisher\":{\"@id\":\"https:\/\/edyceramic-shop.ro\/ro\/#organization\"},\"potentialAction\":[{\"@type\":\"SearchAction\",\"target\":{\"@type\":\"EntryPoint\",\"urlTemplate\":\"https:\/\/edyceramic-shop.ro\/ro\/?s={search_term_string}\"},\"query-input\":\"required name=search_term_string\"}],\"inLanguage\":\"en-US\"},{\"@type\":\"Organization\",\"@id\":\"https:\/\/edyceramic-shop.ro\/ro\/#organization\",\"name\":\"Edyceramic\",\"url\":\"https:\/\/edyceramic-shop.ro\/ro\/\",\"logo\":{\"@type\":\"ImageObject\",\"inLanguage\":\"en-US\",\"@id\":\"https:\/\/edyceramic-shop.ro\/ro\/#\/schema\/logo\/image\/\",\"url\":\"https:\/\/edyceramic-shop.ro\/wp-content\/uploads\/2024\/02\/Logo-EdyCeramic_2021-lung.png\",\"contentUrl\":\"https:\/\/edyceramic-shop.ro\/wp-content\/uploads\/2024\/02\/Logo-EdyCeramic_2021-lung.png\",\"width\":4491,\"height\":769,\"caption\":\"Edyceramic\"},\"image\":{\"@id\":\"https:\/\/edyceramic-shop.ro\/ro\/#\/schema\/logo\/image\/\"}}]}<\/script>\n<meta property=\"product:price:amount\" content=\"5861.00\" \/>\n<meta property=\"product:price:currency\" content=\"RON\" \/>\n<meta property=\"og:availability\" content=\"instock\" \/>\n<meta property=\"product:availability\" content=\"instock\" \/>\n<meta property=\"product:retailer_item_id\" content=\"e949a218551f\" \/>\n<meta property=\"product:condition\" content=\"new\" \/>\n<!-- \/ Yoast SEO Premium plugin. -->","yoast_head_json":{"title":"SET MOBILIER KARAG TODAY 60 ROSSO - Edyceramic - magazin online","robots":{"index":"index","follow":"follow","max-snippet":"max-snippet:-1","max-image-preview":"max-image-preview:large","max-video-preview":"max-video-preview:-1"},"canonical":"https:\/\/edyceramic-shop.ro\/en\/product\/set-mobilier-karag-today-60-rosso\/","og_locale":"en_US","og_type":"article","og_title":"SET MOBILIER KARAG TODAY 60 ROSSO","og_description":"Seturile de mobilier cu lavoar suspendate de la Karag sunt solu\u021bii moderne \u0219i elegante pentru b\u0103i, combin\u00e2nd designul minimalist cu","og_url":"https:\/\/edyceramic-shop.ro\/en\/product\/set-mobilier-karag-today-60-rosso\/","og_site_name":"Edyceramic - magazin online","article_modified_time":"2025-08-01T11:35:01+00:00","og_image":[{"width":525,"height":525,"url":"https:\/\/edyceramic-shop.ro\/wp-content\/uploads\/2024\/09\/525x525-karag-linea-today-1.webp","type":"image\/jpeg"}],"twitter_card":"summary_large_image","twitter_misc":{"Price":"5.861,00&nbsp;lei","Availability":"In stock"},"schema":{"@context":"https:\/\/schema.org","@graph":[{"@type":"WebPage","@id":"https:\/\/edyceramic-shop.ro\/produs\/set-mobilier-karag-today-60-rosso\/","url":"https:\/\/edyceramic-shop.ro\/produs\/set-mobilier-karag-today-60-rosso\/","name":"SET MOBILIER KARAG TODAY 60 ROSSO - Edyceramic - magazin online","isPartOf":{"@id":"https:\/\/edyceramic-shop.ro\/ro\/#website"},"datePublished":"2024-09-22T19:58:31+00:00","dateModified":"2025-08-01T11:35:01+00:00","breadcrumb":{"@id":"https:\/\/edyceramic-shop.ro\/produs\/set-mobilier-karag-today-60-rosso\/#breadcrumb"},"inLanguage":"en-US","potentialAction":[{"@type":"ReadAction","target":["https:\/\/edyceramic-shop.ro\/produs\/set-mobilier-karag-today-60-rosso\/"]}]},{"@type":"BreadcrumbList","@id":"https:\/\/edyceramic-shop.ro\/produs\/set-mobilier-karag-today-60-rosso\/#breadcrumb","itemListElement":[{"@type":"ListItem","position":1,"name":"Home","item":"https:\/\/edyceramic-shop.ro\/"},{"@type":"ListItem","position":2,"name":"Shop","item":"https:\/\/edyceramic-shop.ro\/ro\/shop\/"},{"@type":"ListItem","position":3,"name":"SET MOBILIER KARAG TODAY 60 ROSSO"}]},{"@type":"WebSite","@id":"https:\/\/edyceramic-shop.ro\/ro\/#website","url":"https:\/\/edyceramic-shop.ro\/ro\/","name":"edyceramic.ro","description":"","publisher":{"@id":"https:\/\/edyceramic-shop.ro\/ro\/#organization"},"potentialAction":[{"@type":"SearchAction","target":{"@type":"EntryPoint","urlTemplate":"https:\/\/edyceramic-shop.ro\/ro\/?s={search_term_string}"},"query-input":"required name=search_term_string"}],"inLanguage":"en-US"},{"@type":"Organization","@id":"https:\/\/edyceramic-shop.ro\/ro\/#organization","name":"Edyceramic","url":"https:\/\/edyceramic-shop.ro\/ro\/","logo":{"@type":"ImageObject","inLanguage":"en-US","@id":"https:\/\/edyceramic-shop.ro\/ro\/#\/schema\/logo\/image\/","url":"https:\/\/edyceramic-shop.ro\/wp-content\/uploads\/2024\/02\/Logo-EdyCeramic_2021-lung.png","contentUrl":"https:\/\/edyceramic-shop.ro\/wp-content\/uploads\/2024\/02\/Logo-EdyCeramic_2021-lung.png","width":4491,"height":769,"caption":"Edyceramic"},"image":{"@id":"https:\/\/edyceramic-shop.ro\/ro\/#\/schema\/logo\/image\/"}}]},"product_price_amount":"5861.00","product_price_currency":"RON","og_availability":"instock","product_availability":"instock","product_retailer_item_id":"e949a218551f","product_condition":"new"},"jetpack_sharing_enabled":true,"_links":{"self":[{"href":"https:\/\/edyceramic-shop.ro\/en\/wp-json\/wp\/v2\/product\/15927","targetHints":{"allow":["GET"]}}],"collection":[{"href":"https:\/\/edyceramic-shop.ro\/en\/wp-json\/wp\/v2\/product"}],"about":[{"href":"https:\/\/edyceramic-shop.ro\/en\/wp-json\/wp\/v2\/types\/product"}],"version-history":[{"count":1,"href":"https:\/\/edyceramic-shop.ro\/en\/wp-json\/wp\/v2\/product\/15927\/revisions"}],"predecessor-version":[{"id":15928,"href":"https:\/\/edyceramic-shop.ro\/en\/wp-json\/wp\/v2\/product\/15927\/revisions\/15928"}],"wp:featuredmedia":[{"embeddable":true,"href":"https:\/\/edyceramic-shop.ro\/en\/wp-json\/wp\/v2\/media\/15929"}],"wp:attachment":[{"href":"https:\/\/edyceramic-shop.ro\/en\/wp-json\/wp\/v2\/media?parent=15927"}],"wp:term":[{"taxonomy":"product_brand","embeddable":true,"href":"https:\/\/edyceramic-shop.ro\/en\/wp-json\/wp\/v2\/product_brand?post=15927"},{"taxonomy":"product_cat","embeddable":true,"href":"https:\/\/edyceramic-shop.ro\/en\/wp-json\/wp\/v2\/product_cat?post=15927"},{"taxonomy":"product_tag","embeddable":true,"href":"https:\/\/edyceramic-shop.ro\/en\/wp-json\/wp\/v2\/product_tag?post=15927"}],"curies":[{"name":"wp","href":"https:\/\/api.w.org\/{rel}","templated":true}]}}