{"id":15636,"date":"2024-09-22T19:55:59","date_gmt":"2024-09-22T19:55:59","guid":{"rendered":"https:\/\/edyceramic-shop.ro\/product\/lavoar-pe-mobilier-karag-155x46cm-alb-5206836026220\/"},"modified":"2025-08-01T13:34:53","modified_gmt":"2025-08-01T11:34:53","slug":"lavoar-pe-mobilier-karag-155x46cm-alb-5206836026220","status":"publish","type":"product","link":"https:\/\/edyceramic-shop.ro\/en\/product\/lavoar-pe-mobilier-karag-155x46cm-alb-5206836026220\/","title":{"rendered":"LAVOAR PE MOBILIER KARAG 155x46cm ALB 5206836026220"},"content":{"rendered":"<p>Lavoarul pe mobilier din compozit de la Karag aduce un plus de elegan\u021b\u0103 \u0219i func\u021bionalitate b\u0103ii tale. Fabricat dintr-un material compozit de \u00eenalt\u0103 calitate, acest lavoar combin\u0103 durabilitatea cu un design modern, oferind rezisten\u021b\u0103 la zg\u00e2rieturi, pete \u0219i temperaturi ridicate. Finisajul s\u0103u mat sau lucios confer\u0103 un aspect sofisticat \u0219i este u\u0219or de \u00eentre\u021binut.<\/p>\n<p>Proiectat special pentru a fi montat pe mobilier, lavoarul ofer\u0103 o solu\u021bie practic\u0103 \u0219i estetic\u0103 pentru optimizarea spa\u021biului. Designul s\u0103u se integreaz\u0103 perfect \u00een orice tip de mobilier de baie, ad\u0103ug\u00e2nd un plus de stil \u0219i confort. Forma bine definit\u0103 \u0219i suprafa\u021ba neted\u0103 asigur\u0103 un echilibru perfect \u00eentre func\u021bionalitate \u0219i estetic\u0103, fiind ideal pentru b\u0103ile moderne \u0219i elegante.<\/p>","protected":false},"excerpt":{"rendered":"<p>Lavoarul pe mobilier din compozit de la Karag aduce un plus de elegan\u021b\u0103 \u0219i func\u021bionalitate b\u0103ii tale. Fabricat dintr-un material<\/p>","protected":false},"featured_media":15638,"template":"","meta":[],"product_brand":[],"product_cat":[385,336,384],"product_tag":[],"class_list":{"0":"post-15636","1":"product","2":"type-product","3":"status-publish","4":"has-post-thumbnail","6":"product_cat-dulapuri-si-boluri","7":"product_cat-lavoare","8":"product_cat-mobilier-baie","9":"pa_culoare-alb","10":"pa_dimensiune-1550460160mm","11":"pa_fabrica-karag","12":"pa_material-compozit","13":"pa_montare-pe-mobilier","15":"first","16":"instock","17":"purchasable","18":"product-type-simple"},"yoast_head":"<!-- This site is optimized with the Yoast SEO Premium plugin v21.6 (Yoast SEO v22.1) - https:\/\/yoast.com\/wordpress\/plugins\/seo\/ -->\n<title>LAVOAR PE MOBILIER KARAG 155x46cm ALB 5206836026220 - Edyceramic - magazin online<\/title>\n<meta name=\"robots\" content=\"index, follow, max-snippet:-1, max-image-preview:large, max-video-preview:-1\" \/>\n<link rel=\"canonical\" href=\"https:\/\/edyceramic-shop.ro\/en\/product\/lavoar-pe-mobilier-karag-155x46cm-alb-5206836026220\/\" \/>\n<meta property=\"og:locale\" content=\"en_US\" \/>\n<meta property=\"og:type\" content=\"article\" \/>\n<meta property=\"og:title\" content=\"LAVOAR PE MOBILIER KARAG 155x46cm ALB 5206836026220\" \/>\n<meta property=\"og:description\" content=\"Lavoarul pe mobilier din compozit de la Karag aduce un plus de elegan\u021b\u0103 \u0219i func\u021bionalitate b\u0103ii tale. Fabricat dintr-un material\" \/>\n<meta property=\"og:url\" content=\"https:\/\/edyceramic-shop.ro\/en\/product\/lavoar-pe-mobilier-karag-155x46cm-alb-5206836026220\/\" \/>\n<meta property=\"og:site_name\" content=\"Edyceramic - magazin online\" \/>\n<meta property=\"article:modified_time\" content=\"2025-08-01T11:34:53+00:00\" \/>\n<meta property=\"og:image\" content=\"https:\/\/edyceramic-shop.ro\/wp-content\/uploads\/2024\/09\/lavoar-pe-mobilier-155x46-1.webp\" \/>\n\t<meta property=\"og:image:width\" content=\"1200\" \/>\n\t<meta property=\"og:image:height\" content=\"1200\" \/>\n\t<meta property=\"og:image:type\" content=\"image\/jpeg\" \/>\n<meta name=\"twitter:card\" content=\"summary_large_image\" \/>\n<meta name=\"twitter:label1\" content=\"Price\" \/>\n\t<meta name=\"twitter:data1\" content=\"5.150,00&nbsp;lei\" \/>\n\t<meta name=\"twitter:label2\" content=\"Availability\" \/>\n\t<meta name=\"twitter:data2\" content=\"In stock\" \/>\n<script type=\"application\/ld+json\" class=\"yoast-schema-graph\">{\"@context\":\"https:\/\/schema.org\",\"@graph\":[{\"@type\":\"WebPage\",\"@id\":\"https:\/\/edyceramic-shop.ro\/produs\/lavoar-pe-mobilier-karag-155x46cm-alb-5206836026220\/\",\"url\":\"https:\/\/edyceramic-shop.ro\/produs\/lavoar-pe-mobilier-karag-155x46cm-alb-5206836026220\/\",\"name\":\"LAVOAR PE MOBILIER KARAG 155x46cm ALB 5206836026220 - Edyceramic - magazin online\",\"isPartOf\":{\"@id\":\"https:\/\/edyceramic-shop.ro\/ro\/#website\"},\"datePublished\":\"2024-09-22T19:55:59+00:00\",\"dateModified\":\"2025-08-01T11:34:53+00:00\",\"breadcrumb\":{\"@id\":\"https:\/\/edyceramic-shop.ro\/produs\/lavoar-pe-mobilier-karag-155x46cm-alb-5206836026220\/#breadcrumb\"},\"inLanguage\":\"en-US\",\"potentialAction\":[{\"@type\":\"ReadAction\",\"target\":[\"https:\/\/edyceramic-shop.ro\/produs\/lavoar-pe-mobilier-karag-155x46cm-alb-5206836026220\/\"]}]},{\"@type\":\"BreadcrumbList\",\"@id\":\"https:\/\/edyceramic-shop.ro\/produs\/lavoar-pe-mobilier-karag-155x46cm-alb-5206836026220\/#breadcrumb\",\"itemListElement\":[{\"@type\":\"ListItem\",\"position\":1,\"name\":\"Home\",\"item\":\"https:\/\/edyceramic-shop.ro\/\"},{\"@type\":\"ListItem\",\"position\":2,\"name\":\"Shop\",\"item\":\"https:\/\/edyceramic-shop.ro\/ro\/shop\/\"},{\"@type\":\"ListItem\",\"position\":3,\"name\":\"LAVOAR PE MOBILIER KARAG 155x46cm ALB 5206836026220\"}]},{\"@type\":\"WebSite\",\"@id\":\"https:\/\/edyceramic-shop.ro\/ro\/#website\",\"url\":\"https:\/\/edyceramic-shop.ro\/ro\/\",\"name\":\"edyceramic.ro\",\"description\":\"\",\"publisher\":{\"@id\":\"https:\/\/edyceramic-shop.ro\/ro\/#organization\"},\"potentialAction\":[{\"@type\":\"SearchAction\",\"target\":{\"@type\":\"EntryPoint\",\"urlTemplate\":\"https:\/\/edyceramic-shop.ro\/ro\/?s={search_term_string}\"},\"query-input\":\"required name=search_term_string\"}],\"inLanguage\":\"en-US\"},{\"@type\":\"Organization\",\"@id\":\"https:\/\/edyceramic-shop.ro\/ro\/#organization\",\"name\":\"Edyceramic\",\"url\":\"https:\/\/edyceramic-shop.ro\/ro\/\",\"logo\":{\"@type\":\"ImageObject\",\"inLanguage\":\"en-US\",\"@id\":\"https:\/\/edyceramic-shop.ro\/ro\/#\/schema\/logo\/image\/\",\"url\":\"https:\/\/edyceramic-shop.ro\/wp-content\/uploads\/2024\/02\/Logo-EdyCeramic_2021-lung.png\",\"contentUrl\":\"https:\/\/edyceramic-shop.ro\/wp-content\/uploads\/2024\/02\/Logo-EdyCeramic_2021-lung.png\",\"width\":4491,\"height\":769,\"caption\":\"Edyceramic\"},\"image\":{\"@id\":\"https:\/\/edyceramic-shop.ro\/ro\/#\/schema\/logo\/image\/\"}}]}<\/script>\n<meta property=\"product:price:amount\" content=\"5150.00\" \/>\n<meta property=\"product:price:currency\" content=\"RON\" \/>\n<meta property=\"og:availability\" content=\"instock\" \/>\n<meta property=\"product:availability\" content=\"instock\" \/>\n<meta property=\"product:retailer_item_id\" content=\"d1adf17500b7\" \/>\n<meta property=\"product:condition\" content=\"new\" \/>\n<!-- \/ Yoast SEO Premium plugin. -->","yoast_head_json":{"title":"LAVOAR PE MOBILIER KARAG 155x46cm ALB 5206836026220 - Edyceramic - magazin online","robots":{"index":"index","follow":"follow","max-snippet":"max-snippet:-1","max-image-preview":"max-image-preview:large","max-video-preview":"max-video-preview:-1"},"canonical":"https:\/\/edyceramic-shop.ro\/en\/product\/lavoar-pe-mobilier-karag-155x46cm-alb-5206836026220\/","og_locale":"en_US","og_type":"article","og_title":"LAVOAR PE MOBILIER KARAG 155x46cm ALB 5206836026220","og_description":"Lavoarul pe mobilier din compozit de la Karag aduce un plus de elegan\u021b\u0103 \u0219i func\u021bionalitate b\u0103ii tale. Fabricat dintr-un material","og_url":"https:\/\/edyceramic-shop.ro\/en\/product\/lavoar-pe-mobilier-karag-155x46cm-alb-5206836026220\/","og_site_name":"Edyceramic - magazin online","article_modified_time":"2025-08-01T11:34:53+00:00","og_image":[{"width":1200,"height":1200,"url":"https:\/\/edyceramic-shop.ro\/wp-content\/uploads\/2024\/09\/lavoar-pe-mobilier-155x46-1.webp","type":"image\/jpeg"}],"twitter_card":"summary_large_image","twitter_misc":{"Price":"5.150,00&nbsp;lei","Availability":"In stock"},"schema":{"@context":"https:\/\/schema.org","@graph":[{"@type":"WebPage","@id":"https:\/\/edyceramic-shop.ro\/produs\/lavoar-pe-mobilier-karag-155x46cm-alb-5206836026220\/","url":"https:\/\/edyceramic-shop.ro\/produs\/lavoar-pe-mobilier-karag-155x46cm-alb-5206836026220\/","name":"LAVOAR PE MOBILIER KARAG 155x46cm ALB 5206836026220 - Edyceramic - magazin online","isPartOf":{"@id":"https:\/\/edyceramic-shop.ro\/ro\/#website"},"datePublished":"2024-09-22T19:55:59+00:00","dateModified":"2025-08-01T11:34:53+00:00","breadcrumb":{"@id":"https:\/\/edyceramic-shop.ro\/produs\/lavoar-pe-mobilier-karag-155x46cm-alb-5206836026220\/#breadcrumb"},"inLanguage":"en-US","potentialAction":[{"@type":"ReadAction","target":["https:\/\/edyceramic-shop.ro\/produs\/lavoar-pe-mobilier-karag-155x46cm-alb-5206836026220\/"]}]},{"@type":"BreadcrumbList","@id":"https:\/\/edyceramic-shop.ro\/produs\/lavoar-pe-mobilier-karag-155x46cm-alb-5206836026220\/#breadcrumb","itemListElement":[{"@type":"ListItem","position":1,"name":"Home","item":"https:\/\/edyceramic-shop.ro\/"},{"@type":"ListItem","position":2,"name":"Shop","item":"https:\/\/edyceramic-shop.ro\/ro\/shop\/"},{"@type":"ListItem","position":3,"name":"LAVOAR PE MOBILIER KARAG 155x46cm ALB 5206836026220"}]},{"@type":"WebSite","@id":"https:\/\/edyceramic-shop.ro\/ro\/#website","url":"https:\/\/edyceramic-shop.ro\/ro\/","name":"edyceramic.ro","description":"","publisher":{"@id":"https:\/\/edyceramic-shop.ro\/ro\/#organization"},"potentialAction":[{"@type":"SearchAction","target":{"@type":"EntryPoint","urlTemplate":"https:\/\/edyceramic-shop.ro\/ro\/?s={search_term_string}"},"query-input":"required name=search_term_string"}],"inLanguage":"en-US"},{"@type":"Organization","@id":"https:\/\/edyceramic-shop.ro\/ro\/#organization","name":"Edyceramic","url":"https:\/\/edyceramic-shop.ro\/ro\/","logo":{"@type":"ImageObject","inLanguage":"en-US","@id":"https:\/\/edyceramic-shop.ro\/ro\/#\/schema\/logo\/image\/","url":"https:\/\/edyceramic-shop.ro\/wp-content\/uploads\/2024\/02\/Logo-EdyCeramic_2021-lung.png","contentUrl":"https:\/\/edyceramic-shop.ro\/wp-content\/uploads\/2024\/02\/Logo-EdyCeramic_2021-lung.png","width":4491,"height":769,"caption":"Edyceramic"},"image":{"@id":"https:\/\/edyceramic-shop.ro\/ro\/#\/schema\/logo\/image\/"}}]},"product_price_amount":"5150.00","product_price_currency":"RON","og_availability":"instock","product_availability":"instock","product_retailer_item_id":"d1adf17500b7","product_condition":"new"},"jetpack_sharing_enabled":true,"_links":{"self":[{"href":"https:\/\/edyceramic-shop.ro\/en\/wp-json\/wp\/v2\/product\/15636","targetHints":{"allow":["GET"]}}],"collection":[{"href":"https:\/\/edyceramic-shop.ro\/en\/wp-json\/wp\/v2\/product"}],"about":[{"href":"https:\/\/edyceramic-shop.ro\/en\/wp-json\/wp\/v2\/types\/product"}],"version-history":[{"count":1,"href":"https:\/\/edyceramic-shop.ro\/en\/wp-json\/wp\/v2\/product\/15636\/revisions"}],"predecessor-version":[{"id":15637,"href":"https:\/\/edyceramic-shop.ro\/en\/wp-json\/wp\/v2\/product\/15636\/revisions\/15637"}],"wp:featuredmedia":[{"embeddable":true,"href":"https:\/\/edyceramic-shop.ro\/en\/wp-json\/wp\/v2\/media\/15638"}],"wp:attachment":[{"href":"https:\/\/edyceramic-shop.ro\/en\/wp-json\/wp\/v2\/media?parent=15636"}],"wp:term":[{"taxonomy":"product_brand","embeddable":true,"href":"https:\/\/edyceramic-shop.ro\/en\/wp-json\/wp\/v2\/product_brand?post=15636"},{"taxonomy":"product_cat","embeddable":true,"href":"https:\/\/edyceramic-shop.ro\/en\/wp-json\/wp\/v2\/product_cat?post=15636"},{"taxonomy":"product_tag","embeddable":true,"href":"https:\/\/edyceramic-shop.ro\/en\/wp-json\/wp\/v2\/product_tag?post=15636"}],"curies":[{"name":"wp","href":"https:\/\/api.w.org\/{rel}","templated":true}]}}