{"id":15405,"date":"2024-09-22T19:54:06","date_gmt":"2024-09-22T19:54:06","guid":{"rendered":"https:\/\/edyceramic-shop.ro\/product\/lavoar-pe-blat-karag-48x41cm-alb-5206836658742\/"},"modified":"2025-08-01T13:34:47","modified_gmt":"2025-08-01T11:34:47","slug":"lavoar-pe-blat-karag-48x41cm-alb-5206836658742","status":"publish","type":"product","link":"https:\/\/edyceramic-shop.ro\/en\/product\/lavoar-pe-blat-karag-48x41cm-alb-5206836658742\/","title":{"rendered":"LAVOAR PE BLAT KARAG 48x41cm ALB 5206836658742"},"content":{"rendered":"<p>Lavoarul cu montaj pe blat din ceramic\u0103 de la Karag este o alegere clasic\u0103 ce aduce un plus de elegan\u021b\u0103 \u0219i func\u021bionalitate \u00een orice baie. Fabricat din ceramic\u0103 de \u00eenalt\u0103 calitate, lavoarul are un finisaj neted, lucios \u0219i u\u0219or de \u00eentre\u021binut. Rezistent la pete, zg\u00e2rieturi \u0219i temperaturi ridicate, acest lavoar \u00eembin\u0103 perfect estetica cu durabilitatea. Forma sa bine definit\u0103 \u0219i liniile curate se potrivesc cu orice stil de design, de la modern la tradi\u021bional, f\u0103c\u00e2ndu-l o op\u021biune versatil\u0103 \u0219i durabil\u0103.<\/p>","protected":false},"excerpt":{"rendered":"<p>Lavoarul cu montaj pe blat din ceramic\u0103 de la Karag este o alegere clasic\u0103 ce aduce un plus de elegan\u021b\u0103<\/p>","protected":false},"featured_media":15407,"template":"","meta":[],"product_brand":[],"product_cat":[385,336,384],"product_tag":[],"class_list":{"0":"post-15405","1":"product","2":"type-product","3":"status-publish","4":"has-post-thumbnail","6":"product_cat-dulapuri-si-boluri","7":"product_cat-lavoare","8":"product_cat-mobilier-baie","9":"pa_culoare-alb","10":"pa_dimensiune-485410125mm","11":"pa_fabrica-karag","12":"pa_material-ceramica","13":"pa_montare-pe-blat","15":"first","16":"instock","17":"purchasable","18":"product-type-simple"},"yoast_head":"<!-- This site is optimized with the Yoast SEO Premium plugin v21.6 (Yoast SEO v22.1) - https:\/\/yoast.com\/wordpress\/plugins\/seo\/ -->\n<title>LAVOAR PE BLAT KARAG 48x41cm ALB 5206836658742 - Edyceramic - magazin online<\/title>\n<meta name=\"robots\" content=\"index, follow, max-snippet:-1, max-image-preview:large, max-video-preview:-1\" \/>\n<link rel=\"canonical\" href=\"https:\/\/edyceramic-shop.ro\/en\/product\/lavoar-pe-blat-karag-48x41cm-alb-5206836658742\/\" \/>\n<meta property=\"og:locale\" content=\"en_US\" \/>\n<meta property=\"og:type\" content=\"article\" \/>\n<meta property=\"og:title\" content=\"LAVOAR PE BLAT KARAG 48x41cm ALB 5206836658742\" \/>\n<meta property=\"og:description\" content=\"Lavoarul cu montaj pe blat din ceramic\u0103 de la Karag este o alegere clasic\u0103 ce aduce un plus de elegan\u021b\u0103\" \/>\n<meta property=\"og:url\" content=\"https:\/\/edyceramic-shop.ro\/en\/product\/lavoar-pe-blat-karag-48x41cm-alb-5206836658742\/\" \/>\n<meta property=\"og:site_name\" content=\"Edyceramic - magazin online\" \/>\n<meta property=\"article:modified_time\" content=\"2025-08-01T11:34:47+00:00\" \/>\n<meta property=\"og:image\" content=\"https:\/\/edyceramic-shop.ro\/wp-content\/uploads\/2024\/09\/lavoar-pe-blat-karag-48x41-1.webp\" \/>\n\t<meta property=\"og:image:width\" content=\"600\" \/>\n\t<meta property=\"og:image:height\" content=\"600\" \/>\n\t<meta property=\"og:image:type\" content=\"image\/png\" \/>\n<meta name=\"twitter:card\" content=\"summary_large_image\" \/>\n<meta name=\"twitter:label1\" content=\"Price\" \/>\n\t<meta name=\"twitter:data1\" content=\"773,00&nbsp;lei\" \/>\n\t<meta name=\"twitter:label2\" content=\"Availability\" \/>\n\t<meta name=\"twitter:data2\" content=\"In stock\" \/>\n<script type=\"application\/ld+json\" class=\"yoast-schema-graph\">{\"@context\":\"https:\/\/schema.org\",\"@graph\":[{\"@type\":\"WebPage\",\"@id\":\"https:\/\/edyceramic-shop.ro\/produs\/lavoar-pe-blat-karag-48x41cm-alb-5206836658742\/\",\"url\":\"https:\/\/edyceramic-shop.ro\/produs\/lavoar-pe-blat-karag-48x41cm-alb-5206836658742\/\",\"name\":\"LAVOAR PE BLAT KARAG 48x41cm ALB 5206836658742 - Edyceramic - magazin online\",\"isPartOf\":{\"@id\":\"https:\/\/edyceramic-shop.ro\/ro\/#website\"},\"datePublished\":\"2024-09-22T19:54:06+00:00\",\"dateModified\":\"2025-08-01T11:34:47+00:00\",\"breadcrumb\":{\"@id\":\"https:\/\/edyceramic-shop.ro\/produs\/lavoar-pe-blat-karag-48x41cm-alb-5206836658742\/#breadcrumb\"},\"inLanguage\":\"en-US\",\"potentialAction\":[{\"@type\":\"ReadAction\",\"target\":[\"https:\/\/edyceramic-shop.ro\/produs\/lavoar-pe-blat-karag-48x41cm-alb-5206836658742\/\"]}]},{\"@type\":\"BreadcrumbList\",\"@id\":\"https:\/\/edyceramic-shop.ro\/produs\/lavoar-pe-blat-karag-48x41cm-alb-5206836658742\/#breadcrumb\",\"itemListElement\":[{\"@type\":\"ListItem\",\"position\":1,\"name\":\"Home\",\"item\":\"https:\/\/edyceramic-shop.ro\/\"},{\"@type\":\"ListItem\",\"position\":2,\"name\":\"Shop\",\"item\":\"https:\/\/edyceramic-shop.ro\/ro\/shop\/\"},{\"@type\":\"ListItem\",\"position\":3,\"name\":\"LAVOAR PE BLAT KARAG 48x41cm ALB 5206836658742\"}]},{\"@type\":\"WebSite\",\"@id\":\"https:\/\/edyceramic-shop.ro\/ro\/#website\",\"url\":\"https:\/\/edyceramic-shop.ro\/ro\/\",\"name\":\"edyceramic.ro\",\"description\":\"\",\"publisher\":{\"@id\":\"https:\/\/edyceramic-shop.ro\/ro\/#organization\"},\"potentialAction\":[{\"@type\":\"SearchAction\",\"target\":{\"@type\":\"EntryPoint\",\"urlTemplate\":\"https:\/\/edyceramic-shop.ro\/ro\/?s={search_term_string}\"},\"query-input\":\"required name=search_term_string\"}],\"inLanguage\":\"en-US\"},{\"@type\":\"Organization\",\"@id\":\"https:\/\/edyceramic-shop.ro\/ro\/#organization\",\"name\":\"Edyceramic\",\"url\":\"https:\/\/edyceramic-shop.ro\/ro\/\",\"logo\":{\"@type\":\"ImageObject\",\"inLanguage\":\"en-US\",\"@id\":\"https:\/\/edyceramic-shop.ro\/ro\/#\/schema\/logo\/image\/\",\"url\":\"https:\/\/edyceramic-shop.ro\/wp-content\/uploads\/2024\/02\/Logo-EdyCeramic_2021-lung.png\",\"contentUrl\":\"https:\/\/edyceramic-shop.ro\/wp-content\/uploads\/2024\/02\/Logo-EdyCeramic_2021-lung.png\",\"width\":4491,\"height\":769,\"caption\":\"Edyceramic\"},\"image\":{\"@id\":\"https:\/\/edyceramic-shop.ro\/ro\/#\/schema\/logo\/image\/\"}}]}<\/script>\n<meta property=\"product:price:amount\" content=\"773.00\" \/>\n<meta property=\"product:price:currency\" content=\"RON\" \/>\n<meta property=\"og:availability\" content=\"instock\" \/>\n<meta property=\"product:availability\" content=\"instock\" \/>\n<meta property=\"product:retailer_item_id\" content=\"e79f31384642\" \/>\n<meta property=\"product:condition\" content=\"new\" \/>\n<!-- \/ Yoast SEO Premium plugin. -->","yoast_head_json":{"title":"LAVOAR PE BLAT KARAG 48x41cm ALB 5206836658742 - Edyceramic - magazin online","robots":{"index":"index","follow":"follow","max-snippet":"max-snippet:-1","max-image-preview":"max-image-preview:large","max-video-preview":"max-video-preview:-1"},"canonical":"https:\/\/edyceramic-shop.ro\/en\/product\/lavoar-pe-blat-karag-48x41cm-alb-5206836658742\/","og_locale":"en_US","og_type":"article","og_title":"LAVOAR PE BLAT KARAG 48x41cm ALB 5206836658742","og_description":"Lavoarul cu montaj pe blat din ceramic\u0103 de la Karag este o alegere clasic\u0103 ce aduce un plus de elegan\u021b\u0103","og_url":"https:\/\/edyceramic-shop.ro\/en\/product\/lavoar-pe-blat-karag-48x41cm-alb-5206836658742\/","og_site_name":"Edyceramic - magazin online","article_modified_time":"2025-08-01T11:34:47+00:00","og_image":[{"width":600,"height":600,"url":"https:\/\/edyceramic-shop.ro\/wp-content\/uploads\/2024\/09\/lavoar-pe-blat-karag-48x41-1.webp","type":"image\/png"}],"twitter_card":"summary_large_image","twitter_misc":{"Price":"773,00&nbsp;lei","Availability":"In stock"},"schema":{"@context":"https:\/\/schema.org","@graph":[{"@type":"WebPage","@id":"https:\/\/edyceramic-shop.ro\/produs\/lavoar-pe-blat-karag-48x41cm-alb-5206836658742\/","url":"https:\/\/edyceramic-shop.ro\/produs\/lavoar-pe-blat-karag-48x41cm-alb-5206836658742\/","name":"LAVOAR PE BLAT KARAG 48x41cm ALB 5206836658742 - Edyceramic - magazin online","isPartOf":{"@id":"https:\/\/edyceramic-shop.ro\/ro\/#website"},"datePublished":"2024-09-22T19:54:06+00:00","dateModified":"2025-08-01T11:34:47+00:00","breadcrumb":{"@id":"https:\/\/edyceramic-shop.ro\/produs\/lavoar-pe-blat-karag-48x41cm-alb-5206836658742\/#breadcrumb"},"inLanguage":"en-US","potentialAction":[{"@type":"ReadAction","target":["https:\/\/edyceramic-shop.ro\/produs\/lavoar-pe-blat-karag-48x41cm-alb-5206836658742\/"]}]},{"@type":"BreadcrumbList","@id":"https:\/\/edyceramic-shop.ro\/produs\/lavoar-pe-blat-karag-48x41cm-alb-5206836658742\/#breadcrumb","itemListElement":[{"@type":"ListItem","position":1,"name":"Home","item":"https:\/\/edyceramic-shop.ro\/"},{"@type":"ListItem","position":2,"name":"Shop","item":"https:\/\/edyceramic-shop.ro\/ro\/shop\/"},{"@type":"ListItem","position":3,"name":"LAVOAR PE BLAT KARAG 48x41cm ALB 5206836658742"}]},{"@type":"WebSite","@id":"https:\/\/edyceramic-shop.ro\/ro\/#website","url":"https:\/\/edyceramic-shop.ro\/ro\/","name":"edyceramic.ro","description":"","publisher":{"@id":"https:\/\/edyceramic-shop.ro\/ro\/#organization"},"potentialAction":[{"@type":"SearchAction","target":{"@type":"EntryPoint","urlTemplate":"https:\/\/edyceramic-shop.ro\/ro\/?s={search_term_string}"},"query-input":"required name=search_term_string"}],"inLanguage":"en-US"},{"@type":"Organization","@id":"https:\/\/edyceramic-shop.ro\/ro\/#organization","name":"Edyceramic","url":"https:\/\/edyceramic-shop.ro\/ro\/","logo":{"@type":"ImageObject","inLanguage":"en-US","@id":"https:\/\/edyceramic-shop.ro\/ro\/#\/schema\/logo\/image\/","url":"https:\/\/edyceramic-shop.ro\/wp-content\/uploads\/2024\/02\/Logo-EdyCeramic_2021-lung.png","contentUrl":"https:\/\/edyceramic-shop.ro\/wp-content\/uploads\/2024\/02\/Logo-EdyCeramic_2021-lung.png","width":4491,"height":769,"caption":"Edyceramic"},"image":{"@id":"https:\/\/edyceramic-shop.ro\/ro\/#\/schema\/logo\/image\/"}}]},"product_price_amount":"773.00","product_price_currency":"RON","og_availability":"instock","product_availability":"instock","product_retailer_item_id":"e79f31384642","product_condition":"new"},"jetpack_sharing_enabled":true,"_links":{"self":[{"href":"https:\/\/edyceramic-shop.ro\/en\/wp-json\/wp\/v2\/product\/15405","targetHints":{"allow":["GET"]}}],"collection":[{"href":"https:\/\/edyceramic-shop.ro\/en\/wp-json\/wp\/v2\/product"}],"about":[{"href":"https:\/\/edyceramic-shop.ro\/en\/wp-json\/wp\/v2\/types\/product"}],"version-history":[{"count":1,"href":"https:\/\/edyceramic-shop.ro\/en\/wp-json\/wp\/v2\/product\/15405\/revisions"}],"predecessor-version":[{"id":15406,"href":"https:\/\/edyceramic-shop.ro\/en\/wp-json\/wp\/v2\/product\/15405\/revisions\/15406"}],"wp:featuredmedia":[{"embeddable":true,"href":"https:\/\/edyceramic-shop.ro\/en\/wp-json\/wp\/v2\/media\/15407"}],"wp:attachment":[{"href":"https:\/\/edyceramic-shop.ro\/en\/wp-json\/wp\/v2\/media?parent=15405"}],"wp:term":[{"taxonomy":"product_brand","embeddable":true,"href":"https:\/\/edyceramic-shop.ro\/en\/wp-json\/wp\/v2\/product_brand?post=15405"},{"taxonomy":"product_cat","embeddable":true,"href":"https:\/\/edyceramic-shop.ro\/en\/wp-json\/wp\/v2\/product_cat?post=15405"},{"taxonomy":"product_tag","embeddable":true,"href":"https:\/\/edyceramic-shop.ro\/en\/wp-json\/wp\/v2\/product_tag?post=15405"}],"curies":[{"name":"wp","href":"https:\/\/api.w.org\/{rel}","templated":true}]}}