{"id":15340,"date":"2024-09-22T19:53:29","date_gmt":"2024-09-22T19:53:29","guid":{"rendered":"https:\/\/edyceramic-shop.ro\/product\/lavoar-freestnding-karag-bora-prdg-5206836065021\/"},"modified":"2025-08-01T13:34:46","modified_gmt":"2025-08-01T11:34:46","slug":"lavoar-freestnding-karag-bora-prdg-5206836065021","status":"publish","type":"product","link":"https:\/\/edyceramic-shop.ro\/en\/product\/lavoar-freestnding-karag-bora-prdg-5206836065021\/","title":{"rendered":"LAVOAR FREESTNDING KARAG BORA PRDG 5206836065021"},"content":{"rendered":"<p>Lavoarul freestanding din piatr\u0103 natural\u0103 de la Karag este o adev\u0103rat\u0103 pies\u0103 de rezisten\u021b\u0103 pentru b\u0103ile moderne \u0219i elegante. Realizat din piatr\u0103 natural\u0103 de \u00eenalt\u0103 calitate, acest lavoar impresioneaz\u0103 prin robuste\u021bea \u0219i frumuse\u021bea materialului, aduc\u00e2nd un aspect unic \u0219i sofisticat \u00een orice spa\u021biu. Datorit\u0103 varia\u021biilor naturale de textur\u0103 \u0219i culoare, fiecare lavoar este o oper\u0103 de art\u0103, av\u00e2nd o estetic\u0103 distinct\u0103.<\/p>\n<p>Designul freestanding nu doar c\u0103 adaug\u0103 un plus de elegan\u021b\u0103, dar \u0219i permite o instalare flexibil\u0103, integr\u00e2ndu-se armonios \u00een orice tip de decor. Durabil \u0219i rezistent la uzur\u0103, lavoarul freestanding din piatr\u0103 natural\u0103 ofer\u0103 un echilibru perfect \u00eentre func\u021bionalitate \u0219i estetic\u0103, transform\u00e2nd baia \u00eentr-un spa\u021biu deosebit.<\/p>","protected":false},"excerpt":{"rendered":"<p>Lavoarul freestanding din piatr\u0103 natural\u0103 de la Karag este o adev\u0103rat\u0103 pies\u0103 de rezisten\u021b\u0103 pentru b\u0103ile moderne \u0219i elegante. Realizat<\/p>","protected":false},"featured_media":15342,"template":"","meta":[],"product_brand":[],"product_cat":[385,336,384],"product_tag":[],"class_list":{"0":"post-15340","1":"product","2":"type-product","3":"status-publish","4":"has-post-thumbnail","6":"product_cat-dulapuri-si-boluri","7":"product_cat-lavoare","8":"product_cat-mobilier-baie","9":"pa_colectie-bora","10":"pa_culoare-negru","11":"pa_dimensiune-o410x920mm","12":"pa_fabrica-karag","13":"pa_material-piatra","14":"pa_montare-freestanding","16":"first","17":"instock","18":"purchasable","19":"product-type-simple"},"yoast_head":"<!-- This site is optimized with the Yoast SEO Premium plugin v21.6 (Yoast SEO v22.1) - https:\/\/yoast.com\/wordpress\/plugins\/seo\/ -->\n<title>LAVOAR FREESTNDING KARAG BORA PRDG 5206836065021 - Edyceramic - magazin online<\/title>\n<meta name=\"robots\" content=\"index, follow, max-snippet:-1, max-image-preview:large, max-video-preview:-1\" \/>\n<link rel=\"canonical\" href=\"https:\/\/edyceramic-shop.ro\/en\/product\/lavoar-freestnding-karag-bora-prdg-5206836065021\/\" \/>\n<meta property=\"og:locale\" content=\"en_US\" \/>\n<meta property=\"og:type\" content=\"article\" \/>\n<meta property=\"og:title\" content=\"LAVOAR FREESTNDING KARAG BORA PRDG 5206836065021\" \/>\n<meta property=\"og:description\" content=\"Lavoarul freestanding din piatr\u0103 natural\u0103 de la Karag este o adev\u0103rat\u0103 pies\u0103 de rezisten\u021b\u0103 pentru b\u0103ile moderne \u0219i elegante. Realizat\" \/>\n<meta property=\"og:url\" content=\"https:\/\/edyceramic-shop.ro\/en\/product\/lavoar-freestnding-karag-bora-prdg-5206836065021\/\" \/>\n<meta property=\"og:site_name\" content=\"Edyceramic - magazin online\" \/>\n<meta property=\"article:modified_time\" content=\"2025-08-01T11:34:46+00:00\" \/>\n<meta property=\"og:image\" content=\"https:\/\/edyceramic-shop.ro\/wp-content\/uploads\/2024\/09\/lavoar-freestanding-karag-bora-nero-din-piatra-40x90-cm-1.webp\" \/>\n\t<meta property=\"og:image:width\" content=\"450\" \/>\n\t<meta property=\"og:image:height\" content=\"450\" \/>\n\t<meta property=\"og:image:type\" content=\"image\/jpeg\" \/>\n<meta name=\"twitter:card\" content=\"summary_large_image\" \/>\n<meta name=\"twitter:label1\" content=\"Price\" \/>\n\t<meta name=\"twitter:data1\" content=\"6.180,00&nbsp;lei\" \/>\n\t<meta name=\"twitter:label2\" content=\"Availability\" \/>\n\t<meta name=\"twitter:data2\" content=\"In stock\" \/>\n<script type=\"application\/ld+json\" class=\"yoast-schema-graph\">{\"@context\":\"https:\/\/schema.org\",\"@graph\":[{\"@type\":\"WebPage\",\"@id\":\"https:\/\/edyceramic-shop.ro\/produs\/lavoar-freestnding-karag-bora-prdg-5206836065021\/\",\"url\":\"https:\/\/edyceramic-shop.ro\/produs\/lavoar-freestnding-karag-bora-prdg-5206836065021\/\",\"name\":\"LAVOAR FREESTNDING KARAG BORA PRDG 5206836065021 - Edyceramic - magazin online\",\"isPartOf\":{\"@id\":\"https:\/\/edyceramic-shop.ro\/ro\/#website\"},\"datePublished\":\"2024-09-22T19:53:29+00:00\",\"dateModified\":\"2025-08-01T11:34:46+00:00\",\"breadcrumb\":{\"@id\":\"https:\/\/edyceramic-shop.ro\/produs\/lavoar-freestnding-karag-bora-prdg-5206836065021\/#breadcrumb\"},\"inLanguage\":\"en-US\",\"potentialAction\":[{\"@type\":\"ReadAction\",\"target\":[\"https:\/\/edyceramic-shop.ro\/produs\/lavoar-freestnding-karag-bora-prdg-5206836065021\/\"]}]},{\"@type\":\"BreadcrumbList\",\"@id\":\"https:\/\/edyceramic-shop.ro\/produs\/lavoar-freestnding-karag-bora-prdg-5206836065021\/#breadcrumb\",\"itemListElement\":[{\"@type\":\"ListItem\",\"position\":1,\"name\":\"Home\",\"item\":\"https:\/\/edyceramic-shop.ro\/\"},{\"@type\":\"ListItem\",\"position\":2,\"name\":\"Shop\",\"item\":\"https:\/\/edyceramic-shop.ro\/ro\/shop\/\"},{\"@type\":\"ListItem\",\"position\":3,\"name\":\"LAVOAR FREESTNDING KARAG BORA PRDG 5206836065021\"}]},{\"@type\":\"WebSite\",\"@id\":\"https:\/\/edyceramic-shop.ro\/ro\/#website\",\"url\":\"https:\/\/edyceramic-shop.ro\/ro\/\",\"name\":\"edyceramic.ro\",\"description\":\"\",\"publisher\":{\"@id\":\"https:\/\/edyceramic-shop.ro\/ro\/#organization\"},\"potentialAction\":[{\"@type\":\"SearchAction\",\"target\":{\"@type\":\"EntryPoint\",\"urlTemplate\":\"https:\/\/edyceramic-shop.ro\/ro\/?s={search_term_string}\"},\"query-input\":\"required name=search_term_string\"}],\"inLanguage\":\"en-US\"},{\"@type\":\"Organization\",\"@id\":\"https:\/\/edyceramic-shop.ro\/ro\/#organization\",\"name\":\"Edyceramic\",\"url\":\"https:\/\/edyceramic-shop.ro\/ro\/\",\"logo\":{\"@type\":\"ImageObject\",\"inLanguage\":\"en-US\",\"@id\":\"https:\/\/edyceramic-shop.ro\/ro\/#\/schema\/logo\/image\/\",\"url\":\"https:\/\/edyceramic-shop.ro\/wp-content\/uploads\/2024\/02\/Logo-EdyCeramic_2021-lung.png\",\"contentUrl\":\"https:\/\/edyceramic-shop.ro\/wp-content\/uploads\/2024\/02\/Logo-EdyCeramic_2021-lung.png\",\"width\":4491,\"height\":769,\"caption\":\"Edyceramic\"},\"image\":{\"@id\":\"https:\/\/edyceramic-shop.ro\/ro\/#\/schema\/logo\/image\/\"}}]}<\/script>\n<meta property=\"product:price:amount\" content=\"6180.00\" \/>\n<meta property=\"product:price:currency\" content=\"RON\" \/>\n<meta property=\"og:availability\" content=\"instock\" \/>\n<meta property=\"product:availability\" content=\"instock\" \/>\n<meta property=\"product:retailer_item_id\" content=\"2fbdd2bb3111\" \/>\n<meta property=\"product:condition\" content=\"new\" \/>\n<!-- \/ Yoast SEO Premium plugin. -->","yoast_head_json":{"title":"LAVOAR FREESTNDING KARAG BORA PRDG 5206836065021 - Edyceramic - magazin online","robots":{"index":"index","follow":"follow","max-snippet":"max-snippet:-1","max-image-preview":"max-image-preview:large","max-video-preview":"max-video-preview:-1"},"canonical":"https:\/\/edyceramic-shop.ro\/en\/product\/lavoar-freestnding-karag-bora-prdg-5206836065021\/","og_locale":"en_US","og_type":"article","og_title":"LAVOAR FREESTNDING KARAG BORA PRDG 5206836065021","og_description":"Lavoarul freestanding din piatr\u0103 natural\u0103 de la Karag este o adev\u0103rat\u0103 pies\u0103 de rezisten\u021b\u0103 pentru b\u0103ile moderne \u0219i elegante. Realizat","og_url":"https:\/\/edyceramic-shop.ro\/en\/product\/lavoar-freestnding-karag-bora-prdg-5206836065021\/","og_site_name":"Edyceramic - magazin online","article_modified_time":"2025-08-01T11:34:46+00:00","og_image":[{"width":450,"height":450,"url":"https:\/\/edyceramic-shop.ro\/wp-content\/uploads\/2024\/09\/lavoar-freestanding-karag-bora-nero-din-piatra-40x90-cm-1.webp","type":"image\/jpeg"}],"twitter_card":"summary_large_image","twitter_misc":{"Price":"6.180,00&nbsp;lei","Availability":"In stock"},"schema":{"@context":"https:\/\/schema.org","@graph":[{"@type":"WebPage","@id":"https:\/\/edyceramic-shop.ro\/produs\/lavoar-freestnding-karag-bora-prdg-5206836065021\/","url":"https:\/\/edyceramic-shop.ro\/produs\/lavoar-freestnding-karag-bora-prdg-5206836065021\/","name":"LAVOAR FREESTNDING KARAG BORA PRDG 5206836065021 - Edyceramic - magazin online","isPartOf":{"@id":"https:\/\/edyceramic-shop.ro\/ro\/#website"},"datePublished":"2024-09-22T19:53:29+00:00","dateModified":"2025-08-01T11:34:46+00:00","breadcrumb":{"@id":"https:\/\/edyceramic-shop.ro\/produs\/lavoar-freestnding-karag-bora-prdg-5206836065021\/#breadcrumb"},"inLanguage":"en-US","potentialAction":[{"@type":"ReadAction","target":["https:\/\/edyceramic-shop.ro\/produs\/lavoar-freestnding-karag-bora-prdg-5206836065021\/"]}]},{"@type":"BreadcrumbList","@id":"https:\/\/edyceramic-shop.ro\/produs\/lavoar-freestnding-karag-bora-prdg-5206836065021\/#breadcrumb","itemListElement":[{"@type":"ListItem","position":1,"name":"Home","item":"https:\/\/edyceramic-shop.ro\/"},{"@type":"ListItem","position":2,"name":"Shop","item":"https:\/\/edyceramic-shop.ro\/ro\/shop\/"},{"@type":"ListItem","position":3,"name":"LAVOAR FREESTNDING KARAG BORA PRDG 5206836065021"}]},{"@type":"WebSite","@id":"https:\/\/edyceramic-shop.ro\/ro\/#website","url":"https:\/\/edyceramic-shop.ro\/ro\/","name":"edyceramic.ro","description":"","publisher":{"@id":"https:\/\/edyceramic-shop.ro\/ro\/#organization"},"potentialAction":[{"@type":"SearchAction","target":{"@type":"EntryPoint","urlTemplate":"https:\/\/edyceramic-shop.ro\/ro\/?s={search_term_string}"},"query-input":"required name=search_term_string"}],"inLanguage":"en-US"},{"@type":"Organization","@id":"https:\/\/edyceramic-shop.ro\/ro\/#organization","name":"Edyceramic","url":"https:\/\/edyceramic-shop.ro\/ro\/","logo":{"@type":"ImageObject","inLanguage":"en-US","@id":"https:\/\/edyceramic-shop.ro\/ro\/#\/schema\/logo\/image\/","url":"https:\/\/edyceramic-shop.ro\/wp-content\/uploads\/2024\/02\/Logo-EdyCeramic_2021-lung.png","contentUrl":"https:\/\/edyceramic-shop.ro\/wp-content\/uploads\/2024\/02\/Logo-EdyCeramic_2021-lung.png","width":4491,"height":769,"caption":"Edyceramic"},"image":{"@id":"https:\/\/edyceramic-shop.ro\/ro\/#\/schema\/logo\/image\/"}}]},"product_price_amount":"6180.00","product_price_currency":"RON","og_availability":"instock","product_availability":"instock","product_retailer_item_id":"2fbdd2bb3111","product_condition":"new"},"jetpack_sharing_enabled":true,"_links":{"self":[{"href":"https:\/\/edyceramic-shop.ro\/en\/wp-json\/wp\/v2\/product\/15340","targetHints":{"allow":["GET"]}}],"collection":[{"href":"https:\/\/edyceramic-shop.ro\/en\/wp-json\/wp\/v2\/product"}],"about":[{"href":"https:\/\/edyceramic-shop.ro\/en\/wp-json\/wp\/v2\/types\/product"}],"version-history":[{"count":1,"href":"https:\/\/edyceramic-shop.ro\/en\/wp-json\/wp\/v2\/product\/15340\/revisions"}],"predecessor-version":[{"id":15341,"href":"https:\/\/edyceramic-shop.ro\/en\/wp-json\/wp\/v2\/product\/15340\/revisions\/15341"}],"wp:featuredmedia":[{"embeddable":true,"href":"https:\/\/edyceramic-shop.ro\/en\/wp-json\/wp\/v2\/media\/15342"}],"wp:attachment":[{"href":"https:\/\/edyceramic-shop.ro\/en\/wp-json\/wp\/v2\/media?parent=15340"}],"wp:term":[{"taxonomy":"product_brand","embeddable":true,"href":"https:\/\/edyceramic-shop.ro\/en\/wp-json\/wp\/v2\/product_brand?post=15340"},{"taxonomy":"product_cat","embeddable":true,"href":"https:\/\/edyceramic-shop.ro\/en\/wp-json\/wp\/v2\/product_cat?post=15340"},{"taxonomy":"product_tag","embeddable":true,"href":"https:\/\/edyceramic-shop.ro\/en\/wp-json\/wp\/v2\/product_tag?post=15340"}],"curies":[{"name":"wp","href":"https:\/\/api.w.org\/{rel}","templated":true}]}}