{"id":15244,"date":"2024-09-22T19:52:42","date_gmt":"2024-09-22T19:52:42","guid":{"rendered":"https:\/\/edyceramic-shop.ro\/product\/lavoar-pe-blat-karag-42-5cm-fruitcake-5206836668499\/"},"modified":"2025-08-01T13:34:44","modified_gmt":"2025-08-01T11:34:44","slug":"lavoar-pe-blat-karag-42-5cm-fruitcake-5206836668499","status":"publish","type":"product","link":"https:\/\/edyceramic-shop.ro\/en\/product\/lavoar-pe-blat-karag-42-5cm-fruitcake-5206836668499\/","title":{"rendered":"LAVOAR PE BLAT KARAG 42.5cm FRUITCAKE 5206836668499"},"content":{"rendered":"<p>Lavoarul cu montare pe blat din compozit de la Karag \u00eembin\u0103 designul modern cu func\u021bionalitatea de top, devenind o alegere ideal\u0103 pentru b\u0103ile contemporane. Fabricat din materiale compozite premium, acest lavoar ofer\u0103 o rezisten\u021b\u0103 superioar\u0103 la uzur\u0103, zg\u00e2rieturi \u0219i pete, p\u0103str\u00e2ndu-\u0219i aspectul impecabil pe termen lung.<\/p>\n<p>Forma sa elegant\u0103 \u0219i finisajul mat\/satinat adaug\u0103 un aer sofisticat spa\u021biului t\u0103u, complet\u00e2nd armonios orice tip de mobilier de baie. Cu o suprafa\u021b\u0103 neted\u0103 \u0219i u\u0219or de cur\u0103\u021bat, lavoarul ofer\u0103 at\u00e2t estetic\u0103, c\u00e2t \u0219i practic\u0103, fiind perfect adaptat nevoilor unei utiliz\u0103ri zilnice.<\/p>\n<p>Datorit\u0103 designului de montare pe blat, permite o instalare simpl\u0103 \u0219i flexibil\u0103, oferindu-\u021bi libertatea de a crea o amenajare personalizat\u0103 \u0219i un stil unic pentru baia ta.<\/p>","protected":false},"excerpt":{"rendered":"<p>Lavoarul cu montare pe blat din compozit de la Karag \u00eembin\u0103 designul modern cu func\u021bionalitatea de top, devenind o alegere<\/p>","protected":false},"featured_media":15246,"template":"","meta":[],"product_brand":[],"product_cat":[385,336,384],"product_tag":[],"class_list":{"0":"post-15244","1":"product","2":"type-product","3":"status-publish","4":"has-post-thumbnail","6":"product_cat-dulapuri-si-boluri","7":"product_cat-lavoare","8":"product_cat-mobilier-baie","9":"pa_colectie-elpis","10":"pa_culoare-fruitcake","11":"pa_dimensiune-o425x100mm","12":"pa_fabrica-karag","13":"pa_material-compozit","14":"pa_montare-pe-blat","16":"first","17":"instock","18":"purchasable","19":"product-type-simple"},"yoast_head":"<!-- This site is optimized with the Yoast SEO Premium plugin v21.6 (Yoast SEO v22.1) - https:\/\/yoast.com\/wordpress\/plugins\/seo\/ -->\n<title>LAVOAR PE BLAT KARAG 42.5cm FRUITCAKE 5206836668499 - Edyceramic - magazin online<\/title>\n<meta name=\"robots\" content=\"index, follow, max-snippet:-1, max-image-preview:large, max-video-preview:-1\" \/>\n<link rel=\"canonical\" href=\"https:\/\/edyceramic-shop.ro\/en\/product\/lavoar-pe-blat-karag-42-5cm-fruitcake-5206836668499\/\" \/>\n<meta property=\"og:locale\" content=\"en_US\" \/>\n<meta property=\"og:type\" content=\"article\" \/>\n<meta property=\"og:title\" content=\"LAVOAR PE BLAT KARAG 42.5cm FRUITCAKE 5206836668499\" \/>\n<meta property=\"og:description\" content=\"Lavoarul cu montare pe blat din compozit de la Karag \u00eembin\u0103 designul modern cu func\u021bionalitatea de top, devenind o alegere\" \/>\n<meta property=\"og:url\" content=\"https:\/\/edyceramic-shop.ro\/en\/product\/lavoar-pe-blat-karag-42-5cm-fruitcake-5206836668499\/\" \/>\n<meta property=\"og:site_name\" content=\"Edyceramic - magazin online\" \/>\n<meta property=\"article:modified_time\" content=\"2025-08-01T11:34:44+00:00\" \/>\n<meta property=\"og:image\" content=\"https:\/\/edyceramic-shop.ro\/wp-content\/uploads\/2024\/09\/lavoar-pe-blat-rotund-ira-fruitcake-karag-o42-5x10-cm1.webp\" \/>\n\t<meta property=\"og:image:width\" content=\"960\" \/>\n\t<meta property=\"og:image:height\" content=\"723\" \/>\n\t<meta property=\"og:image:type\" content=\"image\/webp\" \/>\n<meta name=\"twitter:card\" content=\"summary_large_image\" \/>\n<meta name=\"twitter:label1\" content=\"Price\" \/>\n\t<meta name=\"twitter:data1\" content=\"1.803,00&nbsp;lei\" \/>\n\t<meta name=\"twitter:label2\" content=\"Availability\" \/>\n\t<meta name=\"twitter:data2\" content=\"In stock\" \/>\n<script type=\"application\/ld+json\" class=\"yoast-schema-graph\">{\"@context\":\"https:\/\/schema.org\",\"@graph\":[{\"@type\":\"WebPage\",\"@id\":\"https:\/\/edyceramic-shop.ro\/produs\/lavoar-pe-blat-karag-42-5cm-fruitcake-5206836668499\/\",\"url\":\"https:\/\/edyceramic-shop.ro\/produs\/lavoar-pe-blat-karag-42-5cm-fruitcake-5206836668499\/\",\"name\":\"LAVOAR PE BLAT KARAG 42.5cm FRUITCAKE 5206836668499 - Edyceramic - magazin online\",\"isPartOf\":{\"@id\":\"https:\/\/edyceramic-shop.ro\/ro\/#website\"},\"datePublished\":\"2024-09-22T19:52:42+00:00\",\"dateModified\":\"2025-08-01T11:34:44+00:00\",\"breadcrumb\":{\"@id\":\"https:\/\/edyceramic-shop.ro\/produs\/lavoar-pe-blat-karag-42-5cm-fruitcake-5206836668499\/#breadcrumb\"},\"inLanguage\":\"en-US\",\"potentialAction\":[{\"@type\":\"ReadAction\",\"target\":[\"https:\/\/edyceramic-shop.ro\/produs\/lavoar-pe-blat-karag-42-5cm-fruitcake-5206836668499\/\"]}]},{\"@type\":\"BreadcrumbList\",\"@id\":\"https:\/\/edyceramic-shop.ro\/produs\/lavoar-pe-blat-karag-42-5cm-fruitcake-5206836668499\/#breadcrumb\",\"itemListElement\":[{\"@type\":\"ListItem\",\"position\":1,\"name\":\"Home\",\"item\":\"https:\/\/edyceramic-shop.ro\/\"},{\"@type\":\"ListItem\",\"position\":2,\"name\":\"Shop\",\"item\":\"https:\/\/edyceramic-shop.ro\/ro\/shop\/\"},{\"@type\":\"ListItem\",\"position\":3,\"name\":\"LAVOAR PE BLAT KARAG 42.5cm FRUITCAKE 5206836668499\"}]},{\"@type\":\"WebSite\",\"@id\":\"https:\/\/edyceramic-shop.ro\/ro\/#website\",\"url\":\"https:\/\/edyceramic-shop.ro\/ro\/\",\"name\":\"edyceramic.ro\",\"description\":\"\",\"publisher\":{\"@id\":\"https:\/\/edyceramic-shop.ro\/ro\/#organization\"},\"potentialAction\":[{\"@type\":\"SearchAction\",\"target\":{\"@type\":\"EntryPoint\",\"urlTemplate\":\"https:\/\/edyceramic-shop.ro\/ro\/?s={search_term_string}\"},\"query-input\":\"required name=search_term_string\"}],\"inLanguage\":\"en-US\"},{\"@type\":\"Organization\",\"@id\":\"https:\/\/edyceramic-shop.ro\/ro\/#organization\",\"name\":\"Edyceramic\",\"url\":\"https:\/\/edyceramic-shop.ro\/ro\/\",\"logo\":{\"@type\":\"ImageObject\",\"inLanguage\":\"en-US\",\"@id\":\"https:\/\/edyceramic-shop.ro\/ro\/#\/schema\/logo\/image\/\",\"url\":\"https:\/\/edyceramic-shop.ro\/wp-content\/uploads\/2024\/02\/Logo-EdyCeramic_2021-lung.png\",\"contentUrl\":\"https:\/\/edyceramic-shop.ro\/wp-content\/uploads\/2024\/02\/Logo-EdyCeramic_2021-lung.png\",\"width\":4491,\"height\":769,\"caption\":\"Edyceramic\"},\"image\":{\"@id\":\"https:\/\/edyceramic-shop.ro\/ro\/#\/schema\/logo\/image\/\"}}]}<\/script>\n<meta property=\"product:price:amount\" content=\"1803.00\" \/>\n<meta property=\"product:price:currency\" content=\"RON\" \/>\n<meta property=\"og:availability\" content=\"instock\" \/>\n<meta property=\"product:availability\" content=\"instock\" \/>\n<meta property=\"product:retailer_item_id\" content=\"1d757075603b\" \/>\n<meta property=\"product:condition\" content=\"new\" \/>\n<!-- \/ Yoast SEO Premium plugin. -->","yoast_head_json":{"title":"LAVOAR PE BLAT KARAG 42.5cm FRUITCAKE 5206836668499 - Edyceramic - magazin online","robots":{"index":"index","follow":"follow","max-snippet":"max-snippet:-1","max-image-preview":"max-image-preview:large","max-video-preview":"max-video-preview:-1"},"canonical":"https:\/\/edyceramic-shop.ro\/en\/product\/lavoar-pe-blat-karag-42-5cm-fruitcake-5206836668499\/","og_locale":"en_US","og_type":"article","og_title":"LAVOAR PE BLAT KARAG 42.5cm FRUITCAKE 5206836668499","og_description":"Lavoarul cu montare pe blat din compozit de la Karag \u00eembin\u0103 designul modern cu func\u021bionalitatea de top, devenind o alegere","og_url":"https:\/\/edyceramic-shop.ro\/en\/product\/lavoar-pe-blat-karag-42-5cm-fruitcake-5206836668499\/","og_site_name":"Edyceramic - magazin online","article_modified_time":"2025-08-01T11:34:44+00:00","og_image":[{"width":960,"height":723,"url":"https:\/\/edyceramic-shop.ro\/wp-content\/uploads\/2024\/09\/lavoar-pe-blat-rotund-ira-fruitcake-karag-o42-5x10-cm1.webp","type":"image\/webp"}],"twitter_card":"summary_large_image","twitter_misc":{"Price":"1.803,00&nbsp;lei","Availability":"In stock"},"schema":{"@context":"https:\/\/schema.org","@graph":[{"@type":"WebPage","@id":"https:\/\/edyceramic-shop.ro\/produs\/lavoar-pe-blat-karag-42-5cm-fruitcake-5206836668499\/","url":"https:\/\/edyceramic-shop.ro\/produs\/lavoar-pe-blat-karag-42-5cm-fruitcake-5206836668499\/","name":"LAVOAR PE BLAT KARAG 42.5cm FRUITCAKE 5206836668499 - Edyceramic - magazin online","isPartOf":{"@id":"https:\/\/edyceramic-shop.ro\/ro\/#website"},"datePublished":"2024-09-22T19:52:42+00:00","dateModified":"2025-08-01T11:34:44+00:00","breadcrumb":{"@id":"https:\/\/edyceramic-shop.ro\/produs\/lavoar-pe-blat-karag-42-5cm-fruitcake-5206836668499\/#breadcrumb"},"inLanguage":"en-US","potentialAction":[{"@type":"ReadAction","target":["https:\/\/edyceramic-shop.ro\/produs\/lavoar-pe-blat-karag-42-5cm-fruitcake-5206836668499\/"]}]},{"@type":"BreadcrumbList","@id":"https:\/\/edyceramic-shop.ro\/produs\/lavoar-pe-blat-karag-42-5cm-fruitcake-5206836668499\/#breadcrumb","itemListElement":[{"@type":"ListItem","position":1,"name":"Home","item":"https:\/\/edyceramic-shop.ro\/"},{"@type":"ListItem","position":2,"name":"Shop","item":"https:\/\/edyceramic-shop.ro\/ro\/shop\/"},{"@type":"ListItem","position":3,"name":"LAVOAR PE BLAT KARAG 42.5cm FRUITCAKE 5206836668499"}]},{"@type":"WebSite","@id":"https:\/\/edyceramic-shop.ro\/ro\/#website","url":"https:\/\/edyceramic-shop.ro\/ro\/","name":"edyceramic.ro","description":"","publisher":{"@id":"https:\/\/edyceramic-shop.ro\/ro\/#organization"},"potentialAction":[{"@type":"SearchAction","target":{"@type":"EntryPoint","urlTemplate":"https:\/\/edyceramic-shop.ro\/ro\/?s={search_term_string}"},"query-input":"required name=search_term_string"}],"inLanguage":"en-US"},{"@type":"Organization","@id":"https:\/\/edyceramic-shop.ro\/ro\/#organization","name":"Edyceramic","url":"https:\/\/edyceramic-shop.ro\/ro\/","logo":{"@type":"ImageObject","inLanguage":"en-US","@id":"https:\/\/edyceramic-shop.ro\/ro\/#\/schema\/logo\/image\/","url":"https:\/\/edyceramic-shop.ro\/wp-content\/uploads\/2024\/02\/Logo-EdyCeramic_2021-lung.png","contentUrl":"https:\/\/edyceramic-shop.ro\/wp-content\/uploads\/2024\/02\/Logo-EdyCeramic_2021-lung.png","width":4491,"height":769,"caption":"Edyceramic"},"image":{"@id":"https:\/\/edyceramic-shop.ro\/ro\/#\/schema\/logo\/image\/"}}]},"product_price_amount":"1803.00","product_price_currency":"RON","og_availability":"instock","product_availability":"instock","product_retailer_item_id":"1d757075603b","product_condition":"new"},"jetpack_sharing_enabled":true,"_links":{"self":[{"href":"https:\/\/edyceramic-shop.ro\/en\/wp-json\/wp\/v2\/product\/15244","targetHints":{"allow":["GET"]}}],"collection":[{"href":"https:\/\/edyceramic-shop.ro\/en\/wp-json\/wp\/v2\/product"}],"about":[{"href":"https:\/\/edyceramic-shop.ro\/en\/wp-json\/wp\/v2\/types\/product"}],"version-history":[{"count":1,"href":"https:\/\/edyceramic-shop.ro\/en\/wp-json\/wp\/v2\/product\/15244\/revisions"}],"predecessor-version":[{"id":15245,"href":"https:\/\/edyceramic-shop.ro\/en\/wp-json\/wp\/v2\/product\/15244\/revisions\/15245"}],"wp:featuredmedia":[{"embeddable":true,"href":"https:\/\/edyceramic-shop.ro\/en\/wp-json\/wp\/v2\/media\/15246"}],"wp:attachment":[{"href":"https:\/\/edyceramic-shop.ro\/en\/wp-json\/wp\/v2\/media?parent=15244"}],"wp:term":[{"taxonomy":"product_brand","embeddable":true,"href":"https:\/\/edyceramic-shop.ro\/en\/wp-json\/wp\/v2\/product_brand?post=15244"},{"taxonomy":"product_cat","embeddable":true,"href":"https:\/\/edyceramic-shop.ro\/en\/wp-json\/wp\/v2\/product_cat?post=15244"},{"taxonomy":"product_tag","embeddable":true,"href":"https:\/\/edyceramic-shop.ro\/en\/wp-json\/wp\/v2\/product_tag?post=15244"}],"curies":[{"name":"wp","href":"https:\/\/api.w.org\/{rel}","templated":true}]}}