{"id":13849,"date":"2024-09-22T19:26:58","date_gmt":"2024-09-22T19:26:58","guid":{"rendered":"https:\/\/edyceramic-shop.ro\/product\/parchet-laminat-kronotex-exquisit-d-40412-2\/"},"modified":"2025-08-01T13:34:37","modified_gmt":"2025-08-01T11:34:37","slug":"parchet-laminat-kronotex-exquisit-d-40412-2","status":"publish","type":"product","link":"https:\/\/edyceramic-shop.ro\/en\/product\/parchet-laminat-kronotex-exquisit-d-40412-2\/","title":{"rendered":"KRONOTEX EXQUISIT D 40412 LAMINATE FLOORING"},"content":{"rendered":"<p>Parchetul laminat Kronotex, cu dimensiuni de 1380&#215;244 mm \u0219i o grosime de 8 mm, este ideal pentru a aduce un plus de stil \u0219i durabilitate spa\u021biului t\u0103u interior. Fiecare pachet con\u021bine 8 pl\u0103ci, acoperind o suprafa\u021b\u0103 total\u0103 de 2.694 mp, ceea ce face instalarea rapid\u0103 \u0219i eficient\u0103.<\/p>\n<p>Acest parchet este recomandat pentru \u00eenc\u0103lzirea \u00een pardoseal\u0103, oferind un confort termic optim \u0219i contribuind la eficien\u021ba energetic\u0103 a locuin\u021bei tale. Clasa de trafic 32 AC4 indic\u0103 o durabilitate excelent\u0103, adecvat\u0103 pentru zonele cu trafic moderat spre intens, cum ar fi livingurile \u0219i birourile.<\/p>\n<p>Montarea parchetului Kronotex este simplificat\u0103 datorit\u0103 sistemului de \u00eembinare tip click, care permite o instalare u\u0219oar\u0103 \u0219i precis\u0103, f\u0103r\u0103 necesitatea adezivilor. Produc\u0103torul Kronotex este cunoscut pentru calitatea superioar\u0103 a produselor sale, asigur\u00e2nd o pardoseal\u0103 care arat\u0103 excelent \u0219i performeaz\u0103 la cel mai \u00eenalt nivel.<\/p>\n<p>Alege parchetul laminat Kronotex pentru a ad\u0103uga elegan\u021b\u0103 \u0219i func\u021bionalitate locuin\u021bei tale, beneficiind de un produs durabil \u0219i u\u0219or de instalat.<\/p>","protected":false},"excerpt":{"rendered":"<p>Parchetul laminat Kronotex, cu dimensiuni de 1380&#215;244 mm \u0219i o grosime de 8 mm, este ideal pentru a aduce un<\/p>","protected":false},"featured_media":11440,"template":"","meta":[],"product_brand":[],"product_cat":[309,308],"product_tag":[],"class_list":{"0":"post-13849","1":"product","2":"type-product","3":"status-publish","4":"has-post-thumbnail","6":"product_cat-parchet-laminat","7":"product_cat-parchet","8":"pa_ambalare-2-2-694mp","9":"pa_clasa-de-trafic-32-ac4","10":"pa_colectie-exquisit","11":"pa_dimensiune-placa-1380x244mm","12":"pa_fabrica-kronotex","13":"pa_grosima-placa-8mm","14":"pa_montare-interior","15":"pa_numar-de-placi-in-pachet-868","16":"pa_rezistenta-termica-recomandat-pentru-incalzirea-in-pardoseala","18":"first","19":"instock","20":"purchasable","21":"product-type-simple"},"yoast_head":"<!-- This site is optimized with the Yoast SEO Premium plugin v21.6 (Yoast SEO v22.1) - https:\/\/yoast.com\/wordpress\/plugins\/seo\/ -->\n<title>PARCHET LAMINAT KRONOTEX EXQUISIT D 40412 - Edyceramic - magazin online<\/title>\n<meta name=\"robots\" content=\"index, follow, max-snippet:-1, max-image-preview:large, max-video-preview:-1\" \/>\n<link rel=\"canonical\" href=\"https:\/\/edyceramic-shop.ro\/en\/product\/parchet-laminat-kronotex-exquisit-d-40412-2\/\" \/>\n<meta property=\"og:locale\" content=\"en_US\" \/>\n<meta property=\"og:type\" content=\"article\" \/>\n<meta property=\"og:title\" content=\"PARCHET LAMINAT KRONOTEX EXQUISIT D 40412\" \/>\n<meta property=\"og:description\" content=\"Parchetul laminat Kronotex, cu dimensiuni de 1380&#215;244 mm \u0219i o grosime de 8 mm, este ideal pentru a aduce un\" \/>\n<meta property=\"og:url\" content=\"https:\/\/edyceramic-shop.ro\/en\/product\/parchet-laminat-kronotex-exquisit-d-40412-2\/\" \/>\n<meta property=\"og:site_name\" content=\"Edyceramic - magazin online\" \/>\n<meta property=\"article:modified_time\" content=\"2025-08-01T11:34:37+00:00\" \/>\n<meta property=\"og:image\" content=\"https:\/\/edyceramic-shop.ro\/wp-content\/uploads\/2024\/08\/parchet-laminat-kronotex-exquisit-40412-1.jpg\" \/>\n\t<meta property=\"og:image:width\" content=\"1200\" \/>\n\t<meta property=\"og:image:height\" content=\"937\" \/>\n\t<meta property=\"og:image:type\" content=\"image\/jpeg\" \/>\n<meta name=\"twitter:card\" content=\"summary_large_image\" \/>\n<meta name=\"twitter:label1\" content=\"Price\" \/>\n\t<meta name=\"twitter:data1\" content=\"77,00&nbsp;lei\" \/>\n\t<meta name=\"twitter:label2\" content=\"Availability\" \/>\n\t<meta name=\"twitter:data2\" content=\"In stock\" \/>\n<script type=\"application\/ld+json\" class=\"yoast-schema-graph\">{\"@context\":\"https:\/\/schema.org\",\"@graph\":[{\"@type\":\"WebPage\",\"@id\":\"https:\/\/edyceramic-shop.ro\/produs\/parchet-laminat-kronotex-exquisit-d-40412-2\/\",\"url\":\"https:\/\/edyceramic-shop.ro\/produs\/parchet-laminat-kronotex-exquisit-d-40412-2\/\",\"name\":\"PARCHET LAMINAT KRONOTEX EXQUISIT D 40412 - Edyceramic - magazin online\",\"isPartOf\":{\"@id\":\"https:\/\/edyceramic-shop.ro\/ro\/#website\"},\"datePublished\":\"2024-09-22T19:26:58+00:00\",\"dateModified\":\"2025-08-01T11:34:37+00:00\",\"breadcrumb\":{\"@id\":\"https:\/\/edyceramic-shop.ro\/produs\/parchet-laminat-kronotex-exquisit-d-40412-2\/#breadcrumb\"},\"inLanguage\":\"en-US\",\"potentialAction\":[{\"@type\":\"ReadAction\",\"target\":[\"https:\/\/edyceramic-shop.ro\/produs\/parchet-laminat-kronotex-exquisit-d-40412-2\/\"]}]},{\"@type\":\"BreadcrumbList\",\"@id\":\"https:\/\/edyceramic-shop.ro\/produs\/parchet-laminat-kronotex-exquisit-d-40412-2\/#breadcrumb\",\"itemListElement\":[{\"@type\":\"ListItem\",\"position\":1,\"name\":\"Home\",\"item\":\"https:\/\/edyceramic-shop.ro\/\"},{\"@type\":\"ListItem\",\"position\":2,\"name\":\"Shop\",\"item\":\"https:\/\/edyceramic-shop.ro\/ro\/shop\/\"},{\"@type\":\"ListItem\",\"position\":3,\"name\":\"PARCHET LAMINAT KRONOTEX EXQUISIT D 40412\"}]},{\"@type\":\"WebSite\",\"@id\":\"https:\/\/edyceramic-shop.ro\/ro\/#website\",\"url\":\"https:\/\/edyceramic-shop.ro\/ro\/\",\"name\":\"edyceramic.ro\",\"description\":\"\",\"publisher\":{\"@id\":\"https:\/\/edyceramic-shop.ro\/ro\/#organization\"},\"potentialAction\":[{\"@type\":\"SearchAction\",\"target\":{\"@type\":\"EntryPoint\",\"urlTemplate\":\"https:\/\/edyceramic-shop.ro\/ro\/?s={search_term_string}\"},\"query-input\":\"required name=search_term_string\"}],\"inLanguage\":\"en-US\"},{\"@type\":\"Organization\",\"@id\":\"https:\/\/edyceramic-shop.ro\/ro\/#organization\",\"name\":\"Edyceramic\",\"url\":\"https:\/\/edyceramic-shop.ro\/ro\/\",\"logo\":{\"@type\":\"ImageObject\",\"inLanguage\":\"en-US\",\"@id\":\"https:\/\/edyceramic-shop.ro\/ro\/#\/schema\/logo\/image\/\",\"url\":\"https:\/\/edyceramic-shop.ro\/wp-content\/uploads\/2024\/02\/Logo-EdyCeramic_2021-lung.png\",\"contentUrl\":\"https:\/\/edyceramic-shop.ro\/wp-content\/uploads\/2024\/02\/Logo-EdyCeramic_2021-lung.png\",\"width\":4491,\"height\":769,\"caption\":\"Edyceramic\"},\"image\":{\"@id\":\"https:\/\/edyceramic-shop.ro\/ro\/#\/schema\/logo\/image\/\"}}]}<\/script>\n<meta property=\"product:price:amount\" content=\"77.00\" \/>\n<meta property=\"product:price:currency\" content=\"RON\" \/>\n<meta property=\"og:availability\" content=\"instock\" \/>\n<meta property=\"product:availability\" content=\"instock\" \/>\n<meta property=\"product:retailer_item_id\" content=\"ae531d50b17d\" \/>\n<meta property=\"product:condition\" content=\"new\" \/>\n<!-- \/ Yoast SEO Premium plugin. -->","yoast_head_json":{"title":"PARCHET LAMINAT KRONOTEX EXQUISIT D 40412 - Edyceramic - magazin online","robots":{"index":"index","follow":"follow","max-snippet":"max-snippet:-1","max-image-preview":"max-image-preview:large","max-video-preview":"max-video-preview:-1"},"canonical":"https:\/\/edyceramic-shop.ro\/en\/product\/parchet-laminat-kronotex-exquisit-d-40412-2\/","og_locale":"en_US","og_type":"article","og_title":"PARCHET LAMINAT KRONOTEX EXQUISIT D 40412","og_description":"Parchetul laminat Kronotex, cu dimensiuni de 1380&#215;244 mm \u0219i o grosime de 8 mm, este ideal pentru a aduce un","og_url":"https:\/\/edyceramic-shop.ro\/en\/product\/parchet-laminat-kronotex-exquisit-d-40412-2\/","og_site_name":"Edyceramic - magazin online","article_modified_time":"2025-08-01T11:34:37+00:00","og_image":[{"width":1200,"height":937,"url":"https:\/\/edyceramic-shop.ro\/wp-content\/uploads\/2024\/08\/parchet-laminat-kronotex-exquisit-40412-1.jpg","type":"image\/jpeg"}],"twitter_card":"summary_large_image","twitter_misc":{"Price":"77,00&nbsp;lei","Availability":"In stock"},"schema":{"@context":"https:\/\/schema.org","@graph":[{"@type":"WebPage","@id":"https:\/\/edyceramic-shop.ro\/produs\/parchet-laminat-kronotex-exquisit-d-40412-2\/","url":"https:\/\/edyceramic-shop.ro\/produs\/parchet-laminat-kronotex-exquisit-d-40412-2\/","name":"PARCHET LAMINAT KRONOTEX EXQUISIT D 40412 - Edyceramic - magazin online","isPartOf":{"@id":"https:\/\/edyceramic-shop.ro\/ro\/#website"},"datePublished":"2024-09-22T19:26:58+00:00","dateModified":"2025-08-01T11:34:37+00:00","breadcrumb":{"@id":"https:\/\/edyceramic-shop.ro\/produs\/parchet-laminat-kronotex-exquisit-d-40412-2\/#breadcrumb"},"inLanguage":"en-US","potentialAction":[{"@type":"ReadAction","target":["https:\/\/edyceramic-shop.ro\/produs\/parchet-laminat-kronotex-exquisit-d-40412-2\/"]}]},{"@type":"BreadcrumbList","@id":"https:\/\/edyceramic-shop.ro\/produs\/parchet-laminat-kronotex-exquisit-d-40412-2\/#breadcrumb","itemListElement":[{"@type":"ListItem","position":1,"name":"Home","item":"https:\/\/edyceramic-shop.ro\/"},{"@type":"ListItem","position":2,"name":"Shop","item":"https:\/\/edyceramic-shop.ro\/ro\/shop\/"},{"@type":"ListItem","position":3,"name":"PARCHET LAMINAT KRONOTEX EXQUISIT D 40412"}]},{"@type":"WebSite","@id":"https:\/\/edyceramic-shop.ro\/ro\/#website","url":"https:\/\/edyceramic-shop.ro\/ro\/","name":"edyceramic.ro","description":"","publisher":{"@id":"https:\/\/edyceramic-shop.ro\/ro\/#organization"},"potentialAction":[{"@type":"SearchAction","target":{"@type":"EntryPoint","urlTemplate":"https:\/\/edyceramic-shop.ro\/ro\/?s={search_term_string}"},"query-input":"required name=search_term_string"}],"inLanguage":"en-US"},{"@type":"Organization","@id":"https:\/\/edyceramic-shop.ro\/ro\/#organization","name":"Edyceramic","url":"https:\/\/edyceramic-shop.ro\/ro\/","logo":{"@type":"ImageObject","inLanguage":"en-US","@id":"https:\/\/edyceramic-shop.ro\/ro\/#\/schema\/logo\/image\/","url":"https:\/\/edyceramic-shop.ro\/wp-content\/uploads\/2024\/02\/Logo-EdyCeramic_2021-lung.png","contentUrl":"https:\/\/edyceramic-shop.ro\/wp-content\/uploads\/2024\/02\/Logo-EdyCeramic_2021-lung.png","width":4491,"height":769,"caption":"Edyceramic"},"image":{"@id":"https:\/\/edyceramic-shop.ro\/ro\/#\/schema\/logo\/image\/"}}]},"product_price_amount":"77.00","product_price_currency":"RON","og_availability":"instock","product_availability":"instock","product_retailer_item_id":"ae531d50b17d","product_condition":"new"},"jetpack_sharing_enabled":true,"_links":{"self":[{"href":"https:\/\/edyceramic-shop.ro\/en\/wp-json\/wp\/v2\/product\/13849","targetHints":{"allow":["GET"]}}],"collection":[{"href":"https:\/\/edyceramic-shop.ro\/en\/wp-json\/wp\/v2\/product"}],"about":[{"href":"https:\/\/edyceramic-shop.ro\/en\/wp-json\/wp\/v2\/types\/product"}],"version-history":[{"count":1,"href":"https:\/\/edyceramic-shop.ro\/en\/wp-json\/wp\/v2\/product\/13849\/revisions"}],"predecessor-version":[{"id":13850,"href":"https:\/\/edyceramic-shop.ro\/en\/wp-json\/wp\/v2\/product\/13849\/revisions\/13850"}],"wp:featuredmedia":[{"embeddable":true,"href":"https:\/\/edyceramic-shop.ro\/en\/wp-json\/wp\/v2\/media\/11440"}],"wp:attachment":[{"href":"https:\/\/edyceramic-shop.ro\/en\/wp-json\/wp\/v2\/media?parent=13849"}],"wp:term":[{"taxonomy":"product_brand","embeddable":true,"href":"https:\/\/edyceramic-shop.ro\/en\/wp-json\/wp\/v2\/product_brand?post=13849"},{"taxonomy":"product_cat","embeddable":true,"href":"https:\/\/edyceramic-shop.ro\/en\/wp-json\/wp\/v2\/product_cat?post=13849"},{"taxonomy":"product_tag","embeddable":true,"href":"https:\/\/edyceramic-shop.ro\/en\/wp-json\/wp\/v2\/product_tag?post=13849"}],"curies":[{"name":"wp","href":"https:\/\/api.w.org\/{rel}","templated":true}]}}