{"id":13565,"date":"2024-09-22T19:24:34","date_gmt":"2024-09-22T19:24:34","guid":{"rendered":"https:\/\/edyceramic-shop.ro\/product\/vas-wc-suspendat-antao-rimless-spalare-cu-vartej-alb-villeroyboch-4674t0r1\/"},"modified":"2025-08-01T13:34:32","modified_gmt":"2025-08-01T11:34:32","slug":"vas-wc-suspendat-antao-rimless-spalare-cu-vartej-alb-villeroyboch-4674t0r1","status":"publish","type":"product","link":"https:\/\/edyceramic-shop.ro\/en\/product\/vas-wc-suspendat-antao-rimless-spalare-cu-vartej-alb-villeroyboch-4674t0r1\/","title":{"rendered":"VAS WC SUSPENDAT ANTAO, RIMLESS, SPALARE CU VARTEJ, ALB VILLEROY&#038;BOCH 4674T0R1"},"content":{"rendered":"<p>Designul capacului WC de la vasul WC suspendat este u\u0219or curbat, inspirat din forma pic\u0103turilor de rou\u0103 astfel v\u0103 va men\u021bine in contact cu natura. Liniile u\u0219oare \u0219i asimetrice sunt caracteristica definitorie a colec\u021biei Antao.<\/p>\n<p>material: ceramic\u0103 CeramicPlus, vezi explicarea termenilor<br \/>\ndimensiune: 56 x 37 x 35.5 cm  (lungime x l\u0103\u021bime x \u00een\u0103l\u021bime)<br \/>\nculoare: alb alpin<br \/>\nmontaj: suspendat, pe perete<br \/>\ncu sistem DirectFlush\/Rimeless (f\u0103r\u0103 ram\u0103), vezi explicarea termenilor<br \/>\ncu tehnologie TwistFlush, vezi explicarea termenilor<br \/>\ncu evacuare orizontala<br \/>\ncon\u021bine setul de fixare SupraFix pentru fixare ascuns\u0103, vezi explicarea termenilor<br \/>\ncapacul se comand\u0103 separat vezi produse asociate<br \/>\nCompatibilitate:<\/p>\n<p>produsul se fixeaz\u0103 pe o ram\u0103 de montaj cu rezervor ViConnect, vezi produse asociate. Dac\u0103 se dore\u0219te o economisire suplimentar\u0103 de spa\u021biu, atunci se va folosi o rama slim, cu o adancime de numai 8 cm fa\u021ba de rama normala care are o adamcime de 12 cm<br \/>\nsuruburile de fixare de rama, teava de evacuare si alte accesorii se livreaza impreuna cu rama<br \/>\nExplicarea termenilor:<\/p>\n<p>CeramicPlus: tehnologia dezvoltat\u0103 de brandul Villeroy &#038; Boch este combina\u021bia \u00eentre tratamentul anticalcar si cel hidrofob. Suprafa\u021ba obiectelor sanitare este mult mai neted\u0103 dec\u00e2t a ceramicii obi\u0219nuite, astfel \u00eenc\u00e2t apa formeaz\u0103 pic\u0103turi, elim\u00een\u00e2nd murd\u0103ria.<br \/>\nDirect Flush: Vasele WC fabricate \u00een tehnologia Direct Flush, nu au ram\u0103 interioar\u0103 (sunt &#8222;rimless&#8221;). Jetul de ap\u0103 este astfel direc\u021bionat \u00eenc\u00e2t spal\u0103 perfect, dar nu strope\u0219te \u00een afara vasului. Neexist\u00e2nd nici un \u0219an\u021b \u00een interiorul vasului, acesta se cur\u0103\u021b\u0103 complet. Practic aceast\u0103 tehnologie elimin\u0103 spa\u021biile greu acesibile, greu de cur\u0103\u021bat din corpul vasului de toalet\u0103.<br \/>\nTwist Flush: jet puternic de apa tip vortex ce permite utilizarea unei cantitati mai mici de apa pentru rezultate optime.<\/p>\n<p>Suprafix este un sistem de fixare ascuns dedicat vaselor WC suspendate Villeroy &#038; Boch; elementele de fixare sunt ascunse \u00een corpul toaletei fiind invizibile din exterior; astfel dispar g\u0103urile (de acces) de pe suprafa\u021ba toaletei, dispar capacele de mascare, glazura este ne\u00eentrerupt\u0103;<\/p>\n<p>Villeroy &#038; Boch este un brand premium interna\u021bional de stil de via\u021b\u0103. Compania produc\u0103toare de ceramic\u0103 \u00ee\u0219i concentreaz\u0103 aten\u021bia pe inova\u021bie, calitate \u0219i design la cel mai \u00eenalt nivel. Pe site-ul nostru vei g\u0103si mobilier de baie, lavoare, vas wc, bideuri, c\u0103zi \u0219i instala\u021bii.<\/p>","protected":false},"excerpt":{"rendered":"<p>Designul capacului WC de la vasul WC suspendat este u\u0219or curbat, inspirat din forma pic\u0103turilor de rou\u0103 astfel v\u0103 va<\/p>","protected":false},"featured_media":15145,"template":"","meta":[],"product_brand":[],"product_cat":[337],"product_tag":[],"class_list":{"0":"post-13565","1":"product","2":"type-product","3":"status-publish","4":"has-post-thumbnail","6":"product_cat-vase-wc","7":"pa_colectie-antao","8":"pa_culoare-alb","9":"pa_dimensiune-56x37cm","10":"pa_fabrica-villeroyboch","11":"pa_material-ceramicplus","13":"first","14":"instock","15":"purchasable","16":"product-type-simple"},"yoast_head":"<!-- This site is optimized with the Yoast SEO Premium plugin v21.6 (Yoast SEO v22.1) - https:\/\/yoast.com\/wordpress\/plugins\/seo\/ -->\n<title>VAS WC SUSPENDAT ANTAO, RIMLESS, SPALARE CU VARTEJ, ALB VILLEROY&amp;BOCH 4674T0R1 - Edyceramic - magazin online<\/title>\n<meta name=\"robots\" content=\"index, follow, max-snippet:-1, max-image-preview:large, max-video-preview:-1\" \/>\n<link rel=\"canonical\" href=\"https:\/\/edyceramic-shop.ro\/en\/product\/vas-wc-suspendat-antao-rimless-spalare-cu-vartej-alb-villeroyboch-4674t0r1\/\" \/>\n<meta property=\"og:locale\" content=\"en_US\" \/>\n<meta property=\"og:type\" content=\"article\" \/>\n<meta property=\"og:title\" content=\"VAS WC SUSPENDAT ANTAO, RIMLESS, SPALARE CU VARTEJ, ALB VILLEROY&amp;BOCH 4674T0R1\" \/>\n<meta property=\"og:description\" content=\"Designul capacului WC de la vasul WC suspendat este u\u0219or curbat, inspirat din forma pic\u0103turilor de rou\u0103 astfel v\u0103 va\" \/>\n<meta property=\"og:url\" content=\"https:\/\/edyceramic-shop.ro\/en\/product\/vas-wc-suspendat-antao-rimless-spalare-cu-vartej-alb-villeroyboch-4674t0r1\/\" \/>\n<meta property=\"og:site_name\" content=\"Edyceramic - magazin online\" \/>\n<meta property=\"article:modified_time\" content=\"2025-08-01T11:34:32+00:00\" \/>\n<meta property=\"og:image\" content=\"https:\/\/edyceramic-shop.ro\/wp-content\/uploads\/2024\/09\/113577_Vas_WC_Villeroy_Boch_Antao_suspendat_alb-1-1.jpg\" \/>\n\t<meta property=\"og:image:width\" content=\"800\" \/>\n\t<meta property=\"og:image:height\" content=\"800\" \/>\n\t<meta property=\"og:image:type\" content=\"image\/jpeg\" \/>\n<meta name=\"twitter:card\" content=\"summary_large_image\" \/>\n<meta name=\"twitter:label1\" content=\"Price\" \/>\n\t<meta name=\"twitter:data1\" content=\"3.394,00&nbsp;lei\" \/>\n\t<meta name=\"twitter:label2\" content=\"Availability\" \/>\n\t<meta name=\"twitter:data2\" content=\"In stock\" \/>\n<script type=\"application\/ld+json\" class=\"yoast-schema-graph\">{\"@context\":\"https:\/\/schema.org\",\"@graph\":[{\"@type\":\"WebPage\",\"@id\":\"https:\/\/edyceramic-shop.ro\/produs\/vas-wc-suspendat-antao-rimless-spalare-cu-vartej-alb-villeroyboch-4674t0r1\/\",\"url\":\"https:\/\/edyceramic-shop.ro\/produs\/vas-wc-suspendat-antao-rimless-spalare-cu-vartej-alb-villeroyboch-4674t0r1\/\",\"name\":\"VAS WC SUSPENDAT ANTAO, RIMLESS, SPALARE CU VARTEJ, ALB VILLEROY&BOCH 4674T0R1 - Edyceramic - magazin online\",\"isPartOf\":{\"@id\":\"https:\/\/edyceramic-shop.ro\/ro\/#website\"},\"datePublished\":\"2024-09-22T19:24:34+00:00\",\"dateModified\":\"2025-08-01T11:34:32+00:00\",\"breadcrumb\":{\"@id\":\"https:\/\/edyceramic-shop.ro\/produs\/vas-wc-suspendat-antao-rimless-spalare-cu-vartej-alb-villeroyboch-4674t0r1\/#breadcrumb\"},\"inLanguage\":\"en-US\",\"potentialAction\":[{\"@type\":\"ReadAction\",\"target\":[\"https:\/\/edyceramic-shop.ro\/produs\/vas-wc-suspendat-antao-rimless-spalare-cu-vartej-alb-villeroyboch-4674t0r1\/\"]}]},{\"@type\":\"BreadcrumbList\",\"@id\":\"https:\/\/edyceramic-shop.ro\/produs\/vas-wc-suspendat-antao-rimless-spalare-cu-vartej-alb-villeroyboch-4674t0r1\/#breadcrumb\",\"itemListElement\":[{\"@type\":\"ListItem\",\"position\":1,\"name\":\"Home\",\"item\":\"https:\/\/edyceramic-shop.ro\/\"},{\"@type\":\"ListItem\",\"position\":2,\"name\":\"Shop\",\"item\":\"https:\/\/edyceramic-shop.ro\/ro\/shop\/\"},{\"@type\":\"ListItem\",\"position\":3,\"name\":\"VAS WC SUSPENDAT ANTAO, RIMLESS, SPALARE CU VARTEJ, ALB VILLEROY&#038;BOCH 4674T0R1\"}]},{\"@type\":\"WebSite\",\"@id\":\"https:\/\/edyceramic-shop.ro\/ro\/#website\",\"url\":\"https:\/\/edyceramic-shop.ro\/ro\/\",\"name\":\"edyceramic.ro\",\"description\":\"\",\"publisher\":{\"@id\":\"https:\/\/edyceramic-shop.ro\/ro\/#organization\"},\"potentialAction\":[{\"@type\":\"SearchAction\",\"target\":{\"@type\":\"EntryPoint\",\"urlTemplate\":\"https:\/\/edyceramic-shop.ro\/ro\/?s={search_term_string}\"},\"query-input\":\"required name=search_term_string\"}],\"inLanguage\":\"en-US\"},{\"@type\":\"Organization\",\"@id\":\"https:\/\/edyceramic-shop.ro\/ro\/#organization\",\"name\":\"Edyceramic\",\"url\":\"https:\/\/edyceramic-shop.ro\/ro\/\",\"logo\":{\"@type\":\"ImageObject\",\"inLanguage\":\"en-US\",\"@id\":\"https:\/\/edyceramic-shop.ro\/ro\/#\/schema\/logo\/image\/\",\"url\":\"https:\/\/edyceramic-shop.ro\/wp-content\/uploads\/2024\/02\/Logo-EdyCeramic_2021-lung.png\",\"contentUrl\":\"https:\/\/edyceramic-shop.ro\/wp-content\/uploads\/2024\/02\/Logo-EdyCeramic_2021-lung.png\",\"width\":4491,\"height\":769,\"caption\":\"Edyceramic\"},\"image\":{\"@id\":\"https:\/\/edyceramic-shop.ro\/ro\/#\/schema\/logo\/image\/\"}}]}<\/script>\n<meta property=\"product:price:amount\" content=\"3394.00\" \/>\n<meta property=\"product:price:currency\" content=\"RON\" \/>\n<meta property=\"og:availability\" content=\"instock\" \/>\n<meta property=\"product:availability\" content=\"instock\" \/>\n<meta property=\"product:retailer_item_id\" content=\"1bcae2ee4feb\" \/>\n<meta property=\"product:condition\" content=\"new\" \/>\n<!-- \/ Yoast SEO Premium plugin. -->","yoast_head_json":{"title":"VAS WC SUSPENDAT ANTAO, RIMLESS, SPALARE CU VARTEJ, ALB VILLEROY&BOCH 4674T0R1 - Edyceramic - magazin online","robots":{"index":"index","follow":"follow","max-snippet":"max-snippet:-1","max-image-preview":"max-image-preview:large","max-video-preview":"max-video-preview:-1"},"canonical":"https:\/\/edyceramic-shop.ro\/en\/product\/vas-wc-suspendat-antao-rimless-spalare-cu-vartej-alb-villeroyboch-4674t0r1\/","og_locale":"en_US","og_type":"article","og_title":"VAS WC SUSPENDAT ANTAO, RIMLESS, SPALARE CU VARTEJ, ALB VILLEROY&BOCH 4674T0R1","og_description":"Designul capacului WC de la vasul WC suspendat este u\u0219or curbat, inspirat din forma pic\u0103turilor de rou\u0103 astfel v\u0103 va","og_url":"https:\/\/edyceramic-shop.ro\/en\/product\/vas-wc-suspendat-antao-rimless-spalare-cu-vartej-alb-villeroyboch-4674t0r1\/","og_site_name":"Edyceramic - magazin online","article_modified_time":"2025-08-01T11:34:32+00:00","og_image":[{"width":800,"height":800,"url":"https:\/\/edyceramic-shop.ro\/wp-content\/uploads\/2024\/09\/113577_Vas_WC_Villeroy_Boch_Antao_suspendat_alb-1-1.jpg","type":"image\/jpeg"}],"twitter_card":"summary_large_image","twitter_misc":{"Price":"3.394,00&nbsp;lei","Availability":"In stock"},"schema":{"@context":"https:\/\/schema.org","@graph":[{"@type":"WebPage","@id":"https:\/\/edyceramic-shop.ro\/produs\/vas-wc-suspendat-antao-rimless-spalare-cu-vartej-alb-villeroyboch-4674t0r1\/","url":"https:\/\/edyceramic-shop.ro\/produs\/vas-wc-suspendat-antao-rimless-spalare-cu-vartej-alb-villeroyboch-4674t0r1\/","name":"VAS WC SUSPENDAT ANTAO, RIMLESS, SPALARE CU VARTEJ, ALB VILLEROY&BOCH 4674T0R1 - Edyceramic - magazin online","isPartOf":{"@id":"https:\/\/edyceramic-shop.ro\/ro\/#website"},"datePublished":"2024-09-22T19:24:34+00:00","dateModified":"2025-08-01T11:34:32+00:00","breadcrumb":{"@id":"https:\/\/edyceramic-shop.ro\/produs\/vas-wc-suspendat-antao-rimless-spalare-cu-vartej-alb-villeroyboch-4674t0r1\/#breadcrumb"},"inLanguage":"en-US","potentialAction":[{"@type":"ReadAction","target":["https:\/\/edyceramic-shop.ro\/produs\/vas-wc-suspendat-antao-rimless-spalare-cu-vartej-alb-villeroyboch-4674t0r1\/"]}]},{"@type":"BreadcrumbList","@id":"https:\/\/edyceramic-shop.ro\/produs\/vas-wc-suspendat-antao-rimless-spalare-cu-vartej-alb-villeroyboch-4674t0r1\/#breadcrumb","itemListElement":[{"@type":"ListItem","position":1,"name":"Home","item":"https:\/\/edyceramic-shop.ro\/"},{"@type":"ListItem","position":2,"name":"Shop","item":"https:\/\/edyceramic-shop.ro\/ro\/shop\/"},{"@type":"ListItem","position":3,"name":"VAS WC SUSPENDAT ANTAO, RIMLESS, SPALARE CU VARTEJ, ALB VILLEROY&#038;BOCH 4674T0R1"}]},{"@type":"WebSite","@id":"https:\/\/edyceramic-shop.ro\/ro\/#website","url":"https:\/\/edyceramic-shop.ro\/ro\/","name":"edyceramic.ro","description":"","publisher":{"@id":"https:\/\/edyceramic-shop.ro\/ro\/#organization"},"potentialAction":[{"@type":"SearchAction","target":{"@type":"EntryPoint","urlTemplate":"https:\/\/edyceramic-shop.ro\/ro\/?s={search_term_string}"},"query-input":"required name=search_term_string"}],"inLanguage":"en-US"},{"@type":"Organization","@id":"https:\/\/edyceramic-shop.ro\/ro\/#organization","name":"Edyceramic","url":"https:\/\/edyceramic-shop.ro\/ro\/","logo":{"@type":"ImageObject","inLanguage":"en-US","@id":"https:\/\/edyceramic-shop.ro\/ro\/#\/schema\/logo\/image\/","url":"https:\/\/edyceramic-shop.ro\/wp-content\/uploads\/2024\/02\/Logo-EdyCeramic_2021-lung.png","contentUrl":"https:\/\/edyceramic-shop.ro\/wp-content\/uploads\/2024\/02\/Logo-EdyCeramic_2021-lung.png","width":4491,"height":769,"caption":"Edyceramic"},"image":{"@id":"https:\/\/edyceramic-shop.ro\/ro\/#\/schema\/logo\/image\/"}}]},"product_price_amount":"3394.00","product_price_currency":"RON","og_availability":"instock","product_availability":"instock","product_retailer_item_id":"1bcae2ee4feb","product_condition":"new"},"jetpack_sharing_enabled":true,"_links":{"self":[{"href":"https:\/\/edyceramic-shop.ro\/en\/wp-json\/wp\/v2\/product\/13565","targetHints":{"allow":["GET"]}}],"collection":[{"href":"https:\/\/edyceramic-shop.ro\/en\/wp-json\/wp\/v2\/product"}],"about":[{"href":"https:\/\/edyceramic-shop.ro\/en\/wp-json\/wp\/v2\/types\/product"}],"version-history":[{"count":1,"href":"https:\/\/edyceramic-shop.ro\/en\/wp-json\/wp\/v2\/product\/13565\/revisions"}],"predecessor-version":[{"id":13566,"href":"https:\/\/edyceramic-shop.ro\/en\/wp-json\/wp\/v2\/product\/13565\/revisions\/13566"}],"wp:featuredmedia":[{"embeddable":true,"href":"https:\/\/edyceramic-shop.ro\/en\/wp-json\/wp\/v2\/media\/15145"}],"wp:attachment":[{"href":"https:\/\/edyceramic-shop.ro\/en\/wp-json\/wp\/v2\/media?parent=13565"}],"wp:term":[{"taxonomy":"product_brand","embeddable":true,"href":"https:\/\/edyceramic-shop.ro\/en\/wp-json\/wp\/v2\/product_brand?post=13565"},{"taxonomy":"product_cat","embeddable":true,"href":"https:\/\/edyceramic-shop.ro\/en\/wp-json\/wp\/v2\/product_cat?post=13565"},{"taxonomy":"product_tag","embeddable":true,"href":"https:\/\/edyceramic-shop.ro\/en\/wp-json\/wp\/v2\/product_tag?post=13565"}],"curies":[{"name":"wp","href":"https:\/\/api.w.org\/{rel}","templated":true}]}}