{"id":13545,"date":"2024-09-22T19:24:25","date_gmt":"2024-09-22T19:24:25","guid":{"rendered":"https:\/\/edyceramic-shop.ro\/product\/lavoar-artis-pe-blat-dreptunghiular-negru-villeroyboch-417258bct8\/"},"modified":"2025-08-01T13:34:32","modified_gmt":"2025-08-01T11:34:32","slug":"lavoar-artis-pe-blat-dreptunghiular-negru-villeroyboch-417258bct8","status":"publish","type":"product","link":"https:\/\/edyceramic-shop.ro\/en\/product\/lavoar-artis-pe-blat-dreptunghiular-negru-villeroyboch-417258bct8\/","title":{"rendered":"LAVOAR ARTIS PE BLAT, DREPTUNGHIULAR, NEGRU, VILLEROY&#038;BOCH 417258BCT8"},"content":{"rendered":"<p>lavoar pe blat, dreptunghiular, fara orificiu pentru baterie, fara orificiu de preaplin<br \/>\nmaterial: ceramic\u0103 TitanCeram<br \/>\nculoare exterior: negru (Coal Black, conform nomenclatorului Villeroy &#038; Boch)<br \/>\nfinisaj: lucios<br \/>\ndimensiune: 58 x 38,5 cm<br \/>\ngreutate: 11,50 kg<br \/>\nlavoarul se monteaza fie pe un blat din marmura, travertin, MDF, fie pe un mobilier care in partea de sus se inchide cu un blat<br \/>\nin cazul alimentarii de la o baterie de perete, alegeti pipa bateriei in conformitate cu distanta dintre ventilul lavoarului fata de perete<br \/>\nbateria, ventilul si sifonul se comanda separat, vezi produse asociate<br \/>\nNota!<\/p>\n<p>a se asigura in momentul montarii pe blat un spatiu suficient intre perete si lavoar, pentru ca montarea bateriei stative sa se poate efectua atat tehnic cat si estetic<\/p>\n<p>Explicarea termenilor:<\/p>\n<p>TitanCeram: este un material ceramic realizat cu o tehnologie special\u0103 dezvoltat\u0103 de firma Villeroy &#038; Boch bazat\u0103 pe o compozi\u021bie special\u0103 a argilei, cuar\u021bului, feldspatului \u0219i oxidului de titan. Acesta permite realizarea unor produse ceramice cu pere\u021bi foarte sub\u021biri, margini clar definite \u0219i rezisten\u021b\u0103 mare.<\/p>\n<p>Despre brand:<\/p>\n<p>Villeroy &#038; Boch este un brand premium international de stil de viata. Compania produc\u0103toare de ceramic\u0103 isi concentreaza atentia pe inovatie, calitate si design la cel mai inalt nivel. Pe site-ul nostru vei gasi mobilier de baie, lavoare, vas wc, bideuri, cazi si instaltii.<\/p>","protected":false},"excerpt":{"rendered":"<p>lavoar pe blat, dreptunghiular, fara orificiu pentru baterie, fara orificiu de preaplin material: ceramic\u0103 TitanCeram culoare exterior: negru (Coal Black,<\/p>","protected":false},"featured_media":15133,"template":"","meta":[],"product_brand":[],"product_cat":[385,384],"product_tag":[],"class_list":{"0":"post-13545","1":"product","2":"type-product","3":"status-publish","4":"has-post-thumbnail","6":"product_cat-dulapuri-si-boluri","7":"product_cat-mobilier-baie","8":"pa_colectie-artis","9":"pa_culoare-negru","10":"pa_dimensiune-38-5x58cm","11":"pa_fabrica-villeroyboch","12":"pa_material-titanceram","14":"first","15":"instock","16":"purchasable","17":"product-type-simple"},"yoast_head":"<!-- This site is optimized with the Yoast SEO Premium plugin v21.6 (Yoast SEO v22.1) - https:\/\/yoast.com\/wordpress\/plugins\/seo\/ -->\n<title>LAVOAR ARTIS PE BLAT, DREPTUNGHIULAR, NEGRU, VILLEROY&amp;BOCH 417258BCT8 - Edyceramic - magazin online<\/title>\n<meta name=\"robots\" content=\"index, follow, max-snippet:-1, max-image-preview:large, max-video-preview:-1\" \/>\n<link rel=\"canonical\" href=\"https:\/\/edyceramic-shop.ro\/en\/product\/lavoar-artis-pe-blat-dreptunghiular-negru-villeroyboch-417258bct8\/\" \/>\n<meta property=\"og:locale\" content=\"en_US\" \/>\n<meta property=\"og:type\" content=\"article\" \/>\n<meta property=\"og:title\" content=\"LAVOAR ARTIS PE BLAT, DREPTUNGHIULAR, NEGRU, VILLEROY&amp;BOCH 417258BCT8\" \/>\n<meta property=\"og:description\" content=\"lavoar pe blat, dreptunghiular, fara orificiu pentru baterie, fara orificiu de preaplin material: ceramic\u0103 TitanCeram culoare exterior: negru (Coal Black,\" \/>\n<meta property=\"og:url\" content=\"https:\/\/edyceramic-shop.ro\/en\/product\/lavoar-artis-pe-blat-dreptunghiular-negru-villeroyboch-417258bct8\/\" \/>\n<meta property=\"og:site_name\" content=\"Edyceramic - magazin online\" \/>\n<meta property=\"article:modified_time\" content=\"2025-08-01T11:34:32+00:00\" \/>\n<meta property=\"og:image\" content=\"https:\/\/edyceramic-shop.ro\/wp-content\/uploads\/2024\/09\/112730_lavoar_blat_villeroy_boch_artis_dreptunghiular_58cm_negru-1-1.jpg\" \/>\n\t<meta property=\"og:image:width\" content=\"800\" \/>\n\t<meta property=\"og:image:height\" content=\"800\" \/>\n\t<meta property=\"og:image:type\" content=\"image\/jpeg\" \/>\n<meta name=\"twitter:card\" content=\"summary_large_image\" \/>\n<meta name=\"twitter:label1\" content=\"Price\" \/>\n\t<meta name=\"twitter:data1\" content=\"4.424,00&nbsp;lei\" \/>\n\t<meta name=\"twitter:label2\" content=\"Availability\" \/>\n\t<meta name=\"twitter:data2\" content=\"In stock\" \/>\n<script type=\"application\/ld+json\" class=\"yoast-schema-graph\">{\"@context\":\"https:\/\/schema.org\",\"@graph\":[{\"@type\":\"WebPage\",\"@id\":\"https:\/\/edyceramic-shop.ro\/produs\/lavoar-artis-pe-blat-dreptunghiular-negru-villeroyboch-417258bct8\/\",\"url\":\"https:\/\/edyceramic-shop.ro\/produs\/lavoar-artis-pe-blat-dreptunghiular-negru-villeroyboch-417258bct8\/\",\"name\":\"LAVOAR ARTIS PE BLAT, DREPTUNGHIULAR, NEGRU, VILLEROY&BOCH 417258BCT8 - Edyceramic - magazin online\",\"isPartOf\":{\"@id\":\"https:\/\/edyceramic-shop.ro\/ro\/#website\"},\"datePublished\":\"2024-09-22T19:24:25+00:00\",\"dateModified\":\"2025-08-01T11:34:32+00:00\",\"breadcrumb\":{\"@id\":\"https:\/\/edyceramic-shop.ro\/produs\/lavoar-artis-pe-blat-dreptunghiular-negru-villeroyboch-417258bct8\/#breadcrumb\"},\"inLanguage\":\"en-US\",\"potentialAction\":[{\"@type\":\"ReadAction\",\"target\":[\"https:\/\/edyceramic-shop.ro\/produs\/lavoar-artis-pe-blat-dreptunghiular-negru-villeroyboch-417258bct8\/\"]}]},{\"@type\":\"BreadcrumbList\",\"@id\":\"https:\/\/edyceramic-shop.ro\/produs\/lavoar-artis-pe-blat-dreptunghiular-negru-villeroyboch-417258bct8\/#breadcrumb\",\"itemListElement\":[{\"@type\":\"ListItem\",\"position\":1,\"name\":\"Home\",\"item\":\"https:\/\/edyceramic-shop.ro\/\"},{\"@type\":\"ListItem\",\"position\":2,\"name\":\"Shop\",\"item\":\"https:\/\/edyceramic-shop.ro\/ro\/shop\/\"},{\"@type\":\"ListItem\",\"position\":3,\"name\":\"LAVOAR ARTIS PE BLAT, DREPTUNGHIULAR, NEGRU, VILLEROY&#038;BOCH 417258BCT8\"}]},{\"@type\":\"WebSite\",\"@id\":\"https:\/\/edyceramic-shop.ro\/ro\/#website\",\"url\":\"https:\/\/edyceramic-shop.ro\/ro\/\",\"name\":\"edyceramic.ro\",\"description\":\"\",\"publisher\":{\"@id\":\"https:\/\/edyceramic-shop.ro\/ro\/#organization\"},\"potentialAction\":[{\"@type\":\"SearchAction\",\"target\":{\"@type\":\"EntryPoint\",\"urlTemplate\":\"https:\/\/edyceramic-shop.ro\/ro\/?s={search_term_string}\"},\"query-input\":\"required name=search_term_string\"}],\"inLanguage\":\"en-US\"},{\"@type\":\"Organization\",\"@id\":\"https:\/\/edyceramic-shop.ro\/ro\/#organization\",\"name\":\"Edyceramic\",\"url\":\"https:\/\/edyceramic-shop.ro\/ro\/\",\"logo\":{\"@type\":\"ImageObject\",\"inLanguage\":\"en-US\",\"@id\":\"https:\/\/edyceramic-shop.ro\/ro\/#\/schema\/logo\/image\/\",\"url\":\"https:\/\/edyceramic-shop.ro\/wp-content\/uploads\/2024\/02\/Logo-EdyCeramic_2021-lung.png\",\"contentUrl\":\"https:\/\/edyceramic-shop.ro\/wp-content\/uploads\/2024\/02\/Logo-EdyCeramic_2021-lung.png\",\"width\":4491,\"height\":769,\"caption\":\"Edyceramic\"},\"image\":{\"@id\":\"https:\/\/edyceramic-shop.ro\/ro\/#\/schema\/logo\/image\/\"}}]}<\/script>\n<meta property=\"product:price:amount\" content=\"4424.00\" \/>\n<meta property=\"product:price:currency\" content=\"RON\" \/>\n<meta property=\"og:availability\" content=\"instock\" \/>\n<meta property=\"product:availability\" content=\"instock\" \/>\n<meta property=\"product:retailer_item_id\" content=\"4c8fb1e333e1\" \/>\n<meta property=\"product:condition\" content=\"new\" \/>\n<!-- \/ Yoast SEO Premium plugin. -->","yoast_head_json":{"title":"LAVOAR ARTIS PE BLAT, DREPTUNGHIULAR, NEGRU, VILLEROY&BOCH 417258BCT8 - Edyceramic - magazin online","robots":{"index":"index","follow":"follow","max-snippet":"max-snippet:-1","max-image-preview":"max-image-preview:large","max-video-preview":"max-video-preview:-1"},"canonical":"https:\/\/edyceramic-shop.ro\/en\/product\/lavoar-artis-pe-blat-dreptunghiular-negru-villeroyboch-417258bct8\/","og_locale":"en_US","og_type":"article","og_title":"LAVOAR ARTIS PE BLAT, DREPTUNGHIULAR, NEGRU, VILLEROY&BOCH 417258BCT8","og_description":"lavoar pe blat, dreptunghiular, fara orificiu pentru baterie, fara orificiu de preaplin material: ceramic\u0103 TitanCeram culoare exterior: negru (Coal Black,","og_url":"https:\/\/edyceramic-shop.ro\/en\/product\/lavoar-artis-pe-blat-dreptunghiular-negru-villeroyboch-417258bct8\/","og_site_name":"Edyceramic - magazin online","article_modified_time":"2025-08-01T11:34:32+00:00","og_image":[{"width":800,"height":800,"url":"https:\/\/edyceramic-shop.ro\/wp-content\/uploads\/2024\/09\/112730_lavoar_blat_villeroy_boch_artis_dreptunghiular_58cm_negru-1-1.jpg","type":"image\/jpeg"}],"twitter_card":"summary_large_image","twitter_misc":{"Price":"4.424,00&nbsp;lei","Availability":"In stock"},"schema":{"@context":"https:\/\/schema.org","@graph":[{"@type":"WebPage","@id":"https:\/\/edyceramic-shop.ro\/produs\/lavoar-artis-pe-blat-dreptunghiular-negru-villeroyboch-417258bct8\/","url":"https:\/\/edyceramic-shop.ro\/produs\/lavoar-artis-pe-blat-dreptunghiular-negru-villeroyboch-417258bct8\/","name":"LAVOAR ARTIS PE BLAT, DREPTUNGHIULAR, NEGRU, VILLEROY&BOCH 417258BCT8 - Edyceramic - magazin online","isPartOf":{"@id":"https:\/\/edyceramic-shop.ro\/ro\/#website"},"datePublished":"2024-09-22T19:24:25+00:00","dateModified":"2025-08-01T11:34:32+00:00","breadcrumb":{"@id":"https:\/\/edyceramic-shop.ro\/produs\/lavoar-artis-pe-blat-dreptunghiular-negru-villeroyboch-417258bct8\/#breadcrumb"},"inLanguage":"en-US","potentialAction":[{"@type":"ReadAction","target":["https:\/\/edyceramic-shop.ro\/produs\/lavoar-artis-pe-blat-dreptunghiular-negru-villeroyboch-417258bct8\/"]}]},{"@type":"BreadcrumbList","@id":"https:\/\/edyceramic-shop.ro\/produs\/lavoar-artis-pe-blat-dreptunghiular-negru-villeroyboch-417258bct8\/#breadcrumb","itemListElement":[{"@type":"ListItem","position":1,"name":"Home","item":"https:\/\/edyceramic-shop.ro\/"},{"@type":"ListItem","position":2,"name":"Shop","item":"https:\/\/edyceramic-shop.ro\/ro\/shop\/"},{"@type":"ListItem","position":3,"name":"LAVOAR ARTIS PE BLAT, DREPTUNGHIULAR, NEGRU, VILLEROY&#038;BOCH 417258BCT8"}]},{"@type":"WebSite","@id":"https:\/\/edyceramic-shop.ro\/ro\/#website","url":"https:\/\/edyceramic-shop.ro\/ro\/","name":"edyceramic.ro","description":"","publisher":{"@id":"https:\/\/edyceramic-shop.ro\/ro\/#organization"},"potentialAction":[{"@type":"SearchAction","target":{"@type":"EntryPoint","urlTemplate":"https:\/\/edyceramic-shop.ro\/ro\/?s={search_term_string}"},"query-input":"required name=search_term_string"}],"inLanguage":"en-US"},{"@type":"Organization","@id":"https:\/\/edyceramic-shop.ro\/ro\/#organization","name":"Edyceramic","url":"https:\/\/edyceramic-shop.ro\/ro\/","logo":{"@type":"ImageObject","inLanguage":"en-US","@id":"https:\/\/edyceramic-shop.ro\/ro\/#\/schema\/logo\/image\/","url":"https:\/\/edyceramic-shop.ro\/wp-content\/uploads\/2024\/02\/Logo-EdyCeramic_2021-lung.png","contentUrl":"https:\/\/edyceramic-shop.ro\/wp-content\/uploads\/2024\/02\/Logo-EdyCeramic_2021-lung.png","width":4491,"height":769,"caption":"Edyceramic"},"image":{"@id":"https:\/\/edyceramic-shop.ro\/ro\/#\/schema\/logo\/image\/"}}]},"product_price_amount":"4424.00","product_price_currency":"RON","og_availability":"instock","product_availability":"instock","product_retailer_item_id":"4c8fb1e333e1","product_condition":"new"},"jetpack_sharing_enabled":true,"_links":{"self":[{"href":"https:\/\/edyceramic-shop.ro\/en\/wp-json\/wp\/v2\/product\/13545","targetHints":{"allow":["GET"]}}],"collection":[{"href":"https:\/\/edyceramic-shop.ro\/en\/wp-json\/wp\/v2\/product"}],"about":[{"href":"https:\/\/edyceramic-shop.ro\/en\/wp-json\/wp\/v2\/types\/product"}],"version-history":[{"count":1,"href":"https:\/\/edyceramic-shop.ro\/en\/wp-json\/wp\/v2\/product\/13545\/revisions"}],"predecessor-version":[{"id":13546,"href":"https:\/\/edyceramic-shop.ro\/en\/wp-json\/wp\/v2\/product\/13545\/revisions\/13546"}],"wp:featuredmedia":[{"embeddable":true,"href":"https:\/\/edyceramic-shop.ro\/en\/wp-json\/wp\/v2\/media\/15133"}],"wp:attachment":[{"href":"https:\/\/edyceramic-shop.ro\/en\/wp-json\/wp\/v2\/media?parent=13545"}],"wp:term":[{"taxonomy":"product_brand","embeddable":true,"href":"https:\/\/edyceramic-shop.ro\/en\/wp-json\/wp\/v2\/product_brand?post=13545"},{"taxonomy":"product_cat","embeddable":true,"href":"https:\/\/edyceramic-shop.ro\/en\/wp-json\/wp\/v2\/product_cat?post=13545"},{"taxonomy":"product_tag","embeddable":true,"href":"https:\/\/edyceramic-shop.ro\/en\/wp-json\/wp\/v2\/product_tag?post=13545"}],"curies":[{"name":"wp","href":"https:\/\/api.w.org\/{rel}","templated":true}]}}