{"id":13521,"date":"2024-09-22T19:24:17","date_gmt":"2024-09-22T19:24:17","guid":{"rendered":"https:\/\/edyceramic-shop.ro\/product\/lavoar-artis-pe-blat-patratic-alb-villeroyboch-41784101\/"},"modified":"2025-08-01T13:34:31","modified_gmt":"2025-08-01T11:34:31","slug":"lavoar-artis-pe-blat-patratic-alb-villeroyboch-41784101","status":"publish","type":"product","link":"https:\/\/edyceramic-shop.ro\/en\/product\/lavoar-artis-pe-blat-patratic-alb-villeroyboch-41784101\/","title":{"rendered":"LAVOAR ARTIS PE BLAT, P\u0102TRATIC, ALB, VILLEROY&#038;BOCH 41784101"},"content":{"rendered":"<p>Caracteristici<\/p>\n<p>lavoar pe blat, patrat,<br \/>\ndimensiunea 41&#215;41 cm,<br \/>\nfara orificiu pentru baterie, fara preaplin,<br \/>\nfunctia de preaplin va fi preluata de un ventil care nu se poate inchide; ventilul poate fi cu capac ceramic sau cu capac cromat;<br \/>\nmaterial: Titanceram, vezi explicarea termenilor<br \/>\nlavoarul se monteaza fie pe un blat din marmura, travertin, MDF fie pe un mobilier care in partea de sus se inchide cu un blat; vezi oferta de blaturi.<br \/>\npentru fixarea lavoarului in blat se executa un orificiu conform sablonului care este inclus, vezi schita tehnica<br \/>\nalimentarea cu apa a lavoarelor pe blat se realizeaza fie cu baterii de perete, fie cu baterii stative inalte<br \/>\nin cazul alimentarii de la o baterie de perete, alegeti pipa bateriei in conformitate cu distanta dintre ventilul lavoarului fata de perete<br \/>\nfara ventil ceramic<br \/>\nculoare: alb (White Alpin, conform nomenclatorului Villeroy and Boch)<br \/>\nprodusul se poate livra si in culoare\/finisajele: alb cu tratament Ceramic Plus (R1) vezi explicarea termenilor, alb stralucitor (Star White cu tratament CeramicPlus) R2, sau in varianta bicolor (interior alb, iar pt exterior alegeti intre 15 culori diferite; pentru exemplificare vezi produsele de culoare lemon 417943BCT4, ocean cod 417258BCW2, sencha 417258BCW4, powder  419861BCT0<br \/>\n Compatibilitate:<\/p>\n<p>recomandat bateriile stative care alimenteaza lavoarele pe blat, ele trebuie sa fie inalte, datorita inaltimii  corpului lavoarului vezi categoria de, vezi produse asociate<br \/>\npentru instalarea bateriei stative se va executa in blat un al doilea orificiu; locul acestuia se va alege in asa fel, incat sa nu subtieze prea mult blatul<br \/>\ndaca blatul nu mascheaza sifonul, recomandam utilizarea unui sifon cromat vezi produse asociate<br \/>\nlavoarul este compatibil cu orice tip de blat  in care se poate executa orificiul de 18.5 cm<br \/>\nventile compatibile vezi produse asociate<br \/>\nNota! <\/p>\n<p>a se asigura in momentul montarii pe blat un spatiu suficient intre perete si lavoar, pentru ca montarea bateriei stative sa se poate efectua atat tehnic cat si estetic .<br \/>\n Explicarea termenilor:<\/p>\n<p>Titanceram: este un material ceramic realizat cu o tehnologie special\u0103 dezvoltat\u0103 de firma Villeroy &#038; Boch bazat\u0103 pe o compozi\u021bie special\u0103 a argilei, cuar\u021bului, feldspatului \u0219i oxidului de titan. Acesta permite realizarea unor produse ceramice cu pere\u021bi foarte sub\u021biri, margini clar definite \u0219i rezisten\u021b\u0103 mare.<br \/>\nCeramic Plus (ceramic+): Este un finisaj hidrofob (respinge apa), care ajuta la pastrarea curateniei in baie. Tehnologia reduce porozitatea suprafetei si micsoreaza asperitatile stratului de glazura. Ca urmare apa formeaza picaturi care curg liber pe suprafata ceramicii, impreuna cu rezidurile.<\/p>\n<p>Villeroy &#038; Boch este un brand premium international de stil de viata. Companie produc\u0103toare de ceramic\u0103 isi concentreaza atentia pe inovatie, calitate si design la cel mai inalt nivel. Pe site-ul nostru vei gasi mobilier de baie, lavoare, vas wc, bideuri, cazi si instaltii.<\/p>","protected":false},"excerpt":{"rendered":"<p>Caracteristici lavoar pe blat, patrat, dimensiunea 41&#215;41 cm, fara orificiu pentru baterie, fara preaplin, functia de preaplin va fi preluata<\/p>","protected":false},"featured_media":15117,"template":"","meta":[],"product_brand":[],"product_cat":[385,384],"product_tag":[],"class_list":{"0":"post-13521","1":"product","2":"type-product","3":"status-publish","4":"has-post-thumbnail","6":"product_cat-dulapuri-si-boluri","7":"product_cat-mobilier-baie","8":"pa_colectie-artis","9":"pa_culoare-alb","10":"pa_dimensiune-41x41cm","11":"pa_fabrica-villeroyboch","12":"pa_material-portelan-sanitar","14":"first","15":"instock","16":"purchasable","17":"product-type-simple"},"yoast_head":"<!-- This site is optimized with the Yoast SEO Premium plugin v21.6 (Yoast SEO v22.1) - https:\/\/yoast.com\/wordpress\/plugins\/seo\/ -->\n<title>LAVOAR ARTIS PE BLAT, P\u0102TRATIC, ALB, VILLEROY&amp;BOCH 41784101 - Edyceramic - magazin online<\/title>\n<meta name=\"robots\" content=\"index, follow, max-snippet:-1, max-image-preview:large, max-video-preview:-1\" \/>\n<link rel=\"canonical\" href=\"https:\/\/edyceramic-shop.ro\/en\/product\/lavoar-artis-pe-blat-patratic-alb-villeroyboch-41784101\/\" \/>\n<meta property=\"og:locale\" content=\"en_US\" \/>\n<meta property=\"og:type\" content=\"article\" \/>\n<meta property=\"og:title\" content=\"LAVOAR ARTIS PE BLAT, P\u0102TRATIC, ALB, VILLEROY&amp;BOCH 41784101\" \/>\n<meta property=\"og:description\" content=\"Caracteristici lavoar pe blat, patrat, dimensiunea 41&#215;41 cm, fara orificiu pentru baterie, fara preaplin, functia de preaplin va fi preluata\" \/>\n<meta property=\"og:url\" content=\"https:\/\/edyceramic-shop.ro\/en\/product\/lavoar-artis-pe-blat-patratic-alb-villeroyboch-41784101\/\" \/>\n<meta property=\"og:site_name\" content=\"Edyceramic - magazin online\" \/>\n<meta property=\"article:modified_time\" content=\"2025-08-01T11:34:31+00:00\" \/>\n<meta property=\"og:image\" content=\"https:\/\/edyceramic-shop.ro\/wp-content\/uploads\/2024\/09\/109527_Lavoar-pe-blat-Villeroy-Boch-Artis-1-1.jpg\" \/>\n\t<meta property=\"og:image:width\" content=\"800\" \/>\n\t<meta property=\"og:image:height\" content=\"800\" \/>\n\t<meta property=\"og:image:type\" content=\"image\/jpeg\" \/>\n<meta name=\"twitter:card\" content=\"summary_large_image\" \/>\n<meta name=\"twitter:label1\" content=\"Price\" \/>\n\t<meta name=\"twitter:data1\" content=\"2.059,00&nbsp;lei\" \/>\n\t<meta name=\"twitter:label2\" content=\"Availability\" \/>\n\t<meta name=\"twitter:data2\" content=\"In stock\" \/>\n<script type=\"application\/ld+json\" class=\"yoast-schema-graph\">{\"@context\":\"https:\/\/schema.org\",\"@graph\":[{\"@type\":\"WebPage\",\"@id\":\"https:\/\/edyceramic-shop.ro\/produs\/lavoar-artis-pe-blat-patratic-alb-villeroyboch-41784101\/\",\"url\":\"https:\/\/edyceramic-shop.ro\/produs\/lavoar-artis-pe-blat-patratic-alb-villeroyboch-41784101\/\",\"name\":\"LAVOAR ARTIS PE BLAT, P\u0102TRATIC, ALB, VILLEROY&BOCH 41784101 - Edyceramic - magazin online\",\"isPartOf\":{\"@id\":\"https:\/\/edyceramic-shop.ro\/ro\/#website\"},\"datePublished\":\"2024-09-22T19:24:17+00:00\",\"dateModified\":\"2025-08-01T11:34:31+00:00\",\"breadcrumb\":{\"@id\":\"https:\/\/edyceramic-shop.ro\/produs\/lavoar-artis-pe-blat-patratic-alb-villeroyboch-41784101\/#breadcrumb\"},\"inLanguage\":\"en-US\",\"potentialAction\":[{\"@type\":\"ReadAction\",\"target\":[\"https:\/\/edyceramic-shop.ro\/produs\/lavoar-artis-pe-blat-patratic-alb-villeroyboch-41784101\/\"]}]},{\"@type\":\"BreadcrumbList\",\"@id\":\"https:\/\/edyceramic-shop.ro\/produs\/lavoar-artis-pe-blat-patratic-alb-villeroyboch-41784101\/#breadcrumb\",\"itemListElement\":[{\"@type\":\"ListItem\",\"position\":1,\"name\":\"Home\",\"item\":\"https:\/\/edyceramic-shop.ro\/\"},{\"@type\":\"ListItem\",\"position\":2,\"name\":\"Shop\",\"item\":\"https:\/\/edyceramic-shop.ro\/ro\/shop\/\"},{\"@type\":\"ListItem\",\"position\":3,\"name\":\"LAVOAR ARTIS PE BLAT, P\u0102TRATIC, ALB, VILLEROY&#038;BOCH 41784101\"}]},{\"@type\":\"WebSite\",\"@id\":\"https:\/\/edyceramic-shop.ro\/ro\/#website\",\"url\":\"https:\/\/edyceramic-shop.ro\/ro\/\",\"name\":\"edyceramic.ro\",\"description\":\"\",\"publisher\":{\"@id\":\"https:\/\/edyceramic-shop.ro\/ro\/#organization\"},\"potentialAction\":[{\"@type\":\"SearchAction\",\"target\":{\"@type\":\"EntryPoint\",\"urlTemplate\":\"https:\/\/edyceramic-shop.ro\/ro\/?s={search_term_string}\"},\"query-input\":\"required name=search_term_string\"}],\"inLanguage\":\"en-US\"},{\"@type\":\"Organization\",\"@id\":\"https:\/\/edyceramic-shop.ro\/ro\/#organization\",\"name\":\"Edyceramic\",\"url\":\"https:\/\/edyceramic-shop.ro\/ro\/\",\"logo\":{\"@type\":\"ImageObject\",\"inLanguage\":\"en-US\",\"@id\":\"https:\/\/edyceramic-shop.ro\/ro\/#\/schema\/logo\/image\/\",\"url\":\"https:\/\/edyceramic-shop.ro\/wp-content\/uploads\/2024\/02\/Logo-EdyCeramic_2021-lung.png\",\"contentUrl\":\"https:\/\/edyceramic-shop.ro\/wp-content\/uploads\/2024\/02\/Logo-EdyCeramic_2021-lung.png\",\"width\":4491,\"height\":769,\"caption\":\"Edyceramic\"},\"image\":{\"@id\":\"https:\/\/edyceramic-shop.ro\/ro\/#\/schema\/logo\/image\/\"}}]}<\/script>\n<meta property=\"product:price:amount\" content=\"2059.00\" \/>\n<meta property=\"product:price:currency\" content=\"RON\" \/>\n<meta property=\"og:availability\" content=\"instock\" \/>\n<meta property=\"product:availability\" content=\"instock\" \/>\n<meta property=\"product:retailer_item_id\" content=\"c95956f04aac\" \/>\n<meta property=\"product:condition\" content=\"new\" \/>\n<!-- \/ Yoast SEO Premium plugin. -->","yoast_head_json":{"title":"LAVOAR ARTIS PE BLAT, P\u0102TRATIC, ALB, VILLEROY&BOCH 41784101 - Edyceramic - magazin online","robots":{"index":"index","follow":"follow","max-snippet":"max-snippet:-1","max-image-preview":"max-image-preview:large","max-video-preview":"max-video-preview:-1"},"canonical":"https:\/\/edyceramic-shop.ro\/en\/product\/lavoar-artis-pe-blat-patratic-alb-villeroyboch-41784101\/","og_locale":"en_US","og_type":"article","og_title":"LAVOAR ARTIS PE BLAT, P\u0102TRATIC, ALB, VILLEROY&BOCH 41784101","og_description":"Caracteristici lavoar pe blat, patrat, dimensiunea 41&#215;41 cm, fara orificiu pentru baterie, fara preaplin, functia de preaplin va fi preluata","og_url":"https:\/\/edyceramic-shop.ro\/en\/product\/lavoar-artis-pe-blat-patratic-alb-villeroyboch-41784101\/","og_site_name":"Edyceramic - magazin online","article_modified_time":"2025-08-01T11:34:31+00:00","og_image":[{"width":800,"height":800,"url":"https:\/\/edyceramic-shop.ro\/wp-content\/uploads\/2024\/09\/109527_Lavoar-pe-blat-Villeroy-Boch-Artis-1-1.jpg","type":"image\/jpeg"}],"twitter_card":"summary_large_image","twitter_misc":{"Price":"2.059,00&nbsp;lei","Availability":"In stock"},"schema":{"@context":"https:\/\/schema.org","@graph":[{"@type":"WebPage","@id":"https:\/\/edyceramic-shop.ro\/produs\/lavoar-artis-pe-blat-patratic-alb-villeroyboch-41784101\/","url":"https:\/\/edyceramic-shop.ro\/produs\/lavoar-artis-pe-blat-patratic-alb-villeroyboch-41784101\/","name":"LAVOAR ARTIS PE BLAT, P\u0102TRATIC, ALB, VILLEROY&BOCH 41784101 - Edyceramic - magazin online","isPartOf":{"@id":"https:\/\/edyceramic-shop.ro\/ro\/#website"},"datePublished":"2024-09-22T19:24:17+00:00","dateModified":"2025-08-01T11:34:31+00:00","breadcrumb":{"@id":"https:\/\/edyceramic-shop.ro\/produs\/lavoar-artis-pe-blat-patratic-alb-villeroyboch-41784101\/#breadcrumb"},"inLanguage":"en-US","potentialAction":[{"@type":"ReadAction","target":["https:\/\/edyceramic-shop.ro\/produs\/lavoar-artis-pe-blat-patratic-alb-villeroyboch-41784101\/"]}]},{"@type":"BreadcrumbList","@id":"https:\/\/edyceramic-shop.ro\/produs\/lavoar-artis-pe-blat-patratic-alb-villeroyboch-41784101\/#breadcrumb","itemListElement":[{"@type":"ListItem","position":1,"name":"Home","item":"https:\/\/edyceramic-shop.ro\/"},{"@type":"ListItem","position":2,"name":"Shop","item":"https:\/\/edyceramic-shop.ro\/ro\/shop\/"},{"@type":"ListItem","position":3,"name":"LAVOAR ARTIS PE BLAT, P\u0102TRATIC, ALB, VILLEROY&#038;BOCH 41784101"}]},{"@type":"WebSite","@id":"https:\/\/edyceramic-shop.ro\/ro\/#website","url":"https:\/\/edyceramic-shop.ro\/ro\/","name":"edyceramic.ro","description":"","publisher":{"@id":"https:\/\/edyceramic-shop.ro\/ro\/#organization"},"potentialAction":[{"@type":"SearchAction","target":{"@type":"EntryPoint","urlTemplate":"https:\/\/edyceramic-shop.ro\/ro\/?s={search_term_string}"},"query-input":"required name=search_term_string"}],"inLanguage":"en-US"},{"@type":"Organization","@id":"https:\/\/edyceramic-shop.ro\/ro\/#organization","name":"Edyceramic","url":"https:\/\/edyceramic-shop.ro\/ro\/","logo":{"@type":"ImageObject","inLanguage":"en-US","@id":"https:\/\/edyceramic-shop.ro\/ro\/#\/schema\/logo\/image\/","url":"https:\/\/edyceramic-shop.ro\/wp-content\/uploads\/2024\/02\/Logo-EdyCeramic_2021-lung.png","contentUrl":"https:\/\/edyceramic-shop.ro\/wp-content\/uploads\/2024\/02\/Logo-EdyCeramic_2021-lung.png","width":4491,"height":769,"caption":"Edyceramic"},"image":{"@id":"https:\/\/edyceramic-shop.ro\/ro\/#\/schema\/logo\/image\/"}}]},"product_price_amount":"2059.00","product_price_currency":"RON","og_availability":"instock","product_availability":"instock","product_retailer_item_id":"c95956f04aac","product_condition":"new"},"jetpack_sharing_enabled":true,"_links":{"self":[{"href":"https:\/\/edyceramic-shop.ro\/en\/wp-json\/wp\/v2\/product\/13521","targetHints":{"allow":["GET"]}}],"collection":[{"href":"https:\/\/edyceramic-shop.ro\/en\/wp-json\/wp\/v2\/product"}],"about":[{"href":"https:\/\/edyceramic-shop.ro\/en\/wp-json\/wp\/v2\/types\/product"}],"version-history":[{"count":1,"href":"https:\/\/edyceramic-shop.ro\/en\/wp-json\/wp\/v2\/product\/13521\/revisions"}],"predecessor-version":[{"id":13522,"href":"https:\/\/edyceramic-shop.ro\/en\/wp-json\/wp\/v2\/product\/13521\/revisions\/13522"}],"wp:featuredmedia":[{"embeddable":true,"href":"https:\/\/edyceramic-shop.ro\/en\/wp-json\/wp\/v2\/media\/15117"}],"wp:attachment":[{"href":"https:\/\/edyceramic-shop.ro\/en\/wp-json\/wp\/v2\/media?parent=13521"}],"wp:term":[{"taxonomy":"product_brand","embeddable":true,"href":"https:\/\/edyceramic-shop.ro\/en\/wp-json\/wp\/v2\/product_brand?post=13521"},{"taxonomy":"product_cat","embeddable":true,"href":"https:\/\/edyceramic-shop.ro\/en\/wp-json\/wp\/v2\/product_cat?post=13521"},{"taxonomy":"product_tag","embeddable":true,"href":"https:\/\/edyceramic-shop.ro\/en\/wp-json\/wp\/v2\/product_tag?post=13521"}],"curies":[{"name":"wp","href":"https:\/\/api.w.org\/{rel}","templated":true}]}}