{"id":13407,"date":"2024-09-22T19:23:27","date_gmt":"2024-09-22T19:23:27","guid":{"rendered":"https:\/\/edyceramic-shop.ro\/product\/lavoar-pe-blat-rotund-alb-collaro-villeroyboch-4a184001\/"},"modified":"2025-08-01T13:34:30","modified_gmt":"2025-08-01T11:34:30","slug":"lavoar-pe-blat-rotund-alb-collaro-villeroyboch-4a184001","status":"publish","type":"product","link":"https:\/\/edyceramic-shop.ro\/en\/product\/lavoar-pe-blat-rotund-alb-collaro-villeroyboch-4a184001\/","title":{"rendered":"LAVOAR PE BLAT ROTUND, ALB COLLARO VILLEROY&#038;BOCH 4A184001"},"content":{"rendered":"<p>Lavoar rotund pe blat<\/p>\n<p>material: ceramic\u0103 TitanCeram, vezi explicarea termenilor<br \/>\ndiametru: 40 cm<br \/>\nfara orificiu de preaplin si baterie<br \/>\nculoare: alb (White Alpin, conform nomenclatorului Villeroy and Boch)<br \/>\ngreutate: 9,3 kg<br \/>\nlavoarul se monteaza fie pe un blat din marmura, travertin, MDF fie pe un mobilier care in partea de sus se inchide cu un blat<br \/>\nalimentarea cu apa a lavoarelor pe blat se realizeaza fie cu baterii de perete, fie cu baterii stative inalte<br \/>\nin cazul alimentarii de la o baterie de perete, alegeti pipa bateriei in conformitate cu distanta dintre ventilul lavoarului fata de perete, recomandam ca distanta pipei fata de lavoar sa fie de cel putin 21 cm<br \/>\nCompatibilitate:<\/p>\n<p>recomandate bateriile stative care alimenteaza lavoarele pe blat, ele trebuie sa fie inalte, datorita inaltimii corpului lavoarului vezi categoria de baterii de lavoar<br \/>\npentru instalarea bateriei stative se va executa in blat un al doilea orificiu; locul acestuia se va alege in asa fel, incat sa nu subtieze prea mult blatul<br \/>\nventilul cu capac ceramic se achizitioneaza separat, vezi produse asociate<br \/>\ndaca blatul nu mascheaza sifonul, recomandam utilizarea unui sifon cromat, vezi produse asociate<br \/>\nlavoarul este compatibil cu orice tip de blat in care se poate executa orificiul conform schitei tehnice;<br \/>\nExplicarea termenilor:<\/p>\n<p>TitanCeram: este un material ceramic realizat cu o tehnologie special\u0103 dezvoltat\u0103 de firma Villeroy &#038; Boch bazat\u0103 pe o compozi\u021bie special\u0103 a argilei, cuar\u021bului, feldspatului \u0219i oxidului de titan. Acesta permite realizarea unor produse ceramice cu pere\u021bi foarte sub\u021biri, margini clar definite \u0219i rezisten\u021b\u0103 mare.<\/p>\n<p>Villeroy &#038; Boch este un brand premium international de stil de viata. Companie produc\u0103toare de ceramic\u0103 isi concentreaza atentia pe inovatie, calitate si design la cel mai inalt nivel. Pe site-ul nostru vei gasi mobilier de baie, lavoare, vas wc, bideuri, cazi si instaltii.<\/p>","protected":false},"excerpt":{"rendered":"<p>Lavoar rotund pe blat material: ceramic\u0103 TitanCeram, vezi explicarea termenilor diametru: 40 cm fara orificiu de preaplin si baterie culoare:<\/p>","protected":false},"featured_media":15051,"template":"","meta":[],"product_brand":[],"product_cat":[385,384],"product_tag":[],"class_list":{"0":"post-13407","1":"product","2":"type-product","3":"status-publish","4":"has-post-thumbnail","6":"product_cat-dulapuri-si-boluri","7":"product_cat-mobilier-baie","8":"pa_colectie-collaro","9":"pa_culoare-alb","10":"pa_dimensiune-14-5cm","11":"pa_fabrica-villeroyboch","12":"pa_material-ceramica","14":"first","15":"instock","16":"purchasable","17":"product-type-simple"},"yoast_head":"<!-- This site is optimized with the Yoast SEO Premium plugin v21.6 (Yoast SEO v22.1) - https:\/\/yoast.com\/wordpress\/plugins\/seo\/ -->\n<title>LAVOAR PE BLAT ROTUND, ALB COLLARO VILLEROY&amp;BOCH 4A184001 - Edyceramic - magazin online<\/title>\n<meta name=\"robots\" content=\"index, follow, max-snippet:-1, max-image-preview:large, max-video-preview:-1\" \/>\n<link rel=\"canonical\" href=\"https:\/\/edyceramic-shop.ro\/en\/product\/lavoar-pe-blat-rotund-alb-collaro-villeroyboch-4a184001\/\" \/>\n<meta property=\"og:locale\" content=\"en_US\" \/>\n<meta property=\"og:type\" content=\"article\" \/>\n<meta property=\"og:title\" content=\"LAVOAR PE BLAT ROTUND, ALB COLLARO VILLEROY&amp;BOCH 4A184001\" \/>\n<meta property=\"og:description\" content=\"Lavoar rotund pe blat material: ceramic\u0103 TitanCeram, vezi explicarea termenilor diametru: 40 cm fara orificiu de preaplin si baterie culoare:\" \/>\n<meta property=\"og:url\" content=\"https:\/\/edyceramic-shop.ro\/en\/product\/lavoar-pe-blat-rotund-alb-collaro-villeroyboch-4a184001\/\" \/>\n<meta property=\"og:site_name\" content=\"Edyceramic - magazin online\" \/>\n<meta property=\"article:modified_time\" content=\"2025-08-01T11:34:30+00:00\" \/>\n<meta property=\"og:image\" content=\"https:\/\/edyceramic-shop.ro\/wp-content\/uploads\/2024\/09\/111253_lavoar_villeroy_boch_collaro_pe_blat-1-1.jpg\" \/>\n\t<meta property=\"og:image:width\" content=\"800\" \/>\n\t<meta property=\"og:image:height\" content=\"800\" \/>\n\t<meta property=\"og:image:type\" content=\"image\/jpeg\" \/>\n<meta name=\"twitter:card\" content=\"summary_large_image\" \/>\n<meta name=\"twitter:label1\" content=\"Price\" \/>\n\t<meta name=\"twitter:data1\" content=\"1.338,00&nbsp;lei\" \/>\n\t<meta name=\"twitter:label2\" content=\"Availability\" \/>\n\t<meta name=\"twitter:data2\" content=\"In stock\" \/>\n<script type=\"application\/ld+json\" class=\"yoast-schema-graph\">{\"@context\":\"https:\/\/schema.org\",\"@graph\":[{\"@type\":\"WebPage\",\"@id\":\"https:\/\/edyceramic-shop.ro\/produs\/lavoar-pe-blat-rotund-alb-collaro-villeroyboch-4a184001\/\",\"url\":\"https:\/\/edyceramic-shop.ro\/produs\/lavoar-pe-blat-rotund-alb-collaro-villeroyboch-4a184001\/\",\"name\":\"LAVOAR PE BLAT ROTUND, ALB COLLARO VILLEROY&BOCH 4A184001 - Edyceramic - magazin online\",\"isPartOf\":{\"@id\":\"https:\/\/edyceramic-shop.ro\/ro\/#website\"},\"datePublished\":\"2024-09-22T19:23:27+00:00\",\"dateModified\":\"2025-08-01T11:34:30+00:00\",\"breadcrumb\":{\"@id\":\"https:\/\/edyceramic-shop.ro\/produs\/lavoar-pe-blat-rotund-alb-collaro-villeroyboch-4a184001\/#breadcrumb\"},\"inLanguage\":\"en-US\",\"potentialAction\":[{\"@type\":\"ReadAction\",\"target\":[\"https:\/\/edyceramic-shop.ro\/produs\/lavoar-pe-blat-rotund-alb-collaro-villeroyboch-4a184001\/\"]}]},{\"@type\":\"BreadcrumbList\",\"@id\":\"https:\/\/edyceramic-shop.ro\/produs\/lavoar-pe-blat-rotund-alb-collaro-villeroyboch-4a184001\/#breadcrumb\",\"itemListElement\":[{\"@type\":\"ListItem\",\"position\":1,\"name\":\"Home\",\"item\":\"https:\/\/edyceramic-shop.ro\/\"},{\"@type\":\"ListItem\",\"position\":2,\"name\":\"Shop\",\"item\":\"https:\/\/edyceramic-shop.ro\/ro\/shop\/\"},{\"@type\":\"ListItem\",\"position\":3,\"name\":\"LAVOAR PE BLAT ROTUND, ALB COLLARO VILLEROY&#038;BOCH 4A184001\"}]},{\"@type\":\"WebSite\",\"@id\":\"https:\/\/edyceramic-shop.ro\/ro\/#website\",\"url\":\"https:\/\/edyceramic-shop.ro\/ro\/\",\"name\":\"edyceramic.ro\",\"description\":\"\",\"publisher\":{\"@id\":\"https:\/\/edyceramic-shop.ro\/ro\/#organization\"},\"potentialAction\":[{\"@type\":\"SearchAction\",\"target\":{\"@type\":\"EntryPoint\",\"urlTemplate\":\"https:\/\/edyceramic-shop.ro\/ro\/?s={search_term_string}\"},\"query-input\":\"required name=search_term_string\"}],\"inLanguage\":\"en-US\"},{\"@type\":\"Organization\",\"@id\":\"https:\/\/edyceramic-shop.ro\/ro\/#organization\",\"name\":\"Edyceramic\",\"url\":\"https:\/\/edyceramic-shop.ro\/ro\/\",\"logo\":{\"@type\":\"ImageObject\",\"inLanguage\":\"en-US\",\"@id\":\"https:\/\/edyceramic-shop.ro\/ro\/#\/schema\/logo\/image\/\",\"url\":\"https:\/\/edyceramic-shop.ro\/wp-content\/uploads\/2024\/02\/Logo-EdyCeramic_2021-lung.png\",\"contentUrl\":\"https:\/\/edyceramic-shop.ro\/wp-content\/uploads\/2024\/02\/Logo-EdyCeramic_2021-lung.png\",\"width\":4491,\"height\":769,\"caption\":\"Edyceramic\"},\"image\":{\"@id\":\"https:\/\/edyceramic-shop.ro\/ro\/#\/schema\/logo\/image\/\"}}]}<\/script>\n<meta property=\"product:price:amount\" content=\"1338.00\" \/>\n<meta property=\"product:price:currency\" content=\"RON\" \/>\n<meta property=\"og:availability\" content=\"instock\" \/>\n<meta property=\"product:availability\" content=\"instock\" \/>\n<meta property=\"product:retailer_item_id\" content=\"091a4e8a1ffd\" \/>\n<meta property=\"product:condition\" content=\"new\" \/>\n<!-- \/ Yoast SEO Premium plugin. -->","yoast_head_json":{"title":"LAVOAR PE BLAT ROTUND, ALB COLLARO VILLEROY&BOCH 4A184001 - Edyceramic - magazin online","robots":{"index":"index","follow":"follow","max-snippet":"max-snippet:-1","max-image-preview":"max-image-preview:large","max-video-preview":"max-video-preview:-1"},"canonical":"https:\/\/edyceramic-shop.ro\/en\/product\/lavoar-pe-blat-rotund-alb-collaro-villeroyboch-4a184001\/","og_locale":"en_US","og_type":"article","og_title":"LAVOAR PE BLAT ROTUND, ALB COLLARO VILLEROY&BOCH 4A184001","og_description":"Lavoar rotund pe blat material: ceramic\u0103 TitanCeram, vezi explicarea termenilor diametru: 40 cm fara orificiu de preaplin si baterie culoare:","og_url":"https:\/\/edyceramic-shop.ro\/en\/product\/lavoar-pe-blat-rotund-alb-collaro-villeroyboch-4a184001\/","og_site_name":"Edyceramic - magazin online","article_modified_time":"2025-08-01T11:34:30+00:00","og_image":[{"width":800,"height":800,"url":"https:\/\/edyceramic-shop.ro\/wp-content\/uploads\/2024\/09\/111253_lavoar_villeroy_boch_collaro_pe_blat-1-1.jpg","type":"image\/jpeg"}],"twitter_card":"summary_large_image","twitter_misc":{"Price":"1.338,00&nbsp;lei","Availability":"In stock"},"schema":{"@context":"https:\/\/schema.org","@graph":[{"@type":"WebPage","@id":"https:\/\/edyceramic-shop.ro\/produs\/lavoar-pe-blat-rotund-alb-collaro-villeroyboch-4a184001\/","url":"https:\/\/edyceramic-shop.ro\/produs\/lavoar-pe-blat-rotund-alb-collaro-villeroyboch-4a184001\/","name":"LAVOAR PE BLAT ROTUND, ALB COLLARO VILLEROY&BOCH 4A184001 - Edyceramic - magazin online","isPartOf":{"@id":"https:\/\/edyceramic-shop.ro\/ro\/#website"},"datePublished":"2024-09-22T19:23:27+00:00","dateModified":"2025-08-01T11:34:30+00:00","breadcrumb":{"@id":"https:\/\/edyceramic-shop.ro\/produs\/lavoar-pe-blat-rotund-alb-collaro-villeroyboch-4a184001\/#breadcrumb"},"inLanguage":"en-US","potentialAction":[{"@type":"ReadAction","target":["https:\/\/edyceramic-shop.ro\/produs\/lavoar-pe-blat-rotund-alb-collaro-villeroyboch-4a184001\/"]}]},{"@type":"BreadcrumbList","@id":"https:\/\/edyceramic-shop.ro\/produs\/lavoar-pe-blat-rotund-alb-collaro-villeroyboch-4a184001\/#breadcrumb","itemListElement":[{"@type":"ListItem","position":1,"name":"Home","item":"https:\/\/edyceramic-shop.ro\/"},{"@type":"ListItem","position":2,"name":"Shop","item":"https:\/\/edyceramic-shop.ro\/ro\/shop\/"},{"@type":"ListItem","position":3,"name":"LAVOAR PE BLAT ROTUND, ALB COLLARO VILLEROY&#038;BOCH 4A184001"}]},{"@type":"WebSite","@id":"https:\/\/edyceramic-shop.ro\/ro\/#website","url":"https:\/\/edyceramic-shop.ro\/ro\/","name":"edyceramic.ro","description":"","publisher":{"@id":"https:\/\/edyceramic-shop.ro\/ro\/#organization"},"potentialAction":[{"@type":"SearchAction","target":{"@type":"EntryPoint","urlTemplate":"https:\/\/edyceramic-shop.ro\/ro\/?s={search_term_string}"},"query-input":"required name=search_term_string"}],"inLanguage":"en-US"},{"@type":"Organization","@id":"https:\/\/edyceramic-shop.ro\/ro\/#organization","name":"Edyceramic","url":"https:\/\/edyceramic-shop.ro\/ro\/","logo":{"@type":"ImageObject","inLanguage":"en-US","@id":"https:\/\/edyceramic-shop.ro\/ro\/#\/schema\/logo\/image\/","url":"https:\/\/edyceramic-shop.ro\/wp-content\/uploads\/2024\/02\/Logo-EdyCeramic_2021-lung.png","contentUrl":"https:\/\/edyceramic-shop.ro\/wp-content\/uploads\/2024\/02\/Logo-EdyCeramic_2021-lung.png","width":4491,"height":769,"caption":"Edyceramic"},"image":{"@id":"https:\/\/edyceramic-shop.ro\/ro\/#\/schema\/logo\/image\/"}}]},"product_price_amount":"1338.00","product_price_currency":"RON","og_availability":"instock","product_availability":"instock","product_retailer_item_id":"091a4e8a1ffd","product_condition":"new"},"jetpack_sharing_enabled":true,"_links":{"self":[{"href":"https:\/\/edyceramic-shop.ro\/en\/wp-json\/wp\/v2\/product\/13407","targetHints":{"allow":["GET"]}}],"collection":[{"href":"https:\/\/edyceramic-shop.ro\/en\/wp-json\/wp\/v2\/product"}],"about":[{"href":"https:\/\/edyceramic-shop.ro\/en\/wp-json\/wp\/v2\/types\/product"}],"version-history":[{"count":1,"href":"https:\/\/edyceramic-shop.ro\/en\/wp-json\/wp\/v2\/product\/13407\/revisions"}],"predecessor-version":[{"id":13408,"href":"https:\/\/edyceramic-shop.ro\/en\/wp-json\/wp\/v2\/product\/13407\/revisions\/13408"}],"wp:featuredmedia":[{"embeddable":true,"href":"https:\/\/edyceramic-shop.ro\/en\/wp-json\/wp\/v2\/media\/15051"}],"wp:attachment":[{"href":"https:\/\/edyceramic-shop.ro\/en\/wp-json\/wp\/v2\/media?parent=13407"}],"wp:term":[{"taxonomy":"product_brand","embeddable":true,"href":"https:\/\/edyceramic-shop.ro\/en\/wp-json\/wp\/v2\/product_brand?post=13407"},{"taxonomy":"product_cat","embeddable":true,"href":"https:\/\/edyceramic-shop.ro\/en\/wp-json\/wp\/v2\/product_cat?post=13407"},{"taxonomy":"product_tag","embeddable":true,"href":"https:\/\/edyceramic-shop.ro\/en\/wp-json\/wp\/v2\/product_tag?post=13407"}],"curies":[{"name":"wp","href":"https:\/\/api.w.org\/{rel}","templated":true}]}}