{"id":13237,"date":"2024-09-22T19:22:11","date_gmt":"2024-09-22T19:22:11","guid":{"rendered":"https:\/\/edyceramic-shop.ro\/product\/lavoar-pe-blat-rotund-alb-villeroyboch-5a254501\/"},"modified":"2025-08-01T13:34:25","modified_gmt":"2025-08-01T11:34:25","slug":"lavoar-pe-blat-rotund-alb-villeroyboch-5a254501","status":"publish","type":"product","link":"https:\/\/edyceramic-shop.ro\/en\/product\/lavoar-pe-blat-rotund-alb-villeroyboch-5a254501\/","title":{"rendered":"LAVOAR PE BLAT ROTUND, ALB VILLEROY&#038;BOCH 5A254501"},"content":{"rendered":"<p>Lavoarul pe blat rotund Architectura de la Villeroy &#038; Boch este fabricat din ceramic\u0103 sanitar\u0103, un material rezistent \u0219i durabil, care este u\u0219or de cur\u0103\u021bat \u0219i \u00eentre\u021binut. Culoarea alb\u0103 (White Alpin) este una clasic\u0103, care se potrive\u0219te oric\u0103rui stil de baie. Finisajul lucios confer\u0103 lavoarului un aspect elegant \u0219i modern.<\/p>\n<p>lavoar pe blat, rotund, f\u0103r\u0103 orificiu pentru baterie, cu orificiu de preaplin<br \/>\nmaterial: ceramic\u0103 sanitar\u0103<br \/>\nculoare: alb (White Alpin, conform nomenclatorului Villeroy &#038; Boch)<br \/>\nfinisaj: lucios<br \/>\ndimensiuni: 45 x 15,5 cm (diametru x \u00een\u0103l\u021bime)<br \/>\ngreutate: 12,3 kg<br \/>\nlavoarul se monteaz\u0103 fie pe un blat din marmur\u0103, travertin, MDF, fie pe un mobilier care in partea de sus se inchide cu un blat<br \/>\nse recomand\u0103 baterie stativ\u0103 sau de perete, vezi produse asociate<br \/>\nventilul cu capac ceramic se comand\u0103 separat,  vezi produse asociate<br \/>\nin cazul alimentarii de la o baterie de perete, alegeti pipa bateriei in conformitate cu distanta dintre ventilul lavoarului fata de perete<br \/>\nVilleroy &#038; Boch este un brand premium interna\u021bional de stil de via\u021b\u0103. Companie produc\u0103toare de ceramic\u0103 \u00ee\u0219i concentreaz\u0103 aten\u021bia pe inova\u021bie, calitate si design la cel mai \u00eenalt nivel. Pe site-ul nostru vei g\u0103si mobilier de baie, lavoare, vas wc, bideuri, c\u0103zi si instala\u021bii.<\/p>","protected":false},"excerpt":{"rendered":"<p>Lavoarul pe blat rotund Architectura de la Villeroy &#038; Boch este fabricat din ceramic\u0103 sanitar\u0103, un material rezistent \u0219i durabil,<\/p>","protected":false},"featured_media":14959,"template":"","meta":[],"product_brand":[],"product_cat":[385,384],"product_tag":[],"class_list":{"0":"post-13237","1":"product","2":"type-product","3":"status-publish","4":"has-post-thumbnail","6":"product_cat-dulapuri-si-boluri","7":"product_cat-mobilier-baie","8":"pa_colectie-arhitectura","9":"pa_culoare-alb","10":"pa_dimensiune-45cm","11":"pa_fabrica-villeroyboch","12":"pa_material-ceramica","14":"first","15":"instock","16":"purchasable","17":"product-type-simple"},"yoast_head":"<!-- This site is optimized with the Yoast SEO Premium plugin v21.6 (Yoast SEO v22.1) - https:\/\/yoast.com\/wordpress\/plugins\/seo\/ -->\n<title>LAVOAR PE BLAT ROTUND, ALB VILLEROY&amp;BOCH 5A254501 - Edyceramic - magazin online<\/title>\n<meta name=\"robots\" content=\"index, follow, max-snippet:-1, max-image-preview:large, max-video-preview:-1\" \/>\n<link rel=\"canonical\" href=\"https:\/\/edyceramic-shop.ro\/en\/product\/lavoar-pe-blat-rotund-alb-villeroyboch-5a254501\/\" \/>\n<meta property=\"og:locale\" content=\"en_US\" \/>\n<meta property=\"og:type\" content=\"article\" \/>\n<meta property=\"og:title\" content=\"LAVOAR PE BLAT ROTUND, ALB VILLEROY&amp;BOCH 5A254501\" \/>\n<meta property=\"og:description\" content=\"Lavoarul pe blat rotund Architectura de la Villeroy &#038; Boch este fabricat din ceramic\u0103 sanitar\u0103, un material rezistent \u0219i durabil,\" \/>\n<meta property=\"og:url\" content=\"https:\/\/edyceramic-shop.ro\/en\/product\/lavoar-pe-blat-rotund-alb-villeroyboch-5a254501\/\" \/>\n<meta property=\"og:site_name\" content=\"Edyceramic - magazin online\" \/>\n<meta property=\"article:modified_time\" content=\"2025-08-01T11:34:25+00:00\" \/>\n<meta property=\"og:image\" content=\"https:\/\/edyceramic-shop.ro\/wp-content\/uploads\/2024\/09\/lavoar-pe-blat-villeroyboch-arhitectura-45cm-prealpin-1-1.jpg\" \/>\n\t<meta property=\"og:image:width\" content=\"800\" \/>\n\t<meta property=\"og:image:height\" content=\"800\" \/>\n\t<meta property=\"og:image:type\" content=\"image\/jpeg\" \/>\n<meta name=\"twitter:card\" content=\"summary_large_image\" \/>\n<meta name=\"twitter:label1\" content=\"Price\" \/>\n\t<meta name=\"twitter:data1\" content=\"1.385,00&nbsp;lei\" \/>\n\t<meta name=\"twitter:label2\" content=\"Availability\" \/>\n\t<meta name=\"twitter:data2\" content=\"In stock\" \/>\n<script type=\"application\/ld+json\" class=\"yoast-schema-graph\">{\"@context\":\"https:\/\/schema.org\",\"@graph\":[{\"@type\":\"WebPage\",\"@id\":\"https:\/\/edyceramic-shop.ro\/produs\/lavoar-pe-blat-rotund-alb-villeroyboch-5a254501\/\",\"url\":\"https:\/\/edyceramic-shop.ro\/produs\/lavoar-pe-blat-rotund-alb-villeroyboch-5a254501\/\",\"name\":\"LAVOAR PE BLAT ROTUND, ALB VILLEROY&BOCH 5A254501 - Edyceramic - magazin online\",\"isPartOf\":{\"@id\":\"https:\/\/edyceramic-shop.ro\/ro\/#website\"},\"datePublished\":\"2024-09-22T19:22:11+00:00\",\"dateModified\":\"2025-08-01T11:34:25+00:00\",\"breadcrumb\":{\"@id\":\"https:\/\/edyceramic-shop.ro\/produs\/lavoar-pe-blat-rotund-alb-villeroyboch-5a254501\/#breadcrumb\"},\"inLanguage\":\"en-US\",\"potentialAction\":[{\"@type\":\"ReadAction\",\"target\":[\"https:\/\/edyceramic-shop.ro\/produs\/lavoar-pe-blat-rotund-alb-villeroyboch-5a254501\/\"]}]},{\"@type\":\"BreadcrumbList\",\"@id\":\"https:\/\/edyceramic-shop.ro\/produs\/lavoar-pe-blat-rotund-alb-villeroyboch-5a254501\/#breadcrumb\",\"itemListElement\":[{\"@type\":\"ListItem\",\"position\":1,\"name\":\"Home\",\"item\":\"https:\/\/edyceramic-shop.ro\/\"},{\"@type\":\"ListItem\",\"position\":2,\"name\":\"Shop\",\"item\":\"https:\/\/edyceramic-shop.ro\/ro\/shop\/\"},{\"@type\":\"ListItem\",\"position\":3,\"name\":\"LAVOAR PE BLAT ROTUND, ALB VILLEROY&#038;BOCH 5A254501\"}]},{\"@type\":\"WebSite\",\"@id\":\"https:\/\/edyceramic-shop.ro\/ro\/#website\",\"url\":\"https:\/\/edyceramic-shop.ro\/ro\/\",\"name\":\"edyceramic.ro\",\"description\":\"\",\"publisher\":{\"@id\":\"https:\/\/edyceramic-shop.ro\/ro\/#organization\"},\"potentialAction\":[{\"@type\":\"SearchAction\",\"target\":{\"@type\":\"EntryPoint\",\"urlTemplate\":\"https:\/\/edyceramic-shop.ro\/ro\/?s={search_term_string}\"},\"query-input\":\"required name=search_term_string\"}],\"inLanguage\":\"en-US\"},{\"@type\":\"Organization\",\"@id\":\"https:\/\/edyceramic-shop.ro\/ro\/#organization\",\"name\":\"Edyceramic\",\"url\":\"https:\/\/edyceramic-shop.ro\/ro\/\",\"logo\":{\"@type\":\"ImageObject\",\"inLanguage\":\"en-US\",\"@id\":\"https:\/\/edyceramic-shop.ro\/ro\/#\/schema\/logo\/image\/\",\"url\":\"https:\/\/edyceramic-shop.ro\/wp-content\/uploads\/2024\/02\/Logo-EdyCeramic_2021-lung.png\",\"contentUrl\":\"https:\/\/edyceramic-shop.ro\/wp-content\/uploads\/2024\/02\/Logo-EdyCeramic_2021-lung.png\",\"width\":4491,\"height\":769,\"caption\":\"Edyceramic\"},\"image\":{\"@id\":\"https:\/\/edyceramic-shop.ro\/ro\/#\/schema\/logo\/image\/\"}}]}<\/script>\n<meta property=\"product:price:amount\" content=\"1385.00\" \/>\n<meta property=\"product:price:currency\" content=\"RON\" \/>\n<meta property=\"og:availability\" content=\"instock\" \/>\n<meta property=\"product:availability\" content=\"instock\" \/>\n<meta property=\"product:retailer_item_id\" content=\"79e88f742d38\" \/>\n<meta property=\"product:condition\" content=\"new\" \/>\n<!-- \/ Yoast SEO Premium plugin. -->","yoast_head_json":{"title":"LAVOAR PE BLAT ROTUND, ALB VILLEROY&BOCH 5A254501 - Edyceramic - magazin online","robots":{"index":"index","follow":"follow","max-snippet":"max-snippet:-1","max-image-preview":"max-image-preview:large","max-video-preview":"max-video-preview:-1"},"canonical":"https:\/\/edyceramic-shop.ro\/en\/product\/lavoar-pe-blat-rotund-alb-villeroyboch-5a254501\/","og_locale":"en_US","og_type":"article","og_title":"LAVOAR PE BLAT ROTUND, ALB VILLEROY&BOCH 5A254501","og_description":"Lavoarul pe blat rotund Architectura de la Villeroy &#038; Boch este fabricat din ceramic\u0103 sanitar\u0103, un material rezistent \u0219i durabil,","og_url":"https:\/\/edyceramic-shop.ro\/en\/product\/lavoar-pe-blat-rotund-alb-villeroyboch-5a254501\/","og_site_name":"Edyceramic - magazin online","article_modified_time":"2025-08-01T11:34:25+00:00","og_image":[{"width":800,"height":800,"url":"https:\/\/edyceramic-shop.ro\/wp-content\/uploads\/2024\/09\/lavoar-pe-blat-villeroyboch-arhitectura-45cm-prealpin-1-1.jpg","type":"image\/jpeg"}],"twitter_card":"summary_large_image","twitter_misc":{"Price":"1.385,00&nbsp;lei","Availability":"In stock"},"schema":{"@context":"https:\/\/schema.org","@graph":[{"@type":"WebPage","@id":"https:\/\/edyceramic-shop.ro\/produs\/lavoar-pe-blat-rotund-alb-villeroyboch-5a254501\/","url":"https:\/\/edyceramic-shop.ro\/produs\/lavoar-pe-blat-rotund-alb-villeroyboch-5a254501\/","name":"LAVOAR PE BLAT ROTUND, ALB VILLEROY&BOCH 5A254501 - Edyceramic - magazin online","isPartOf":{"@id":"https:\/\/edyceramic-shop.ro\/ro\/#website"},"datePublished":"2024-09-22T19:22:11+00:00","dateModified":"2025-08-01T11:34:25+00:00","breadcrumb":{"@id":"https:\/\/edyceramic-shop.ro\/produs\/lavoar-pe-blat-rotund-alb-villeroyboch-5a254501\/#breadcrumb"},"inLanguage":"en-US","potentialAction":[{"@type":"ReadAction","target":["https:\/\/edyceramic-shop.ro\/produs\/lavoar-pe-blat-rotund-alb-villeroyboch-5a254501\/"]}]},{"@type":"BreadcrumbList","@id":"https:\/\/edyceramic-shop.ro\/produs\/lavoar-pe-blat-rotund-alb-villeroyboch-5a254501\/#breadcrumb","itemListElement":[{"@type":"ListItem","position":1,"name":"Home","item":"https:\/\/edyceramic-shop.ro\/"},{"@type":"ListItem","position":2,"name":"Shop","item":"https:\/\/edyceramic-shop.ro\/ro\/shop\/"},{"@type":"ListItem","position":3,"name":"LAVOAR PE BLAT ROTUND, ALB VILLEROY&#038;BOCH 5A254501"}]},{"@type":"WebSite","@id":"https:\/\/edyceramic-shop.ro\/ro\/#website","url":"https:\/\/edyceramic-shop.ro\/ro\/","name":"edyceramic.ro","description":"","publisher":{"@id":"https:\/\/edyceramic-shop.ro\/ro\/#organization"},"potentialAction":[{"@type":"SearchAction","target":{"@type":"EntryPoint","urlTemplate":"https:\/\/edyceramic-shop.ro\/ro\/?s={search_term_string}"},"query-input":"required name=search_term_string"}],"inLanguage":"en-US"},{"@type":"Organization","@id":"https:\/\/edyceramic-shop.ro\/ro\/#organization","name":"Edyceramic","url":"https:\/\/edyceramic-shop.ro\/ro\/","logo":{"@type":"ImageObject","inLanguage":"en-US","@id":"https:\/\/edyceramic-shop.ro\/ro\/#\/schema\/logo\/image\/","url":"https:\/\/edyceramic-shop.ro\/wp-content\/uploads\/2024\/02\/Logo-EdyCeramic_2021-lung.png","contentUrl":"https:\/\/edyceramic-shop.ro\/wp-content\/uploads\/2024\/02\/Logo-EdyCeramic_2021-lung.png","width":4491,"height":769,"caption":"Edyceramic"},"image":{"@id":"https:\/\/edyceramic-shop.ro\/ro\/#\/schema\/logo\/image\/"}}]},"product_price_amount":"1385.00","product_price_currency":"RON","og_availability":"instock","product_availability":"instock","product_retailer_item_id":"79e88f742d38","product_condition":"new"},"jetpack_sharing_enabled":true,"_links":{"self":[{"href":"https:\/\/edyceramic-shop.ro\/en\/wp-json\/wp\/v2\/product\/13237","targetHints":{"allow":["GET"]}}],"collection":[{"href":"https:\/\/edyceramic-shop.ro\/en\/wp-json\/wp\/v2\/product"}],"about":[{"href":"https:\/\/edyceramic-shop.ro\/en\/wp-json\/wp\/v2\/types\/product"}],"version-history":[{"count":1,"href":"https:\/\/edyceramic-shop.ro\/en\/wp-json\/wp\/v2\/product\/13237\/revisions"}],"predecessor-version":[{"id":13238,"href":"https:\/\/edyceramic-shop.ro\/en\/wp-json\/wp\/v2\/product\/13237\/revisions\/13238"}],"wp:featuredmedia":[{"embeddable":true,"href":"https:\/\/edyceramic-shop.ro\/en\/wp-json\/wp\/v2\/media\/14959"}],"wp:attachment":[{"href":"https:\/\/edyceramic-shop.ro\/en\/wp-json\/wp\/v2\/media?parent=13237"}],"wp:term":[{"taxonomy":"product_brand","embeddable":true,"href":"https:\/\/edyceramic-shop.ro\/en\/wp-json\/wp\/v2\/product_brand?post=13237"},{"taxonomy":"product_cat","embeddable":true,"href":"https:\/\/edyceramic-shop.ro\/en\/wp-json\/wp\/v2\/product_cat?post=13237"},{"taxonomy":"product_tag","embeddable":true,"href":"https:\/\/edyceramic-shop.ro\/en\/wp-json\/wp\/v2\/product_tag?post=13237"}],"curies":[{"name":"wp","href":"https:\/\/api.w.org\/{rel}","templated":true}]}}