{"id":10633,"date":"2024-08-08T11:43:10","date_gmt":"2024-08-08T11:43:10","guid":{"rendered":"https:\/\/edyceramic-shop.ro\/produs\/calacatta-gold-poler-xl\/"},"modified":"2025-08-01T13:33:58","modified_gmt":"2025-08-01T11:33:58","slug":"calacatta-gold-poler-xl","status":"publish","type":"product","link":"https:\/\/edyceramic-shop.ro\/en\/product\/calacatta-gold-poler-xl\/","title":{"rendered":"CALACATTA GOLD POLER XL"},"content":{"rendered":"<p>Pl\u0103cile de gresie de la Cerrad, cu dimensiuni de 120&#215;280 cm, sunt ideale pentru a aduce un design modern \u0219i spectaculos \u00een orice spa\u021biu, fie c\u0103 este vorba de interior sau exterior. Fiecare cutie con\u021bine 1 plac\u0103, acoperind o suprafa\u021b\u0103 total\u0103 de 3.36 m\u00b2, perfect\u0103 pentru proiecte de amenajare de mare amploare.<\/p>\n<p>Cu un finisaj lucios, aceste pl\u0103ci ofer\u0103 un aspect sofisticat \u0219i elegant, reflect\u00e2nd lumina pentru a crea un efect vizual impresionant. Pl\u0103cile sunt rectificate, asigur\u00e2nd o montare precis\u0103 \u0219i uniform\u0103, pentru un rezultat final impecabil. Datorit\u0103 rezisten\u021bei lor la \u00eenghe\u021b, pl\u0103cile sunt durabile \u0219i versatile, potrivite pentru utilizare \u00een diverse condi\u021bii de mediu.<\/p>\n<p>Calitatea superioar\u0103 a acestor pl\u0103ci de gresie garanteaz\u0103 un produs de \u00eenalt\u0103 performan\u021b\u0103, ideal pentru a crea un design continuu \u0219i rafinat \u00een orice spa\u021biu amenajat. Pl\u0103cile de gresie 120&#215;280 cm de la Cerrad adaug\u0103 un plus de stil \u0219i func\u021bionalitate, fiind alegerea perfect\u0103 pentru proiectele tale de amenajare interioar\u0103 \u0219i exterioar\u0103.<\/p>","protected":false},"excerpt":{"rendered":"<p>Pl\u0103cile de gresie de la Cerrad, cu dimensiuni de 120&#215;280 cm, sunt ideale pentru a aduce un design modern \u0219i<\/p>","protected":false},"featured_media":10635,"template":"","meta":[],"product_brand":[],"product_cat":[467,303],"product_tag":[],"class_list":{"0":"post-10633","1":"product","2":"type-product","3":"status-publish","4":"has-post-thumbnail","6":"product_cat-gresie-si-faianta","7":"product_cat-gresie-placi-mari","8":"pa_ambalare-3-36m2-cutie","9":"pa_calitatea-1091","10":"pa_dimensiune-120x280cm","11":"pa_fabrica-cerrad","12":"pa_finisaj-lucios","13":"pa_numar-de-placi-in-pachet-1090","14":"pa_pret-pe-m2-da","15":"pa_rectificat-da","16":"pa_rezistent-la-inghet-da","17":"pa_utilizare-interior-exterior","19":"first","20":"instock","21":"purchasable","22":"product-type-simple"},"yoast_head":"<!-- This site is optimized with the Yoast SEO Premium plugin v21.6 (Yoast SEO v22.1) - https:\/\/yoast.com\/wordpress\/plugins\/seo\/ -->\n<title>CALACATTA GOLD POLER XL - Edyceramic - magazin online<\/title>\n<meta name=\"robots\" content=\"index, follow, max-snippet:-1, max-image-preview:large, max-video-preview:-1\" \/>\n<link rel=\"canonical\" href=\"https:\/\/edyceramic-shop.ro\/en\/product\/calacatta-gold-poler-xl\/\" \/>\n<meta property=\"og:locale\" content=\"en_US\" \/>\n<meta property=\"og:type\" content=\"article\" \/>\n<meta property=\"og:title\" content=\"CALACATTA GOLD POLER XL\" \/>\n<meta property=\"og:description\" content=\"Pl\u0103cile de gresie de la Cerrad, cu dimensiuni de 120&#215;280 cm, sunt ideale pentru a aduce un design modern \u0219i\" \/>\n<meta property=\"og:url\" content=\"https:\/\/edyceramic-shop.ro\/en\/product\/calacatta-gold-poler-xl\/\" \/>\n<meta property=\"og:site_name\" content=\"Edyceramic - magazin online\" \/>\n<meta property=\"article:modified_time\" content=\"2025-08-01T11:33:58+00:00\" \/>\n<meta property=\"og:image\" content=\"https:\/\/edyceramic-shop.ro\/wp-content\/uploads\/2024\/08\/calacatta_gold_120x280_pol-1.jpg\" \/>\n\t<meta property=\"og:image:width\" content=\"768\" \/>\n\t<meta property=\"og:image:height\" content=\"329\" \/>\n\t<meta property=\"og:image:type\" content=\"image\/jpeg\" \/>\n<meta name=\"twitter:card\" content=\"summary_large_image\" \/>\n<meta name=\"twitter:label1\" content=\"Price\" \/>\n\t<meta name=\"twitter:data1\" content=\"426,00&nbsp;lei\" \/>\n\t<meta name=\"twitter:label2\" content=\"Availability\" \/>\n\t<meta name=\"twitter:data2\" content=\"In stock\" \/>\n<script type=\"application\/ld+json\" class=\"yoast-schema-graph\">{\"@context\":\"https:\/\/schema.org\",\"@graph\":[{\"@type\":\"WebPage\",\"@id\":\"https:\/\/edyceramic-shop.ro\/produs\/calacatta-gold-poler-xl\/\",\"url\":\"https:\/\/edyceramic-shop.ro\/produs\/calacatta-gold-poler-xl\/\",\"name\":\"CALACATTA GOLD POLER XL - Edyceramic - magazin online\",\"isPartOf\":{\"@id\":\"https:\/\/edyceramic-shop.ro\/ro\/#website\"},\"datePublished\":\"2024-08-08T11:43:10+00:00\",\"dateModified\":\"2025-08-01T11:33:58+00:00\",\"breadcrumb\":{\"@id\":\"https:\/\/edyceramic-shop.ro\/produs\/calacatta-gold-poler-xl\/#breadcrumb\"},\"inLanguage\":\"en-US\",\"potentialAction\":[{\"@type\":\"ReadAction\",\"target\":[\"https:\/\/edyceramic-shop.ro\/produs\/calacatta-gold-poler-xl\/\"]}]},{\"@type\":\"BreadcrumbList\",\"@id\":\"https:\/\/edyceramic-shop.ro\/produs\/calacatta-gold-poler-xl\/#breadcrumb\",\"itemListElement\":[{\"@type\":\"ListItem\",\"position\":1,\"name\":\"Home\",\"item\":\"https:\/\/edyceramic-shop.ro\/\"},{\"@type\":\"ListItem\",\"position\":2,\"name\":\"Shop\",\"item\":\"https:\/\/edyceramic-shop.ro\/ro\/shop\/\"},{\"@type\":\"ListItem\",\"position\":3,\"name\":\"CALACATTA GOLD POLER XL\"}]},{\"@type\":\"WebSite\",\"@id\":\"https:\/\/edyceramic-shop.ro\/ro\/#website\",\"url\":\"https:\/\/edyceramic-shop.ro\/ro\/\",\"name\":\"edyceramic.ro\",\"description\":\"\",\"publisher\":{\"@id\":\"https:\/\/edyceramic-shop.ro\/ro\/#organization\"},\"potentialAction\":[{\"@type\":\"SearchAction\",\"target\":{\"@type\":\"EntryPoint\",\"urlTemplate\":\"https:\/\/edyceramic-shop.ro\/ro\/?s={search_term_string}\"},\"query-input\":\"required name=search_term_string\"}],\"inLanguage\":\"en-US\"},{\"@type\":\"Organization\",\"@id\":\"https:\/\/edyceramic-shop.ro\/ro\/#organization\",\"name\":\"Edyceramic\",\"url\":\"https:\/\/edyceramic-shop.ro\/ro\/\",\"logo\":{\"@type\":\"ImageObject\",\"inLanguage\":\"en-US\",\"@id\":\"https:\/\/edyceramic-shop.ro\/ro\/#\/schema\/logo\/image\/\",\"url\":\"https:\/\/edyceramic-shop.ro\/wp-content\/uploads\/2024\/02\/Logo-EdyCeramic_2021-lung.png\",\"contentUrl\":\"https:\/\/edyceramic-shop.ro\/wp-content\/uploads\/2024\/02\/Logo-EdyCeramic_2021-lung.png\",\"width\":4491,\"height\":769,\"caption\":\"Edyceramic\"},\"image\":{\"@id\":\"https:\/\/edyceramic-shop.ro\/ro\/#\/schema\/logo\/image\/\"}}]}<\/script>\n<meta property=\"product:price:amount\" content=\"426.00\" \/>\n<meta property=\"product:price:currency\" content=\"RON\" \/>\n<meta property=\"og:availability\" content=\"instock\" \/>\n<meta property=\"product:availability\" content=\"instock\" \/>\n<meta property=\"product:retailer_item_id\" content=\"e0f3484081bb\" \/>\n<meta property=\"product:condition\" content=\"new\" \/>\n<!-- \/ Yoast SEO Premium plugin. -->","yoast_head_json":{"title":"CALACATTA GOLD POLER XL - Edyceramic - magazin online","robots":{"index":"index","follow":"follow","max-snippet":"max-snippet:-1","max-image-preview":"max-image-preview:large","max-video-preview":"max-video-preview:-1"},"canonical":"https:\/\/edyceramic-shop.ro\/en\/product\/calacatta-gold-poler-xl\/","og_locale":"en_US","og_type":"article","og_title":"CALACATTA GOLD POLER XL","og_description":"Pl\u0103cile de gresie de la Cerrad, cu dimensiuni de 120&#215;280 cm, sunt ideale pentru a aduce un design modern \u0219i","og_url":"https:\/\/edyceramic-shop.ro\/en\/product\/calacatta-gold-poler-xl\/","og_site_name":"Edyceramic - magazin online","article_modified_time":"2025-08-01T11:33:58+00:00","og_image":[{"width":768,"height":329,"url":"https:\/\/edyceramic-shop.ro\/wp-content\/uploads\/2024\/08\/calacatta_gold_120x280_pol-1.jpg","type":"image\/jpeg"}],"twitter_card":"summary_large_image","twitter_misc":{"Price":"426,00&nbsp;lei","Availability":"In stock"},"schema":{"@context":"https:\/\/schema.org","@graph":[{"@type":"WebPage","@id":"https:\/\/edyceramic-shop.ro\/produs\/calacatta-gold-poler-xl\/","url":"https:\/\/edyceramic-shop.ro\/produs\/calacatta-gold-poler-xl\/","name":"CALACATTA GOLD POLER XL - Edyceramic - magazin online","isPartOf":{"@id":"https:\/\/edyceramic-shop.ro\/ro\/#website"},"datePublished":"2024-08-08T11:43:10+00:00","dateModified":"2025-08-01T11:33:58+00:00","breadcrumb":{"@id":"https:\/\/edyceramic-shop.ro\/produs\/calacatta-gold-poler-xl\/#breadcrumb"},"inLanguage":"en-US","potentialAction":[{"@type":"ReadAction","target":["https:\/\/edyceramic-shop.ro\/produs\/calacatta-gold-poler-xl\/"]}]},{"@type":"BreadcrumbList","@id":"https:\/\/edyceramic-shop.ro\/produs\/calacatta-gold-poler-xl\/#breadcrumb","itemListElement":[{"@type":"ListItem","position":1,"name":"Home","item":"https:\/\/edyceramic-shop.ro\/"},{"@type":"ListItem","position":2,"name":"Shop","item":"https:\/\/edyceramic-shop.ro\/ro\/shop\/"},{"@type":"ListItem","position":3,"name":"CALACATTA GOLD POLER XL"}]},{"@type":"WebSite","@id":"https:\/\/edyceramic-shop.ro\/ro\/#website","url":"https:\/\/edyceramic-shop.ro\/ro\/","name":"edyceramic.ro","description":"","publisher":{"@id":"https:\/\/edyceramic-shop.ro\/ro\/#organization"},"potentialAction":[{"@type":"SearchAction","target":{"@type":"EntryPoint","urlTemplate":"https:\/\/edyceramic-shop.ro\/ro\/?s={search_term_string}"},"query-input":"required name=search_term_string"}],"inLanguage":"en-US"},{"@type":"Organization","@id":"https:\/\/edyceramic-shop.ro\/ro\/#organization","name":"Edyceramic","url":"https:\/\/edyceramic-shop.ro\/ro\/","logo":{"@type":"ImageObject","inLanguage":"en-US","@id":"https:\/\/edyceramic-shop.ro\/ro\/#\/schema\/logo\/image\/","url":"https:\/\/edyceramic-shop.ro\/wp-content\/uploads\/2024\/02\/Logo-EdyCeramic_2021-lung.png","contentUrl":"https:\/\/edyceramic-shop.ro\/wp-content\/uploads\/2024\/02\/Logo-EdyCeramic_2021-lung.png","width":4491,"height":769,"caption":"Edyceramic"},"image":{"@id":"https:\/\/edyceramic-shop.ro\/ro\/#\/schema\/logo\/image\/"}}]},"product_price_amount":"426.00","product_price_currency":"RON","og_availability":"instock","product_availability":"instock","product_retailer_item_id":"e0f3484081bb","product_condition":"new"},"jetpack_sharing_enabled":true,"_links":{"self":[{"href":"https:\/\/edyceramic-shop.ro\/en\/wp-json\/wp\/v2\/product\/10633","targetHints":{"allow":["GET"]}}],"collection":[{"href":"https:\/\/edyceramic-shop.ro\/en\/wp-json\/wp\/v2\/product"}],"about":[{"href":"https:\/\/edyceramic-shop.ro\/en\/wp-json\/wp\/v2\/types\/product"}],"version-history":[{"count":0,"href":"https:\/\/edyceramic-shop.ro\/en\/wp-json\/wp\/v2\/product\/10633\/revisions"}],"wp:featuredmedia":[{"embeddable":true,"href":"https:\/\/edyceramic-shop.ro\/en\/wp-json\/wp\/v2\/media\/10635"}],"wp:attachment":[{"href":"https:\/\/edyceramic-shop.ro\/en\/wp-json\/wp\/v2\/media?parent=10633"}],"wp:term":[{"taxonomy":"product_brand","embeddable":true,"href":"https:\/\/edyceramic-shop.ro\/en\/wp-json\/wp\/v2\/product_brand?post=10633"},{"taxonomy":"product_cat","embeddable":true,"href":"https:\/\/edyceramic-shop.ro\/en\/wp-json\/wp\/v2\/product_cat?post=10633"},{"taxonomy":"product_tag","embeddable":true,"href":"https:\/\/edyceramic-shop.ro\/en\/wp-json\/wp\/v2\/product_tag?post=10633"}],"curies":[{"name":"wp","href":"https:\/\/api.w.org\/{rel}","templated":true}]}}