{"id":11701,"date":"2024-08-18T08:31:41","date_gmt":"2024-08-18T08:31:41","guid":{"rendered":"https:\/\/edyceramic-shop.ro\/?page_id=11701"},"modified":"2024-08-18T08:31:44","modified_gmt":"2024-08-18T08:31:44","slug":"politica-de-social-media","status":"publish","type":"page","link":"https:\/\/edyceramic-shop.ro\/en\/politica-de-social-media\/","title":{"rendered":"Politica de Social Media"},"content":{"rendered":"<p><strong>Politica de Social Media a SC EDYCERAMIC SRL<\/strong><\/p>\n\n\n\n<p>Aceast\u0103 politic\u0103 descrie modul \u00een care SC EDYCERAMIC SRL interac\u021bioneaz\u0103 cu utilizatorii pe platformele sociale \u0219i stabile\u0219te reguli de conduit\u0103 pentru a men\u021bine un mediu respectuos \u0219i sigur pe canalele noastre de social media.<\/p>\n\n\n\n<h4 class=\"wp-block-heading\" id=\"h-prezen\u021ba-noastra-pe-social-media\"><strong>Prezen\u021ba noastr\u0103 pe social media<\/strong><\/h4>\n\n\n\n<p>SC EDYCERAMIC SRL este activ\u0103 pe urm\u0103toarele platforme:<\/p>\n\n\n\n<ul class=\"wp-block-list\">\n<li><a href=\"https:\/\/www.facebook.com\/edyceramic\/\">Facebook<\/a><\/li>\n\n\n\n<li><a href=\"https:\/\/www.instagram.com\/edyceramic\/\">Instagram<\/a><\/li>\n\n\n\n<li><a href=\"https:\/\/www.tiktok.com\/@edyceramic\">TikTok<\/a><\/li>\n<\/ul>\n\n\n\n<h4 class=\"wp-block-heading\" id=\"h-interac\u021biune-\u0219i-comentarii\"><strong>Interac\u021biune \u0219i comentarii<\/strong><\/h4>\n\n\n\n<p>Ne \u00eencuraj\u0103m clien\u021bii s\u0103 interac\u021bioneze cu noi pe platformele sociale, s\u0103 ne trimit\u0103 feedback \u0219i s\u0103 participe la discu\u021biile noastre. Cu toate acestea, pentru a men\u021bine o comunitate sigur\u0103 \u0219i pozitiv\u0103, ne rezerv\u0103m dreptul de a modera \u0219i \u0219terge orice con\u021binut ofensator, spam sau comentarii care \u00eencalc\u0103 normele sociale.<\/p>\n\n\n\n<h4 class=\"wp-block-heading\" id=\"h-protec\u021bia-datelor-pe-platformele-sociale\"><strong>Protec\u021bia datelor pe platformele sociale<\/strong><\/h4>\n\n\n\n<p>SC EDYCERAMIC SRL respect\u0103 politica de confiden\u021bialitate a fiec\u0103rei platforme de social media. Datele personale colectate prin intermediul acestor platforme vor fi utilizate exclusiv pentru interac\u021biunea cu utilizatorii \u0219i promovarea produselor noastre.<\/p>","protected":false},"excerpt":{"rendered":"<p>Politica de Social Media a SC EDYCERAMIC SRL Aceast\u0103 politic\u0103 descrie modul \u00een care SC EDYCERAMIC SRL interac\u021bioneaz\u0103 cu utilizatorii<\/p>","protected":false},"author":1,"featured_media":0,"parent":0,"menu_order":0,"comment_status":"closed","ping_status":"closed","template":"","meta":{"footnotes":""},"class_list":["post-11701","page","type-page","status-publish","hentry"],"yoast_head":"<!-- This site is optimized with the Yoast SEO Premium plugin v21.6 (Yoast SEO v22.1) - https:\/\/yoast.com\/wordpress\/plugins\/seo\/ -->\n<title>Politica de Social Media - Edyceramic - magazin online<\/title>\n<meta name=\"robots\" content=\"index, follow, max-snippet:-1, max-image-preview:large, max-video-preview:-1\" \/>\n<link rel=\"canonical\" href=\"https:\/\/edyceramic-shop.ro\/en\/politica-de-social-media\/\" \/>\n<meta property=\"og:locale\" content=\"en_US\" \/>\n<meta property=\"og:type\" content=\"article\" \/>\n<meta property=\"og:title\" content=\"Politica de Social Media\" \/>\n<meta property=\"og:description\" content=\"Politica de Social Media a SC EDYCERAMIC SRL Aceast\u0103 politic\u0103 descrie modul \u00een care SC EDYCERAMIC SRL interac\u021bioneaz\u0103 cu utilizatorii\" \/>\n<meta property=\"og:url\" content=\"https:\/\/edyceramic-shop.ro\/en\/politica-de-social-media\/\" \/>\n<meta property=\"og:site_name\" content=\"Edyceramic - magazin online\" \/>\n<meta property=\"article:modified_time\" content=\"2024-08-18T08:31:44+00:00\" \/>\n<meta name=\"twitter:card\" content=\"summary_large_image\" \/>\n<meta name=\"twitter:label1\" content=\"Est. reading time\" \/>\n\t<meta name=\"twitter:data1\" content=\"1 minute\" \/>\n<script type=\"application\/ld+json\" class=\"yoast-schema-graph\">{\"@context\":\"https:\/\/schema.org\",\"@graph\":[{\"@type\":\"WebPage\",\"@id\":\"https:\/\/edyceramic-shop.ro\/politica-de-social-media\/\",\"url\":\"https:\/\/edyceramic-shop.ro\/politica-de-social-media\/\",\"name\":\"Politica de Social Media - Edyceramic - magazin online\",\"isPartOf\":{\"@id\":\"https:\/\/edyceramic-shop.ro\/ro\/#website\"},\"datePublished\":\"2024-08-18T08:31:41+00:00\",\"dateModified\":\"2024-08-18T08:31:44+00:00\",\"breadcrumb\":{\"@id\":\"https:\/\/edyceramic-shop.ro\/politica-de-social-media\/#breadcrumb\"},\"inLanguage\":\"en-US\",\"potentialAction\":[{\"@type\":\"ReadAction\",\"target\":[\"https:\/\/edyceramic-shop.ro\/politica-de-social-media\/\"]}]},{\"@type\":\"BreadcrumbList\",\"@id\":\"https:\/\/edyceramic-shop.ro\/politica-de-social-media\/#breadcrumb\",\"itemListElement\":[{\"@type\":\"ListItem\",\"position\":1,\"name\":\"Home\",\"item\":\"https:\/\/edyceramic-shop.ro\/\"},{\"@type\":\"ListItem\",\"position\":2,\"name\":\"Politica de Social Media\"}]},{\"@type\":\"WebSite\",\"@id\":\"https:\/\/edyceramic-shop.ro\/ro\/#website\",\"url\":\"https:\/\/edyceramic-shop.ro\/ro\/\",\"name\":\"edyceramic.ro\",\"description\":\"\",\"publisher\":{\"@id\":\"https:\/\/edyceramic-shop.ro\/ro\/#organization\"},\"potentialAction\":[{\"@type\":\"SearchAction\",\"target\":{\"@type\":\"EntryPoint\",\"urlTemplate\":\"https:\/\/edyceramic-shop.ro\/ro\/?s={search_term_string}\"},\"query-input\":\"required name=search_term_string\"}],\"inLanguage\":\"en-US\"},{\"@type\":\"Organization\",\"@id\":\"https:\/\/edyceramic-shop.ro\/ro\/#organization\",\"name\":\"Edyceramic\",\"url\":\"https:\/\/edyceramic-shop.ro\/ro\/\",\"logo\":{\"@type\":\"ImageObject\",\"inLanguage\":\"en-US\",\"@id\":\"https:\/\/edyceramic-shop.ro\/ro\/#\/schema\/logo\/image\/\",\"url\":\"https:\/\/edyceramic-shop.ro\/wp-content\/uploads\/2024\/02\/Logo-EdyCeramic_2021-lung.png\",\"contentUrl\":\"https:\/\/edyceramic-shop.ro\/wp-content\/uploads\/2024\/02\/Logo-EdyCeramic_2021-lung.png\",\"width\":4491,\"height\":769,\"caption\":\"Edyceramic\"},\"image\":{\"@id\":\"https:\/\/edyceramic-shop.ro\/ro\/#\/schema\/logo\/image\/\"}}]}<\/script>\n<!-- \/ Yoast SEO Premium plugin. -->","yoast_head_json":{"title":"Politica de Social Media - Edyceramic - magazin online","robots":{"index":"index","follow":"follow","max-snippet":"max-snippet:-1","max-image-preview":"max-image-preview:large","max-video-preview":"max-video-preview:-1"},"canonical":"https:\/\/edyceramic-shop.ro\/en\/politica-de-social-media\/","og_locale":"en_US","og_type":"article","og_title":"Politica de Social Media","og_description":"Politica de Social Media a SC EDYCERAMIC SRL Aceast\u0103 politic\u0103 descrie modul \u00een care SC EDYCERAMIC SRL interac\u021bioneaz\u0103 cu utilizatorii","og_url":"https:\/\/edyceramic-shop.ro\/en\/politica-de-social-media\/","og_site_name":"Edyceramic - magazin online","article_modified_time":"2024-08-18T08:31:44+00:00","twitter_card":"summary_large_image","twitter_misc":{"Est. reading time":"1 minute"},"schema":{"@context":"https:\/\/schema.org","@graph":[{"@type":"WebPage","@id":"https:\/\/edyceramic-shop.ro\/politica-de-social-media\/","url":"https:\/\/edyceramic-shop.ro\/politica-de-social-media\/","name":"Politica de Social Media - Edyceramic - magazin online","isPartOf":{"@id":"https:\/\/edyceramic-shop.ro\/ro\/#website"},"datePublished":"2024-08-18T08:31:41+00:00","dateModified":"2024-08-18T08:31:44+00:00","breadcrumb":{"@id":"https:\/\/edyceramic-shop.ro\/politica-de-social-media\/#breadcrumb"},"inLanguage":"en-US","potentialAction":[{"@type":"ReadAction","target":["https:\/\/edyceramic-shop.ro\/politica-de-social-media\/"]}]},{"@type":"BreadcrumbList","@id":"https:\/\/edyceramic-shop.ro\/politica-de-social-media\/#breadcrumb","itemListElement":[{"@type":"ListItem","position":1,"name":"Home","item":"https:\/\/edyceramic-shop.ro\/"},{"@type":"ListItem","position":2,"name":"Politica de Social Media"}]},{"@type":"WebSite","@id":"https:\/\/edyceramic-shop.ro\/ro\/#website","url":"https:\/\/edyceramic-shop.ro\/ro\/","name":"edyceramic.ro","description":"","publisher":{"@id":"https:\/\/edyceramic-shop.ro\/ro\/#organization"},"potentialAction":[{"@type":"SearchAction","target":{"@type":"EntryPoint","urlTemplate":"https:\/\/edyceramic-shop.ro\/ro\/?s={search_term_string}"},"query-input":"required name=search_term_string"}],"inLanguage":"en-US"},{"@type":"Organization","@id":"https:\/\/edyceramic-shop.ro\/ro\/#organization","name":"Edyceramic","url":"https:\/\/edyceramic-shop.ro\/ro\/","logo":{"@type":"ImageObject","inLanguage":"en-US","@id":"https:\/\/edyceramic-shop.ro\/ro\/#\/schema\/logo\/image\/","url":"https:\/\/edyceramic-shop.ro\/wp-content\/uploads\/2024\/02\/Logo-EdyCeramic_2021-lung.png","contentUrl":"https:\/\/edyceramic-shop.ro\/wp-content\/uploads\/2024\/02\/Logo-EdyCeramic_2021-lung.png","width":4491,"height":769,"caption":"Edyceramic"},"image":{"@id":"https:\/\/edyceramic-shop.ro\/ro\/#\/schema\/logo\/image\/"}}]}},"jetpack_sharing_enabled":true,"_links":{"self":[{"href":"https:\/\/edyceramic-shop.ro\/en\/wp-json\/wp\/v2\/pages\/11701","targetHints":{"allow":["GET"]}}],"collection":[{"href":"https:\/\/edyceramic-shop.ro\/en\/wp-json\/wp\/v2\/pages"}],"about":[{"href":"https:\/\/edyceramic-shop.ro\/en\/wp-json\/wp\/v2\/types\/page"}],"author":[{"embeddable":true,"href":"https:\/\/edyceramic-shop.ro\/en\/wp-json\/wp\/v2\/users\/1"}],"replies":[{"embeddable":true,"href":"https:\/\/edyceramic-shop.ro\/en\/wp-json\/wp\/v2\/comments?post=11701"}],"version-history":[{"count":0,"href":"https:\/\/edyceramic-shop.ro\/en\/wp-json\/wp\/v2\/pages\/11701\/revisions"}],"wp:attachment":[{"href":"https:\/\/edyceramic-shop.ro\/en\/wp-json\/wp\/v2\/media?parent=11701"}],"curies":[{"name":"wp","href":"https:\/\/api.w.org\/{rel}","templated":true}]}}